{"id":3417,"date":"2016-08-18T17:53:50","date_gmt":"2016-08-18T17:53:50","guid":{"rendered":"http:\/\/kirchenburgen.org\/en\/?page_id=3417"},"modified":"2026-04-14T10:16:59","modified_gmt":"2026-04-14T10:16:59","slug":"tourism","status":"publish","type":"page","link":"https:\/\/kirchenburgen.org\/en\/activities\/tourism\/","title":{"rendered":"Tourism"},"content":{"rendered":"\n<h4 class=\"wp-block-heading\"><span style=\"color: #333333;\"><strong>The Fortified Churches Foundation invites you to come visit Transylvania!<\/strong><\/span><\/h4>\n\n\n\n<p>The year 2026 brings a diverse program centered around the fortified churches, featuring special events. Enjoy delicious brunches, fairs for local producers, as well as running races between the fortified churches.<\/p>\n\n\n\n<p>Every event has a charitable purpose. Donations will actively support local communities and contribute to the preservation of cultural heritage.<\/p>\n\n\n\n<p>A year full of unique experiences in historic villages \u2013 surrounded by breathtaking landscapes and dedicated people.<\/p>\n\n\n\n<div style=\"height:25px\" aria-hidden=\"true\" class=\"wp-block-spacer\"><\/div>\n\n\n\n<div class=\"wp-block-columns alignfull has-background is-layout-flex wp-container-core-columns-is-layout-9d6595d7 wp-block-columns-is-layout-flex\" style=\"background-color:#ebebeb\">\n<div class=\"wp-block-column is-layout-flow wp-block-column-is-layout-flow\">\n<div class=\"wp-block-columns is-layout-flex wp-container-core-columns-is-layout-9d6595d7 wp-block-columns-is-layout-flex\">\n<div class=\"wp-block-column is-layout-flow wp-block-column-is-layout-flow\">\n<figure class=\"wp-block-image size-full\"><a href=\"https:\/\/kirchenburgen.org\/wp-content\/uploads\/2026\/04\/Afis_Brunches-2026-3.jpeg\"><img loading=\"lazy\" decoding=\"async\" width=\"720\" height=\"1040\" src=\"https:\/\/kirchenburgen.org\/wp-content\/uploads\/2026\/04\/Afis_Brunches-2026-3.jpeg\" alt=\"\" class=\"wp-image-22543\" srcset=\"https:\/\/kirchenburgen.org\/wp-content\/uploads\/2026\/04\/Afis_Brunches-2026-3.jpeg 720w, https:\/\/kirchenburgen.org\/wp-content\/uploads\/2026\/04\/Afis_Brunches-2026-3-208x300.jpeg 208w, https:\/\/kirchenburgen.org\/wp-content\/uploads\/2026\/04\/Afis_Brunches-2026-3-709x1024.jpeg 709w\" sizes=\"auto, (max-width: 720px) 100vw, 720px\" \/><\/a><\/figure>\n<\/div>\n\n\n\n<div class=\"wp-block-column is-layout-flow wp-block-column-is-layout-flow\">\n<h3 class=\"wp-block-heading\">Transylvanian Brunches 2026<\/h3>\n\n\n\n<p>We invite you to discover the charm of our picturesque villages, where fortified churches hold fascinating stories, and local initiatives need your support. Enjoy authentic moments with us and a delicious meal together!<\/p>\n\n\n\n<p><strong>Transylvanian Brunch<\/strong>es is a <strong>charitable event<\/strong> aimed at supporting the efforts of the <strong>Fortified Churches Foundation<\/strong> in preserving and restoring historical monuments.<\/p>\n\n\n\n<p>Reservations can be made <strong>one month in advance<\/strong> at <a href=\"https:\/\/booking.mytransylvania.ro\/\" target=\"_blank\" rel=\"noreferrer noopener\">booking.mytransylvania.ro<\/a>, where all necessary details will be published.<\/p>\n\n\n\n<p style=\"font-size:14px\"><\/p>\n<\/div>\n<\/div>\n<\/div>\n\n\n\n<div class=\"wp-block-column is-layout-flow wp-block-column-is-layout-flow\">\n<div class=\"wp-block-columns is-layout-flex wp-container-core-columns-is-layout-9d6595d7 wp-block-columns-is-layout-flex\">\n<div class=\"wp-block-column is-layout-flow wp-block-column-is-layout-flow\">\n<figure class=\"wp-block-image size-full\"><a href=\"https:\/\/kirchenburgen.org\/wp-content\/uploads\/2026\/04\/Afis_Heritage-Run-2026.jpg-2.jpeg\"><img loading=\"lazy\" decoding=\"async\" width=\"720\" height=\"1040\" src=\"https:\/\/kirchenburgen.org\/wp-content\/uploads\/2026\/04\/Afis_Heritage-Run-2026.jpg-2.jpeg\" alt=\"\" class=\"wp-image-22546\" srcset=\"https:\/\/kirchenburgen.org\/wp-content\/uploads\/2026\/04\/Afis_Heritage-Run-2026.jpg-2.jpeg 720w, https:\/\/kirchenburgen.org\/wp-content\/uploads\/2026\/04\/Afis_Heritage-Run-2026.jpg-2-208x300.jpeg 208w, https:\/\/kirchenburgen.org\/wp-content\/uploads\/2026\/04\/Afis_Heritage-Run-2026.jpg-2-709x1024.jpeg 709w\" sizes=\"auto, (max-width: 720px) 100vw, 720px\" \/><\/a><\/figure>\n<\/div>\n\n\n\n<div class=\"wp-block-column is-layout-flow wp-block-column-is-layout-flow\">\n<h3 class=\"wp-block-heading\">Heritage RUN &#8211; 12.09.2026<\/h3>\n\n\n\n<p>Running competition.<\/p>\n\n\n\n<p>Copsa Mare &#8211; Dupus &#8211; Richis <\/p>\n\n\n\n<p><br>Details will be announced closer to the event.<\/p>\n\n\n\n<p style=\"font-size:14px\"><strong>Registration directly at:<\/strong> <a href=\"https:\/\/www.racehub.ro\/\" target=\"_blank\" rel=\"noreferrer noopener\">www.racehub.ro<\/a><\/p>\n<\/div>\n<\/div>\n<\/div>\n<\/div>\n\n\n\n<div class=\"wp-block-columns alignfull has-background is-layout-flex wp-container-core-columns-is-layout-9d6595d7 wp-block-columns-is-layout-flex\" style=\"background-color:#ebebeb\">\n<div class=\"wp-block-column is-vertically-aligned-center is-layout-flow wp-block-column-is-layout-flow\">\n<div class=\"wp-block-columns is-layout-flex wp-container-core-columns-is-layout-9d6595d7 wp-block-columns-is-layout-flex\">\n<div class=\"wp-block-column is-layout-flow wp-block-column-is-layout-flow\"><\/div>\n<\/div>\n<\/div>\n<\/div>\n\n\n\n<div style=\"height:30px\" aria-hidden=\"true\" class=\"wp-block-spacer\"><\/div>\n\n\n\n<h4 class=\"wp-block-heading\">Previous excursions \/ specialised trips<\/h4>\n\n\n\n<div style=\"height:10px\" aria-hidden=\"true\" class=\"wp-block-spacer\"><\/div>\n\n\n\n<h3 class=\"wp-block-heading\">2019<\/h3>\n\n\n\n<figure class=\"wp-block-gallery has-nested-images columns-3 is-cropped wp-block-gallery-1 is-layout-flex wp-block-gallery-is-layout-flex\">\n<figure class=\"wp-block-image size-large\"><a href=\"https:\/\/kirchenburgen.org\/en\/activities\/tourism\/dsc_3862_klein-2-2\/\"><img loading=\"lazy\" decoding=\"async\" width=\"399\" height=\"299\" data-id=\"11303\" src=\"https:\/\/kirchenburgen.org\/wp-content\/uploads\/2016\/02\/DSC_3862_klein.jpg\" alt=\"\" class=\"wp-image-11303\" srcset=\"https:\/\/kirchenburgen.org\/wp-content\/uploads\/2016\/02\/DSC_3862_klein.jpg 399w, https:\/\/kirchenburgen.org\/wp-content\/uploads\/2016\/02\/DSC_3862_klein-300x225.jpg 300w\" sizes=\"auto, (max-width: 399px) 100vw, 399px\" \/><\/a><figcaption class=\"wp-element-caption\"><a href=\"https:\/\/kirchenburgen.org\/alle-jahre-wieder\/\" data-type=\"post\" data-id=\"9653\">Europa-Uni Viadrina<\/a><\/figcaption><\/figure>\n\n\n\n<figure class=\"wp-block-image size-large\"><a href=\"https:\/\/kirchenburgen.org\/en\/activities\/tourism\/img-20190621-wa0007-2-2\/\"><img loading=\"lazy\" decoding=\"async\" width=\"1024\" height=\"768\" data-id=\"13543\" src=\"https:\/\/kirchenburgen.org\/wp-content\/uploads\/2022\/03\/IMG-20190621-WA0007-1024x768.jpg\" alt=\"\" class=\"wp-image-13543\" srcset=\"https:\/\/kirchenburgen.org\/wp-content\/uploads\/2022\/03\/IMG-20190621-WA0007-1024x768.jpg 1024w, https:\/\/kirchenburgen.org\/wp-content\/uploads\/2022\/03\/IMG-20190621-WA0007-300x225.jpg 300w, https:\/\/kirchenburgen.org\/wp-content\/uploads\/2022\/03\/IMG-20190621-WA0007-1536x1152.jpg 1536w, https:\/\/kirchenburgen.org\/wp-content\/uploads\/2022\/03\/IMG-20190621-WA0007.jpg 1600w\" sizes=\"auto, (max-width: 1024px) 100vw, 1024px\" \/><\/a><figcaption class=\"wp-element-caption\"><a href=\"https:\/\/kirchenburgen.org\/en\/hs-coburg-und-uni-bamberg-auf-kirchenburgen-besuch\/\" data-type=\"post\" data-id=\"10181\">HS Coburg + Uni Bamberg<\/a><\/figcaption><\/figure>\n\n\n\n<figure class=\"wp-block-image size-large\"><a href=\"https:\/\/kirchenburgen.org\/en\/img-20190701-wa0009-2\/\"><img loading=\"lazy\" decoding=\"async\" width=\"1024\" height=\"768\" data-id=\"10390\" src=\"https:\/\/kirchenburgen.org\/wp-content\/uploads\/2019\/07\/IMG-20190701-WA0009-1024x768.jpg\" alt=\"\" class=\"wp-image-10390\" srcset=\"https:\/\/kirchenburgen.org\/wp-content\/uploads\/2019\/07\/IMG-20190701-WA0009-1024x768.jpg 1024w, https:\/\/kirchenburgen.org\/wp-content\/uploads\/2019\/07\/IMG-20190701-WA0009-300x225.jpg 300w, https:\/\/kirchenburgen.org\/wp-content\/uploads\/2019\/07\/IMG-20190701-WA0009.jpg 1920w\" sizes=\"auto, (max-width: 1024px) 100vw, 1024px\" \/><\/a><figcaption class=\"wp-element-caption\"><a href=\"https:\/\/kirchenburgen.org\/schweizer-tourismusstudierende-suchen-nach-marktnischen\/\" data-type=\"post\" data-id=\"10382\">HFT Luzern<\/a><\/figcaption><\/figure>\n<\/figure>\n\n\n\n<div style=\"height:10px\" aria-hidden=\"true\" class=\"wp-block-spacer\"><\/div>\n\n\n\n<h3 class=\"wp-block-heading\">2018<\/h3>\n\n\n\n<figure class=\"wp-block-gallery has-nested-images columns-3 is-cropped wp-block-gallery-2 is-layout-flex wp-block-gallery-is-layout-flex\">\n<figure class=\"wp-block-image size-large\"><a href=\"https:\/\/kirchenburgen.org\/unterwegs-im-schaaser-tal\/\" target=\"_blank\" rel=\"noreferrer noopener\"><img loading=\"lazy\" decoding=\"async\" width=\"1024\" height=\"576\" data-id=\"8195\" src=\"https:\/\/kirchenburgen.org\/wp-content\/uploads\/2016\/02\/37382640_10155800676608412_3171790209444478976_n-e1535542545577-1024x576.jpg\" alt=\"\" class=\"wp-image-8195\" srcset=\"https:\/\/kirchenburgen.org\/wp-content\/uploads\/2016\/02\/37382640_10155800676608412_3171790209444478976_n-e1535542545577-1024x576.jpg 1024w, https:\/\/kirchenburgen.org\/wp-content\/uploads\/2016\/02\/37382640_10155800676608412_3171790209444478976_n-e1535542545577-300x169.jpg 300w, https:\/\/kirchenburgen.org\/wp-content\/uploads\/2016\/02\/37382640_10155800676608412_3171790209444478976_n-e1535542545577.jpg 1600w\" sizes=\"auto, (max-width: 1024px) 100vw, 1024px\" \/><\/a><figcaption class=\"wp-element-caption\"><a href=\"https:\/\/kirchenburgen.org\/unterwegs-im-schaaser-tal\/\" data-type=\"post\" data-id=\"8214\">HFT Luzern<\/a><\/figcaption><\/figure>\n\n\n\n<figure class=\"wp-block-image size-large\"><a href=\"https:\/\/kirchenburgen.org\/studenten-der-konservierung-und-restaurierung-lernen-die-kirchenburgen-kennen\/\" target=\"_blank\" rel=\"noreferrer noopener\"><img loading=\"lazy\" decoding=\"async\" width=\"1024\" height=\"576\" data-id=\"8183\" src=\"https:\/\/kirchenburgen.org\/wp-content\/uploads\/2016\/02\/20180516_091403-1024x576.jpg\" alt=\"\" class=\"wp-image-8183\"\/><\/a><figcaption class=\"wp-element-caption\"><a href=\"https:\/\/kirchenburgen.org\/studenten-der-konservierung-und-restaurierung-lernen-die-kirchenburgen-kennen\/\" data-type=\"post\" data-id=\"7350\">FH Potsdam<\/a><\/figcaption><\/figure>\n\n\n\n<figure class=\"wp-block-image size-large\"><a href=\"https:\/\/kirchenburgen.org\/en\/sonnenschein-sternschnuppen-und-jede-menge-kirchenburgen\/\"><img loading=\"lazy\" decoding=\"async\" width=\"1024\" height=\"576\" data-id=\"8180\" src=\"https:\/\/kirchenburgen.org\/wp-content\/uploads\/2016\/02\/Fachtouristen-in-Trappold-1024x576.jpg\" alt=\"\" class=\"wp-image-8180\" srcset=\"https:\/\/kirchenburgen.org\/wp-content\/uploads\/2016\/02\/Fachtouristen-in-Trappold-1024x576.jpg 1024w, https:\/\/kirchenburgen.org\/wp-content\/uploads\/2016\/02\/Fachtouristen-in-Trappold-300x169.jpg 300w\" sizes=\"auto, (max-width: 1024px) 100vw, 1024px\" \/><\/a><figcaption class=\"wp-element-caption\"><a href=\"https:\/\/kirchenburgen.org\/en\/sonnenschein-sternschnuppen-und-jede-menge-kirchenburgen\/\" data-type=\"post\" data-id=\"6621\">Europa-Uni Viadrina<\/a><\/figcaption><\/figure>\n\n\n\n<figure class=\"wp-block-image size-large\"><a href=\"https:\/\/kirchenburgen.org\/sommerschule-widmete-sich-der-kirchenburg-in-galt\/\"><img loading=\"lazy\" decoding=\"async\" width=\"1024\" height=\"576\" data-id=\"8680\" src=\"https:\/\/kirchenburgen.org\/wp-content\/uploads\/2018\/09\/20180903_133118-1024x576.jpg\" alt=\"\" class=\"wp-image-8680\"\/><\/a><figcaption class=\"wp-element-caption\"><a href=\"https:\/\/kirchenburgen.org\/sommerschule-widmete-sich-der-kirchenburg-in-galt\/\" data-type=\"post\" data-id=\"8673\">FH Bern<\/a><\/figcaption><\/figure>\n\n\n\n<figure class=\"wp-block-image size-large\"><a href=\"https:\/\/kirchenburgen.org\/restauratoren-verschiedener-fachbereiche-auf-kirchenburgenbesuch\/\" target=\"_blank\" rel=\"noreferrer noopener\"><img loading=\"lazy\" decoding=\"async\" width=\"1024\" height=\"576\" data-id=\"8760\" src=\"https:\/\/kirchenburgen.org\/wp-content\/uploads\/2018\/10\/20181010_110257-1024x576.jpg\" alt=\"\" class=\"wp-image-8760\"\/><\/a><figcaption class=\"wp-element-caption\"><a href=\"https:\/\/kirchenburgen.org\/restauratoren-verschiedener-fachbereiche-auf-kirchenburgenbesuch\/\" data-type=\"post\" data-id=\"8738\">Freundeskreis Restauratoren<\/a><\/figcaption><\/figure>\n<\/figure>\n\n\n\n<div style=\"height:10px\" aria-hidden=\"true\" class=\"wp-block-spacer\"><\/div>\n\n\n\n<h3 class=\"wp-block-heading\">2017<\/h3>\n\n\n\n<figure class=\"wp-block-gallery has-nested-images columns-3 is-cropped wp-block-gallery-3 is-layout-flex wp-block-gallery-is-layout-flex\">\n<figure class=\"wp-block-image size-full\"><a href=\"https:\/\/kirchenburgen.org\/wp-content\/uploads\/2023\/03\/2017_04_01-c-Alzen-hs-46-e1491890824332.jpg\"><img loading=\"lazy\" decoding=\"async\" width=\"600\" height=\"401\" data-id=\"17211\" src=\"https:\/\/kirchenburgen.org\/wp-content\/uploads\/2023\/03\/2017_04_01-c-Alzen-hs-46-e1491890824332.jpg\" alt=\"\" class=\"wp-image-17211\" srcset=\"https:\/\/kirchenburgen.org\/wp-content\/uploads\/2023\/03\/2017_04_01-c-Alzen-hs-46-e1491890824332.jpg 600w, https:\/\/kirchenburgen.org\/wp-content\/uploads\/2023\/03\/2017_04_01-c-Alzen-hs-46-e1491890824332-300x201.jpg 300w\" sizes=\"auto, (max-width: 600px) 100vw, 600px\" \/><\/a><figcaption class=\"wp-element-caption\"><a href=\"https:\/\/kirchenburgen.org\/alle-guten-dinge-sind-drei-sonne-siebenbuergen-sek\/\">Europa-Uni Viadrina<\/a><\/figcaption><\/figure>\n\n\n\n<figure class=\"wp-block-image size-full\"><a href=\"https:\/\/kirchenburgen.org\/wp-content\/uploads\/2023\/03\/20170405_123521-e1492064532444.jpg\"><img loading=\"lazy\" decoding=\"async\" width=\"600\" height=\"399\" data-id=\"17222\" src=\"https:\/\/kirchenburgen.org\/wp-content\/uploads\/2023\/03\/20170405_123521-e1492064532444.jpg\" alt=\"\" class=\"wp-image-17222\" srcset=\"https:\/\/kirchenburgen.org\/wp-content\/uploads\/2023\/03\/20170405_123521-e1492064532444.jpg 600w, https:\/\/kirchenburgen.org\/wp-content\/uploads\/2023\/03\/20170405_123521-e1492064532444-300x200.jpg 300w\" sizes=\"auto, (max-width: 600px) 100vw, 600px\" \/><\/a><figcaption class=\"wp-element-caption\"><a href=\"https:\/\/kirchenburgen.org\/angehende-spitzenkraefte-der-bayerischen-staatskanzlei-auf-besuch-in-rumaenien\/\">Bayerische Staatskanzlei<\/a><\/figcaption><\/figure>\n\n\n\n<figure class=\"wp-block-image size-large\"><a href=\"https:\/\/kirchenburgen.org\/wp-content\/uploads\/2023\/03\/IMG_20170307_142400-e1535542679580-1024x576.jpg\"><img loading=\"lazy\" decoding=\"async\" width=\"1024\" height=\"576\" data-id=\"17235\" src=\"https:\/\/kirchenburgen.org\/wp-content\/uploads\/2023\/03\/IMG_20170307_142400-e1535542679580-1024x576.jpg\" alt=\"\" class=\"wp-image-17235\" srcset=\"https:\/\/kirchenburgen.org\/wp-content\/uploads\/2023\/03\/IMG_20170307_142400-e1535542679580-1024x576.jpg 1024w, https:\/\/kirchenburgen.org\/wp-content\/uploads\/2023\/03\/IMG_20170307_142400-e1535542679580-300x169.jpg 300w, https:\/\/kirchenburgen.org\/wp-content\/uploads\/2023\/03\/IMG_20170307_142400-e1535542679580-1110x624.jpg 1110w, https:\/\/kirchenburgen.org\/wp-content\/uploads\/2023\/03\/IMG_20170307_142400-e1535542679580-528x297.jpg 528w, https:\/\/kirchenburgen.org\/wp-content\/uploads\/2023\/03\/IMG_20170307_142400-e1535542679580.jpg 1200w\" sizes=\"auto, (max-width: 1024px) 100vw, 1024px\" \/><\/a><\/figure>\n<\/figure>\n\n\n\n<div style=\"height:10px\" aria-hidden=\"true\" class=\"wp-block-spacer\"><\/div>\n\n\n\n<h3 class=\"wp-block-heading\">2016<\/h3>\n\n\n\n<figure class=\"wp-block-gallery has-nested-images columns-3 is-cropped wp-block-gallery-4 is-layout-flex wp-block-gallery-is-layout-flex\">\n<figure class=\"wp-block-image size-large\"><a href=\"https:\/\/kirchenburgen.org\/en\/15-churches-and-fortified-churches-in-6-day-sek-2016\/\"><img loading=\"lazy\" decoding=\"async\" width=\"1024\" height=\"356\" data-id=\"3886\" src=\"https:\/\/kirchenburgen.org\/wp-content\/uploads\/2016\/11\/2016_04_SEK2016-1024x356.jpg\" alt=\"\" class=\"wp-image-3886\"\/><\/a><figcaption class=\"wp-element-caption\"><a href=\"https:\/\/kirchenburgen.org\/en\/15-churches-and-fortified-churches-in-6-day-sek-2016\/\">Europa-Uni Viadrina<\/a><\/figcaption><\/figure>\n\n\n\n<figure class=\"wp-block-image size-large\"><a href=\"https:\/\/kirchenburgen.org\/en\/siebenbuergen-reich-an-reychmut\/\"><img loading=\"lazy\" decoding=\"async\" width=\"1024\" height=\"571\" data-id=\"6926\" src=\"https:\/\/kirchenburgen.org\/wp-content\/uploads\/2018\/05\/IMG_0528A-e1535542977312-1024x571.jpg\" alt=\"\" class=\"wp-image-6926\" srcset=\"https:\/\/kirchenburgen.org\/wp-content\/uploads\/2018\/05\/IMG_0528A-e1535542977312-1024x571.jpg 1024w, https:\/\/kirchenburgen.org\/wp-content\/uploads\/2018\/05\/IMG_0528A-e1535542977312-300x167.jpg 300w\" sizes=\"auto, (max-width: 1024px) 100vw, 1024px\" \/><\/a><figcaption class=\"wp-element-caption\"><a href=\"https:\/\/kirchenburgen.org\/en\/siebenbuergen-reich-an-reychmut\/\">HAWK Hildesheim<\/a><\/figcaption><\/figure>\n\n\n\n<figure class=\"wp-block-image size-large\"><a href=\"https:\/\/kirchenburgen.org\/von-der-predigt-zur-motivationsrede-in-siebenbuergens-kirchenburgen\/\"><img decoding=\"async\" data-id=\"3382\" src=\"https:\/\/kirchenburgen.org\/wp-content\/uploads\/2016\/08\/IMG_9700-1024x683.jpg\" alt=\"\" class=\"wp-image-3382\"\/><\/a><figcaption class=\"wp-element-caption\"><a href=\"https:\/\/kirchenburgen.org\/von-der-predigt-zur-motivationsrede-in-siebenbuergens-kirchenburgen\/\">Casa Paleologu, Bukarest<\/a><\/figcaption><\/figure>\n\n\n\n<figure class=\"wp-block-image size-large\"><a href=\"https:\/\/kirchenburgen.org\/mittendrin-eine-gruppe-der-evangelischen-kirche-in-mitteldeutschland-bereist-siebenbuergen\/\"><img decoding=\"async\" data-id=\"3530\" src=\"https:\/\/kirchenburgen.org\/wp-content\/uploads\/2016\/10\/Reichesdorf-1024x576.jpg\" alt=\"\" class=\"wp-image-3530\"\/><\/a><figcaption class=\"wp-element-caption\"><a href=\"https:\/\/kirchenburgen.org\/mittendrin-eine-gruppe-der-evangelischen-kirche-in-mitteldeutschland-bereist-siebenbuergen\/\">EKM (Evang. Kirche Mitteldeutschland)<\/a><\/figcaption><\/figure>\n\n\n\n<figure class=\"wp-block-image size-large\"><a href=\"https:\/\/kirchenburgen.org\/en\/architekturstudentinnen-im-bann-der-kirchenburgen\/\"><img decoding=\"async\" data-id=\"3858\" src=\"https:\/\/kirchenburgen.org\/wp-content\/uploads\/2016\/11\/2016_11_Exkursion_IonMincu-1-1024x683.jpg\" alt=\"\" class=\"wp-image-3858\"\/><\/a><figcaption class=\"wp-element-caption\"><a href=\"https:\/\/kirchenburgen.org\/en\/architekturstudentinnen-im-bann-der-kirchenburgen\/\">Ion-Mincu-Universit\u00e4t Hermannstadt<\/a><\/figcaption><\/figure>\n<\/figure>\n\n\n\n<div style=\"height:30px\" aria-hidden=\"true\" class=\"wp-block-spacer\"><\/div>\n\n\n\n<h3 class=\"wp-block-heading\">Studienreisen<\/h3>\n\n\n\n<p>F\u00fcr Reisegruppen, die sich in Siebenb\u00fcrgen aufhalten, bieten wir seit einigen Jahren Fachvortr\u00e4ge in den R\u00e4umlichkeiten des Bischofspalais am Gro\u00dfen Ring in Hermannstadt, sowie an ausgew\u00e4hlten Orten an.<\/p>\n\n\n\n<p>Die Inhalte passen wir individuell an die W\u00fcnsche der jeweiligen Reisegruppe an und erm\u00f6glichen dabei Einblicke in die Arbeit der Stiftung Kirchenburgen, einen \u00dcberblick der aktuellen Situation im Bereich der Denkmalpflege, sowie einen Gesamtblick auf die Chancen und Herausforderungen des Kulturguterhalts.<\/p>\n\n\n\n<p>Das Angebot richtet sich besonders an Reiseveranstalter, die einen Besuch bei der Stiftung Kirchenburgen als Programmpunkt aufnehmen m\u00f6chten.<\/p>\n\n\n\n<p>Die Mitarbeiter des Stiftungsb\u00fcros stehen jederzeit gerne mit Rat und Tat zur Verf\u00fcgung.&nbsp;<a href=\"mailto:office@kirchenburgen.org\">office@kirchenburgen.org<\/a><\/p>\n","protected":false},"excerpt":{"rendered":"<p>The Fortified Churches Foundation invites you to come visit Transylvania! The year 2026 brings a diverse program centered around the fortified churches, featuring special events. Enjoy delicious brunches, fairs for local producers, as well as running races between the fortified churches. Every event has a charitable purpose. Donations will actively support local communities and contribute [&hellip;]<\/p>\n","protected":false},"author":2,"featured_media":0,"parent":427,"menu_order":0,"comment_status":"closed","ping_status":"closed","template":"","meta":{"_acf_changed":false,"footnotes":""},"class_list":["post-3417","page","type-page","status-publish","czr-hentry"],"acf":[],"_links":{"self":[{"href":"https:\/\/kirchenburgen.org\/en\/wp-json\/wp\/v2\/pages\/3417","targetHints":{"allow":["GET"]}}],"collection":[{"href":"https:\/\/kirchenburgen.org\/en\/wp-json\/wp\/v2\/pages"}],"about":[{"href":"https:\/\/kirchenburgen.org\/en\/wp-json\/wp\/v2\/types\/page"}],"author":[{"embeddable":true,"href":"https:\/\/kirchenburgen.org\/en\/wp-json\/wp\/v2\/users\/2"}],"replies":[{"embeddable":true,"href":"https:\/\/kirchenburgen.org\/en\/wp-json\/wp\/v2\/comments?post=3417"}],"version-history":[{"count":86,"href":"https:\/\/kirchenburgen.org\/en\/wp-json\/wp\/v2\/pages\/3417\/revisions"}],"predecessor-version":[{"id":22566,"href":"https:\/\/kirchenburgen.org\/en\/wp-json\/wp\/v2\/pages\/3417\/revisions\/22566"}],"up":[{"embeddable":true,"href":"https:\/\/kirchenburgen.org\/en\/wp-json\/wp\/v2\/pages\/427"}],"wp:attachment":[{"href":"https:\/\/kirchenburgen.org\/en\/wp-json\/wp\/v2\/media?parent=3417"}],"curies":[{"name":"wp","href":"https:\/\/api.w.org\/{rel}","templated":true}]}}