{"id":10065,"date":"2019-06-04T11:50:37","date_gmt":"2019-06-04T11:50:37","guid":{"rendered":"https:\/\/kirchenburgen.org\/activitati\/proiecte\/hands-on-conservation-ii\/"},"modified":"2019-07-02T06:44:20","modified_gmt":"2019-07-02T06:44:20","slug":"hands-on-conservation-ii","status":"publish","type":"page","link":"https:\/\/kirchenburgen.org\/ro\/activitati\/conservare-si-restaurare\/program-acoperisuri\/hands-on-conservation-ii\/","title":{"rendered":"HANDS ON CONSERVATION II"},"content":{"rendered":"<h3>HANDS ON CONSERVATION II<\/h3>\n<p>Fundatia Biserici Fortificate a demarat proiectul HANDS ON CONSERVATION II \u2013 atelier de dulgherie tradi\u021bional\u0103, co-finan\u021bat de Ordinul Arhitec\u021bilor Rom\u00e2nia \u0219i Funda\u021bia Prin\u021bului de Wales. Partener \u00een proiect este Asocia\u021bia P.A.T.R.U.<\/p>\n<p>HANDS ON CONSERVATION II este un atelier de me\u0219te\u0219uguri tradi\u021bionale (dulgherie tradi\u021bional\u0103), prin care ne propunem s\u0103 transfer\u0103m participan\u021bilor abilit\u0103\u021bi \u00een me\u0219te\u0219ugurile tradi\u021bionale utilizate \u00een lucr\u0103rile de conservare \/ restaurare, av\u00e2nd ca studiu de caz biserica fortificat\u0103 din satul <a href=\"https:\/\/kirchenburgen.org\/ro\/location\/magarei-pelisor\/\">Peli\u0219or<\/a>, jude\u021bul Sibiu.<\/p>\n<p>\u00cencep\u00e2nd din data de 01.06.2019 am deschis \u00eenscrierile.<\/p>\n<ul>\n<li><a href=\"https:\/\/kirchenburgen.org\/wp-content\/uploads\/2019\/06\/Detalii-atelier.pdf\" rel=\"\">Detalii workshop<\/a><\/li>\n<li><a href=\"https:\/\/kirchenburgen.org\/wp-content\/uploads\/2019\/06\/Formular-inscriere_1.docx\" rel=\"\">Formular \u00eenscriere<\/a><\/li>\n<\/ul>\n<p><a href=\"https:\/\/kirchenburgen.org\/wp-content\/uploads\/2019\/06\/Plakat_3.png\" rel=\"attachment wp-att-10363\"><img loading=\"lazy\" decoding=\"async\" class=\"aligncenter wp-image-10363 size-full\" src=\"https:\/\/kirchenburgen.org\/wp-content\/uploads\/2019\/06\/Plakat_3.png\" alt=\"HANDS ON CONSERVATION II\" width=\"559\" height=\"787\" srcset=\"https:\/\/kirchenburgen.org\/wp-content\/uploads\/2019\/06\/Plakat_3.png 559w, https:\/\/kirchenburgen.org\/wp-content\/uploads\/2019\/06\/Plakat_3-213x300.png 213w\" sizes=\"auto, (max-width: 559px) 100vw, 559px\" \/><\/a><\/p>\n<p>&nbsp;<\/p>\n<p>&nbsp;<\/p>\n","protected":false},"excerpt":{"rendered":"<p>HANDS ON CONSERVATION II Fundatia Biserici Fortificate a demarat proiectul HANDS ON CONSERVATION II \u2013 atelier de dulgherie tradi\u021bional\u0103, co-finan\u021bat de Ordinul Arhitec\u021bilor Rom\u00e2nia \u0219i Funda\u021bia Prin\u021bului de Wales. Partener \u00een proiect este Asocia\u021bia P.A.T.R.U. HANDS ON CONSERVATION II este un atelier de me\u0219te\u0219uguri tradi\u021bionale (dulgherie tradi\u021bional\u0103), prin care ne propunem s\u0103 transfer\u0103m participan\u021bilor abilit\u0103\u021bi [&hellip;]<\/p>\n","protected":false},"author":5,"featured_media":0,"parent":4318,"menu_order":0,"comment_status":"closed","ping_status":"closed","template":"","meta":{"_acf_changed":false,"footnotes":""},"class_list":["post-10065","page","type-page","status-publish","czr-hentry"],"acf":[],"_links":{"self":[{"href":"https:\/\/kirchenburgen.org\/ro\/wp-json\/wp\/v2\/pages\/10065","targetHints":{"allow":["GET"]}}],"collection":[{"href":"https:\/\/kirchenburgen.org\/ro\/wp-json\/wp\/v2\/pages"}],"about":[{"href":"https:\/\/kirchenburgen.org\/ro\/wp-json\/wp\/v2\/types\/page"}],"author":[{"embeddable":true,"href":"https:\/\/kirchenburgen.org\/ro\/wp-json\/wp\/v2\/users\/5"}],"replies":[{"embeddable":true,"href":"https:\/\/kirchenburgen.org\/ro\/wp-json\/wp\/v2\/comments?post=10065"}],"version-history":[{"count":6,"href":"https:\/\/kirchenburgen.org\/ro\/wp-json\/wp\/v2\/pages\/10065\/revisions"}],"predecessor-version":[{"id":10366,"href":"https:\/\/kirchenburgen.org\/ro\/wp-json\/wp\/v2\/pages\/10065\/revisions\/10366"}],"up":[{"embeddable":true,"href":"https:\/\/kirchenburgen.org\/ro\/wp-json\/wp\/v2\/pages\/4318"}],"wp:attachment":[{"href":"https:\/\/kirchenburgen.org\/ro\/wp-json\/wp\/v2\/media?parent=10065"}],"curies":[{"name":"wp","href":"https:\/\/api.w.org\/{rel}","templated":true}]}}