{"id":13464,"date":"2022-03-03T11:22:26","date_gmt":"2022-03-03T11:22:26","guid":{"rendered":"https:\/\/kirchenburgen.org\/notfonds\/"},"modified":"2025-01-22T07:56:38","modified_gmt":"2025-01-22T07:56:38","slug":"fondul-de-urgena","status":"publish","type":"page","link":"https:\/\/kirchenburgen.org\/ro\/activitati\/conservare-si-restaurare\/fondul-de-urgena\/","title":{"rendered":"Programul de urgen\u021b\u0103"},"content":{"rendered":"\n<p><\/p>\n\n\n\n<p>Programul nostru de urgen\u021b\u0103 are ca scop remedierea celor mai urgente deterior\u0103ri ale bisericilor fortificate. Acesta include:<\/p>\n\n\n\n<ul class=\"wp-block-list\">\n<li><strong>Repararea \u0219i stabilizarea zidurilor<\/strong>: Asigurarea integrit\u0103\u021bii structurale prin utilizarea tehnicilor tradi\u021bionale.<\/li>\n\n\n\n<li><strong>Restaurarea zonelor deteriorate<\/strong>: Utilizarea materialelor autentice pentru a p\u0103stra aspectul istoric.<\/li>\n\n\n\n<li><strong>M\u0103suri preventive<\/strong>: Protejarea zidurilor \u0219i acoperi\u0219urilor \u00eempotriva deterior\u0103rilor viitoare cauzate de intemperii \u0219i al\u021bi factori externi.<\/li>\n<\/ul>\n\n\n\n<h2 class=\"wp-block-heading\"><strong>Cum ne pute\u021bi ajuta?<\/strong><\/h2>\n\n\n\n<p>Sprijinul dumneavoastr\u0103 poate lua diverse forme:<\/p>\n\n\n\n<p><strong>Dona\u021bii<\/strong>: Fiecare contribu\u021bie conteaz\u0103! Cu ajutorul dona\u021biei dumneavoastr\u0103, putem achizi\u021biona materialele necesare \u0219i angaja me\u0219te\u0219ugari califica\u021bi.<\/p>\n\n\n\n<p><strong>Voluntariat<\/strong>: Implica\u021bi-v\u0103 cu abilit\u0103\u021bile dumneavoastr\u0103 \u0219i sprijini\u021bi activit\u0103\u021bile noastre la fa\u021ba locului.<\/p>\n\n\n\n<p><strong>Promovare<\/strong>: Povesti\u021bi prietenilor, familiei \u0219i cunoscu\u021bilor despre proiectul nostru. Cu c\u00e2t mai multe persoane afl\u0103 despre misiunea noastr\u0103, cu at\u00e2t mai mari sunt \u0219ansele de a primi sprijinul necesar.<\/p>\n\n\n\n<h2 class=\"wp-block-heading\"><strong>\u00cempreun\u0103 pentru p\u0103strarea istoriei noastre<\/strong><\/h2>\n\n\n\n<p>Biserica fortificat\u0103 nu este doar un monument al trecutului, ci \u0219i o parte important\u0103 a identit\u0103\u021bii noastre culturale. Cu ajutorul dumneavoastr\u0103, putem conserva aceast\u0103 mo\u0219tenire valoroas\u0103 pentru genera\u021biile viitoare. Haide\u021bi s\u0103 consolid\u0103m \u00eempreun\u0103 zidurile bisericii \u0219i s\u0103 p\u0103str\u0103m vie povestea lor.<\/p>\n\n\n\n<h2 class=\"wp-block-heading\">Contact<\/h2>\n\n\n\n<p>Pentru mai multe informa\u021bii despre desf\u0103\u0219urarea programului, accesa\u021bi <a href=\"https:\/\/kirchenburgen.org\/ro\/implicare\/donatii\/\" data-type=\"link\" data-id=\"https:\/\/kirchenburgen.org\/ro\/implicare\/donatii\/\">linkul<\/a>.<\/p>\n\n\n\n<p>Pentru informa\u021bii suplimentare \u0219i pentru a sprijini programul nostru de urgen\u021b\u0103, v\u0103 rug\u0103m s\u0103 ne contacta\u021bi la: office@kirchenburgen.org<\/p>\n\n\n\n<h2 class=\"wp-block-heading\">Dona\u021bii Rom\u00e2nia:<\/h2>\n\n\n\n<p>Cont \u00een valuta Euro<\/p>\n\n\n\n<p>Titularul contului: Fundatia Biserici Fortificate<\/p>\n\n\n\n<p>IBAN: RO 49 BTRL EURC RT03 1735 8401<\/p>\n\n\n\n<p>BIC: BTRL RO22<\/p>\n\n\n\n<p>V\u0103 mul\u021bumim pentru sprijinul \u0219i implicarea dumneavoastr\u0103!<\/p>\n\n\n\n<p>Echipa Funda\u021biei Biserici Fortificate<\/p>\n\n\n\n<div style=\"height:20px\" aria-hidden=\"true\" class=\"wp-block-spacer\"><\/div>\n\n\n\n<h3 class=\"wp-block-heading\">Lista de proiecte din cadrul Programului de urgen\u021b\u0103 2016 \u2013 2024<\/h3>\n\n\n\n<div style=\"height:20px\" aria-hidden=\"true\" class=\"wp-block-spacer\"><\/div>\n\n\n\n<figure class=\"wp-block-gallery has-nested-images columns-default is-cropped wp-block-gallery-1 is-layout-flex wp-block-gallery-is-layout-flex\">\n<figure class=\"wp-block-image size-large\"><a href=\"https:\/\/kirchenburgen.org\/ro\/location\/grossschenk-cincu\/\"><img loading=\"lazy\" decoding=\"async\" width=\"1024\" height=\"768\" data-id=\"12162\" src=\"https:\/\/kirchenburgen.org\/wp-content\/uploads\/2020\/12\/01-Gro\u00dfschenk-Dach-S\u00fcd-vor-1024x768.jpg\" alt=\"\" class=\"wp-image-12162\" srcset=\"https:\/\/kirchenburgen.org\/wp-content\/uploads\/2020\/12\/01-Gro\u00dfschenk-Dach-S\u00fcd-vor-1024x768.jpg 1024w, https:\/\/kirchenburgen.org\/wp-content\/uploads\/2020\/12\/01-Gro\u00dfschenk-Dach-S\u00fcd-vor-300x225.jpg 300w\" sizes=\"auto, (max-width: 1024px) 100vw, 1024px\" \/><\/a><figcaption class=\"wp-element-caption\"><a href=\"https:\/\/kirchenburgen.org\/ro\/location\/grossschenk-cincu\/\">Cincu \/ Gro\u00dfschenk<\/a><\/figcaption><\/figure>\n\n\n\n<figure class=\"wp-block-image size-medium\"><a href=\"https:\/\/kirchenburgen.org\/ro\/location\/toarcla-tarteln-kisprazsmar\/\"><img loading=\"lazy\" decoding=\"async\" width=\"300\" height=\"199\" data-id=\"13275\" src=\"https:\/\/kirchenburgen.org\/wp-content\/uploads\/2022\/01\/tarteln1_aussen1_klein-300x199.jpg\" alt=\"\" class=\"wp-image-13275\" srcset=\"https:\/\/kirchenburgen.org\/wp-content\/uploads\/2022\/01\/tarteln1_aussen1_klein-300x199.jpg 300w, https:\/\/kirchenburgen.org\/wp-content\/uploads\/2022\/01\/tarteln1_aussen1_klein.jpg 752w\" sizes=\"auto, (max-width: 300px) 100vw, 300px\" \/><\/a><figcaption class=\"wp-element-caption\"><a href=\"https:\/\/kirchenburgen.org\/ro\/location\/toarcla-tarteln-kisprazsmar\/\">Toarcla \/ Tarteln<\/a><\/figcaption><\/figure>\n\n\n\n<figure class=\"wp-block-image size-medium\"><a href=\"https:\/\/kirchenburgen.org\/ro\/location\/denndorf-daia\/\"><img loading=\"lazy\" decoding=\"async\" width=\"300\" height=\"225\" data-id=\"679\" src=\"https:\/\/kirchenburgen.org\/wp-content\/uploads\/2016\/03\/Denndorf-Kopie-300x225.jpg\" alt=\"\" class=\"wp-image-679\" srcset=\"https:\/\/kirchenburgen.org\/wp-content\/uploads\/2016\/03\/Denndorf-Kopie-300x225.jpg 300w, https:\/\/kirchenburgen.org\/wp-content\/uploads\/2016\/03\/Denndorf-Kopie.jpg 870w\" sizes=\"auto, (max-width: 300px) 100vw, 300px\" \/><\/a><figcaption class=\"wp-element-caption\"><a href=\"https:\/\/kirchenburgen.org\/ro\/location\/denndorf-daia\/\">Daia \/ Demmdorf<\/a><\/figcaption><\/figure>\n\n\n\n<figure class=\"wp-block-image size-medium\"><a href=\"https:\/\/kirchenburgen.org\/ro\/location\/galt-ungra-ugra\/\"><img loading=\"lazy\" decoding=\"async\" width=\"300\" height=\"200\" data-id=\"12821\" src=\"https:\/\/kirchenburgen.org\/wp-content\/uploads\/2021\/11\/galt2018_torturm4_klein-300x200.jpg\" alt=\"\" class=\"wp-image-12821\" srcset=\"https:\/\/kirchenburgen.org\/wp-content\/uploads\/2021\/11\/galt2018_torturm4_klein-300x200.jpg 300w, https:\/\/kirchenburgen.org\/wp-content\/uploads\/2021\/11\/galt2018_torturm4_klein.jpg 900w\" sizes=\"auto, (max-width: 300px) 100vw, 300px\" \/><\/a><figcaption class=\"wp-element-caption\"><a href=\"https:\/\/kirchenburgen.org\/ro\/location\/galt-ungra-ugra\/\">Ungra \/ Galt<\/a><\/figcaption><\/figure>\n\n\n\n<figure class=\"wp-block-image size-large\"><a href=\"https:\/\/kirchenburgen.org\/ro\/location\/magherus-maniersch-magyaros\/\"><img loading=\"lazy\" decoding=\"async\" width=\"1024\" height=\"682\" data-id=\"15497\" src=\"https:\/\/kirchenburgen.org\/wp-content\/uploads\/2022\/05\/maniersch1_torturm_klein-1024x682.jpg\" alt=\"\" class=\"wp-image-15497\" srcset=\"https:\/\/kirchenburgen.org\/wp-content\/uploads\/2022\/05\/maniersch1_torturm_klein-1024x682.jpg 1024w, https:\/\/kirchenburgen.org\/wp-content\/uploads\/2022\/05\/maniersch1_torturm_klein-300x200.jpg 300w, https:\/\/kirchenburgen.org\/wp-content\/uploads\/2022\/05\/maniersch1_torturm_klein.jpg 1200w\" sizes=\"auto, (max-width: 1024px) 100vw, 1024px\" \/><\/a><figcaption class=\"wp-element-caption\"><a href=\"https:\/\/kirchenburgen.org\/ro\/location\/magherus-maniersch-magyaros\/\">Magheru\u0219 \/ Maniersch<\/a><\/figcaption><\/figure>\n\n\n\n<figure class=\"wp-block-image size-large\"><a href=\"https:\/\/kirchenburgen.org\/ro\/location\/grosskopisch-copsa-mare\/\"><img loading=\"lazy\" decoding=\"async\" width=\"364\" height=\"336\" data-id=\"10474\" src=\"https:\/\/kirchenburgen.org\/wp-content\/uploads\/2019\/07\/grosskopisch2017_aussen_komprimiert.jpg\" alt=\"\" class=\"wp-image-10474\" srcset=\"https:\/\/kirchenburgen.org\/wp-content\/uploads\/2019\/07\/grosskopisch2017_aussen_komprimiert.jpg 364w, https:\/\/kirchenburgen.org\/wp-content\/uploads\/2019\/07\/grosskopisch2017_aussen_komprimiert-300x277.jpg 300w, https:\/\/kirchenburgen.org\/wp-content\/uploads\/2019\/07\/grosskopisch2017_aussen_komprimiert-270x250.jpg 270w\" sizes=\"auto, (max-width: 364px) 100vw, 364px\" \/><\/a><figcaption class=\"wp-element-caption\"><a href=\"https:\/\/kirchenburgen.org\/ro\/location\/grosskopisch-copsa-mare\/\">Cop\u0219a Mare \/ Gro\u00dfkopisch <\/a> <\/figcaption><\/figure>\n\n\n\n<figure class=\"wp-block-image size-large\"><a href=\"https:\/\/kirchenburgen.org\/ro\/location\/braller-bruiu\/\"><img loading=\"lazy\" decoding=\"async\" width=\"770\" height=\"513\" data-id=\"1376\" src=\"https:\/\/kirchenburgen.org\/wp-content\/uploads\/2016\/05\/Bruiu_S.Jammer010.jpg\" alt=\"\" class=\"wp-image-1376\" srcset=\"https:\/\/kirchenburgen.org\/wp-content\/uploads\/2016\/05\/Bruiu_S.Jammer010.jpg 770w, https:\/\/kirchenburgen.org\/wp-content\/uploads\/2016\/05\/Bruiu_S.Jammer010-300x200.jpg 300w\" sizes=\"auto, (max-width: 770px) 100vw, 770px\" \/><\/a><figcaption class=\"wp-element-caption\"><a href=\"https:\/\/kirchenburgen.org\/ro\/location\/braller-bruiu\/\">Bruiu \/ Braller<\/a><\/figcaption><\/figure>\n\n\n\n<figure class=\"wp-block-image size-large\"><a href=\"https:\/\/kirchenburgen.org\/ro\/location\/roandola-rauthal-rudaly\/\"><img loading=\"lazy\" decoding=\"async\" width=\"1024\" height=\"683\" data-id=\"13110\" src=\"https:\/\/kirchenburgen.org\/wp-content\/uploads\/2022\/01\/rauthal2017_aussen3_klein-1024x683.jpg\" alt=\"\" class=\"wp-image-13110\" srcset=\"https:\/\/kirchenburgen.org\/wp-content\/uploads\/2022\/01\/rauthal2017_aussen3_klein-1024x683.jpg 1024w, https:\/\/kirchenburgen.org\/wp-content\/uploads\/2022\/01\/rauthal2017_aussen3_klein-300x200.jpg 300w, https:\/\/kirchenburgen.org\/wp-content\/uploads\/2022\/01\/rauthal2017_aussen3_klein.jpg 1500w\" sizes=\"auto, (max-width: 1024px) 100vw, 1024px\" \/><\/a><figcaption class=\"wp-element-caption\"><a href=\"https:\/\/kirchenburgen.org\/ro\/location\/roandola-rauthal-rudaly\/\">Roandola \/ Rautha<\/a>l<\/figcaption><\/figure>\n<\/figure>\n","protected":false},"excerpt":{"rendered":"<p>Programul nostru de urgen\u021b\u0103 are ca scop remedierea celor mai urgente deterior\u0103ri ale bisericilor fortificate. Acesta include: Cum ne pute\u021bi ajuta? Sprijinul dumneavoastr\u0103 poate lua diverse forme: Dona\u021bii: Fiecare contribu\u021bie conteaz\u0103! Cu ajutorul dona\u021biei dumneavoastr\u0103, putem achizi\u021biona materialele necesare \u0219i angaja me\u0219te\u0219ugari califica\u021bi. Voluntariat: Implica\u021bi-v\u0103 cu abilit\u0103\u021bile dumneavoastr\u0103 \u0219i sprijini\u021bi activit\u0103\u021bile noastre la fa\u021ba locului. [&hellip;]<\/p>\n","protected":false},"author":5,"featured_media":0,"parent":1860,"menu_order":7,"comment_status":"closed","ping_status":"closed","template":"","meta":{"_acf_changed":false,"footnotes":""},"class_list":["post-13464","page","type-page","status-publish","czr-hentry"],"acf":[],"_links":{"self":[{"href":"https:\/\/kirchenburgen.org\/ro\/wp-json\/wp\/v2\/pages\/13464","targetHints":{"allow":["GET"]}}],"collection":[{"href":"https:\/\/kirchenburgen.org\/ro\/wp-json\/wp\/v2\/pages"}],"about":[{"href":"https:\/\/kirchenburgen.org\/ro\/wp-json\/wp\/v2\/types\/page"}],"author":[{"embeddable":true,"href":"https:\/\/kirchenburgen.org\/ro\/wp-json\/wp\/v2\/users\/5"}],"replies":[{"embeddable":true,"href":"https:\/\/kirchenburgen.org\/ro\/wp-json\/wp\/v2\/comments?post=13464"}],"version-history":[{"count":14,"href":"https:\/\/kirchenburgen.org\/ro\/wp-json\/wp\/v2\/pages\/13464\/revisions"}],"predecessor-version":[{"id":20213,"href":"https:\/\/kirchenburgen.org\/ro\/wp-json\/wp\/v2\/pages\/13464\/revisions\/20213"}],"up":[{"embeddable":true,"href":"https:\/\/kirchenburgen.org\/ro\/wp-json\/wp\/v2\/pages\/1860"}],"wp:attachment":[{"href":"https:\/\/kirchenburgen.org\/ro\/wp-json\/wp\/v2\/media?parent=13464"}],"curies":[{"name":"wp","href":"https:\/\/api.w.org\/{rel}","templated":true}]}}