{"id":1388,"date":"2016-05-25T19:30:45","date_gmt":"2016-05-25T19:30:45","guid":{"rendered":"http:\/\/kirchenburgen.org\/ro\/?page_id=1388"},"modified":"2023-03-21T12:03:42","modified_gmt":"2023-03-21T12:03:42","slug":"activitati","status":"publish","type":"page","link":"https:\/\/kirchenburgen.org\/ro\/activitati\/","title":{"rendered":"Activit\u0103\u0163i"},"content":{"rendered":"\n<figure class=\"wp-block-image size-large\"><img loading=\"lazy\" decoding=\"async\" width=\"825\" height=\"465\" src=\"https:\/\/kirchenburgen.org\/wp-content\/uploads\/2022\/05\/DSC_1502-1.jpg\" alt=\"\" class=\"wp-image-15020\" srcset=\"https:\/\/kirchenburgen.org\/wp-content\/uploads\/2022\/05\/DSC_1502-1.jpg 825w, https:\/\/kirchenburgen.org\/wp-content\/uploads\/2022\/05\/DSC_1502-1-300x169.jpg 300w, https:\/\/kirchenburgen.org\/wp-content\/uploads\/2022\/05\/DSC_1502-1-528x297.jpg 528w\" sizes=\"auto, (max-width: 825px) 100vw, 825px\" \/><\/figure>\n\n\n\n<div style=\"height:15px\" aria-hidden=\"true\" class=\"wp-block-spacer\"><\/div>\n\n\n\n<p>Activit\u0103\u021bile Funda\u021biei Biserici Fortificate sunt multiple \u0219i dep\u0103\u0219esc cu mult m\u0103surile clasice de conservare a cl\u0103dirilor \u0219i monumentelor. Ca parte a <a href=\"https:\/\/kirchenburgen.org\/ro\/activitati\/conservare-si-restaurare\/program-acoperisuri\/\">programului nostru de acoperi\u0219uri<\/a>, desf\u0103\u0219ur\u0103m lucr\u0103ri importante la bisericile fortificate. Aceste m\u0103suri au ca scop salvarea cl\u0103dirilor de la o degradare ulterioar\u0103.<\/p>\n\n\n\n<p>Proiectele noastre de construc\u021bii \u0219i consultan\u021b\u0103 pot include at\u00e2t interven\u021bii mici, c\u00e2t \u0219i <a href=\"https:\/\/kirchenburgen.org\/ro\/activitati\/conservare-si-restaurare\/\">m\u0103suri de restaurare<\/a> mai ample.\u00a0Acestea\u00a0sunt realizate cu sprijinul dona\u021biilor \u0219i al fondurilor externe.<\/p>\n\n\n\n<p><a href=\"\/ro\/activitati\/educaie\/#workshops\">Atelierele<\/a> organizate de Funda\u021bia Biserici Fortificate instruiesc participan\u021bii \u00een tehnici me\u0219te\u0219ug\u0103re\u0219ti tradi\u021bionale \u0219i se adreseaz\u0103 persoanelor sensibile la valoarea cultural\u0103 \u0219i arhitectural\u0103 a bisericilor fortificate \u0219i care doresc s\u0103 \u00ee\u0219i aprofundeze\u00a0cuno\u0219tin\u021bele\u00a0\u00een subiecte legate de conservarea monumentelor istorice.<\/p>\n\n\n\n<p>Prin intermediul programului nostru de <a href=\"https:\/\/kirchenburgen.org\/ro\/activitati\/turism\/\">turism specializat<\/a>, oferim posibilitatea de a experimenta la fa\u021ba locului conservarea peisajului bisericilor fortificate. Invit\u0103m institu\u021bii de \u00eenv\u0103\u021b\u0103m\u00e2nt \u0219i exper\u021bi din \u021bar\u0103 \u0219i din str\u0103in\u0103tate s\u0103 abordeze bisericile fortificate \u00een cadrul unei excursii de specialitate, promov\u00e2nd astfel schimbul de cuno\u0219tin\u021be de care beneficiaz\u0103 to\u021bi participan\u021bii. Consider\u0103m <a href=\"https:\/\/kirchenburgen.org\/ro\/activitati\/educaie\/\">activitatea educa\u021bional\u0103<\/a> un domeniu important al activit\u0103\u021bilor noastre, pe care \u00eel abord\u0103m prin organizarea de seminarii, evenimente, ateliere de lucru, dar \u0219i prin produc\u021bia de <a href=\"https:\/\/kirchenburgen.org\/ro\/biserici-fortificate\/informatii-suveniruri\/\">materiale informative.<\/a> Punem \u00een aplicare aceste ini\u021biative educa\u021bionale \u00eempreun\u0103 cu parteneri din regiune.<\/p>\n","protected":false},"excerpt":{"rendered":"<p>Activit\u0103\u021bile Funda\u021biei Biserici Fortificate sunt multiple \u0219i dep\u0103\u0219esc cu mult m\u0103surile clasice de conservare a cl\u0103dirilor \u0219i monumentelor. Ca parte a programului nostru de acoperi\u0219uri, desf\u0103\u0219ur\u0103m lucr\u0103ri importante la bisericile fortificate. Aceste m\u0103suri au ca scop salvarea cl\u0103dirilor de la o degradare ulterioar\u0103. Proiectele noastre de construc\u021bii \u0219i consultan\u021b\u0103 pot include at\u00e2t interven\u021bii mici, c\u00e2t [&hellip;]<\/p>\n","protected":false},"author":2,"featured_media":0,"parent":0,"menu_order":0,"comment_status":"closed","ping_status":"closed","template":"","meta":{"_acf_changed":false,"footnotes":""},"class_list":["post-1388","page","type-page","status-publish","czr-hentry"],"acf":[],"_links":{"self":[{"href":"https:\/\/kirchenburgen.org\/ro\/wp-json\/wp\/v2\/pages\/1388","targetHints":{"allow":["GET"]}}],"collection":[{"href":"https:\/\/kirchenburgen.org\/ro\/wp-json\/wp\/v2\/pages"}],"about":[{"href":"https:\/\/kirchenburgen.org\/ro\/wp-json\/wp\/v2\/types\/page"}],"author":[{"embeddable":true,"href":"https:\/\/kirchenburgen.org\/ro\/wp-json\/wp\/v2\/users\/2"}],"replies":[{"embeddable":true,"href":"https:\/\/kirchenburgen.org\/ro\/wp-json\/wp\/v2\/comments?post=1388"}],"version-history":[{"count":15,"href":"https:\/\/kirchenburgen.org\/ro\/wp-json\/wp\/v2\/pages\/1388\/revisions"}],"predecessor-version":[{"id":17625,"href":"https:\/\/kirchenburgen.org\/ro\/wp-json\/wp\/v2\/pages\/1388\/revisions\/17625"}],"wp:attachment":[{"href":"https:\/\/kirchenburgen.org\/ro\/wp-json\/wp\/v2\/media?parent=1388"}],"curies":[{"name":"wp","href":"https:\/\/api.w.org\/{rel}","templated":true}]}}