{"id":1395,"date":"2016-05-25T19:33:43","date_gmt":"2016-05-25T19:33:43","guid":{"rendered":"http:\/\/kirchenburgen.org\/ro\/?page_id=1395"},"modified":"2026-01-16T07:18:44","modified_gmt":"2026-01-16T07:18:44","slug":"fundatia","status":"publish","type":"page","link":"https:\/\/kirchenburgen.org\/ro\/fundatia\/","title":{"rendered":"Funda&#x163;ia"},"content":{"rendered":"\n<figure class=\"wp-block-image size-large\"><img loading=\"lazy\" decoding=\"async\" width=\"1024\" height=\"577\" src=\"https:\/\/kirchenburgen.org\/wp-content\/uploads\/2023\/02\/Cristian-2-1024x577.jpg\" alt=\"\" class=\"wp-image-16847\" srcset=\"https:\/\/kirchenburgen.org\/wp-content\/uploads\/2023\/02\/Cristian-2-1024x577.jpg 1024w, https:\/\/kirchenburgen.org\/wp-content\/uploads\/2023\/02\/Cristian-2-300x169.jpg 300w, https:\/\/kirchenburgen.org\/wp-content\/uploads\/2023\/02\/Cristian-2-528x297.jpg 528w, https:\/\/kirchenburgen.org\/wp-content\/uploads\/2023\/02\/Cristian-2.jpg 1100w\" sizes=\"auto, (max-width: 1024px) 100vw, 1024px\" \/><\/figure>\n\n\n\n<div style=\"height:20px\" aria-hidden=\"true\" class=\"wp-block-spacer\"><\/div>\n\n\n\n<p>Bisericile fortificate s\u0103se\u0219ti sunt administrate de <a href=\"http:\/\/www.evang.ro\/ro\/\" target=\"_blank\" rel=\"noopener\">Biserica Evanghelic\u0103 C.A. din Rom\u00e2nia (B.E.C.A.R.)<\/a>. Din cauza emigr\u0103rii sa\u0219ilor transilv\u0103neni, num\u0103rul enoria\u0219ilor a sc\u0103zut drastic, astfel \u00eenc\u00e2t multe dintre biserici nu mai sunt folosite deloc sau numai foarte rar. \u00cen acela\u0219i timp, din sate a disp\u0103rut chiar acea popula\u021bie care a ridicat \u0219i \u00eentre\u021binut monumentele.<\/p>\n\n\n\n<p>Acesta este motivul care a dus la \u00eenfiin\u021barea Funda\u021biei Biserici Fortificate, care este o institu\u021bie specializat\u0103 \u00een conservarea patrimoniului cultural bisericesc.<\/p>\n\n\n\n<p>Pre\u0219edintele Rom\u00e2niei Nicu\u0219or Dan precum \u0219i Pre\u0219edintele Republicii Federale Germania Frank-Walter Steinmeier au preluat \u00eempreun\u0103 <a href=\"https:\/\/kirchenburgen.org\/ro\/fundatia\/patroni\/\">patronajul<\/a> funda\u021biei.<\/p>\n\n\n\n<p>Funda\u021bia este finan\u021bat\u0103 \u00een cea mai mare parte din <a href=\"https:\/\/kirchenburgen.org\/ro\/implicare\/donatii\/\">dona\u021bii<\/a>, subven\u021bii \u0219i fonduri externe care asigur\u0103, pe de-o parte, desf\u0103\u0219urarea activit\u0103\u021bilor \u0219i, pe de alt\u0103 parte, contribuie la majorarea capitalului social.<\/p>\n\n\n\n<p>Funda\u021bia este de asemenea sus\u021binut\u0103 de o asocia\u021bie non-profit din Germania.<\/p>\n","protected":false},"excerpt":{"rendered":"<p>Bisericile fortificate s\u0103se\u0219ti sunt administrate de Biserica Evanghelic\u0103 C.A. din Rom\u00e2nia (B.E.C.A.R.). Din cauza emigr\u0103rii sa\u0219ilor transilv\u0103neni, num\u0103rul enoria\u0219ilor a sc\u0103zut drastic, astfel \u00eenc\u00e2t multe dintre biserici nu mai sunt folosite deloc sau numai foarte rar. \u00cen acela\u0219i timp, din sate a disp\u0103rut chiar acea popula\u021bie care a ridicat \u0219i \u00eentre\u021binut monumentele. Acesta este motivul [&hellip;]<\/p>\n","protected":false},"author":2,"featured_media":0,"parent":0,"menu_order":0,"comment_status":"closed","ping_status":"closed","template":"","meta":{"_acf_changed":false,"footnotes":""},"class_list":["post-1395","page","type-page","status-publish","czr-hentry"],"acf":[],"_links":{"self":[{"href":"https:\/\/kirchenburgen.org\/ro\/wp-json\/wp\/v2\/pages\/1395","targetHints":{"allow":["GET"]}}],"collection":[{"href":"https:\/\/kirchenburgen.org\/ro\/wp-json\/wp\/v2\/pages"}],"about":[{"href":"https:\/\/kirchenburgen.org\/ro\/wp-json\/wp\/v2\/types\/page"}],"author":[{"embeddable":true,"href":"https:\/\/kirchenburgen.org\/ro\/wp-json\/wp\/v2\/users\/2"}],"replies":[{"embeddable":true,"href":"https:\/\/kirchenburgen.org\/ro\/wp-json\/wp\/v2\/comments?post=1395"}],"version-history":[{"count":24,"href":"https:\/\/kirchenburgen.org\/ro\/wp-json\/wp\/v2\/pages\/1395\/revisions"}],"predecessor-version":[{"id":22224,"href":"https:\/\/kirchenburgen.org\/ro\/wp-json\/wp\/v2\/pages\/1395\/revisions\/22224"}],"wp:attachment":[{"href":"https:\/\/kirchenburgen.org\/ro\/wp-json\/wp\/v2\/media?parent=1395"}],"curies":[{"name":"wp","href":"https:\/\/api.w.org\/{rel}","templated":true}]}}