{"id":1397,"date":"2016-05-25T19:34:24","date_gmt":"2016-05-25T19:34:24","guid":{"rendered":"http:\/\/kirchenburgen.org\/ro\/?page_id=1397"},"modified":"2025-05-26T07:16:19","modified_gmt":"2025-05-26T07:16:19","slug":"acasa","status":"publish","type":"page","link":"https:\/\/kirchenburgen.org\/ro\/","title":{"rendered":"Prima pagina"},"content":{"rendered":"\n<div style=\"height:5px\" aria-hidden=\"true\" class=\"wp-block-spacer\"><\/div>\n\n\n<ul class=\"wp-block-latest-posts__list is-grid columns-3 homepage_latest wp-block-latest-posts\"><li><div class=\"wp-block-latest-posts__featured-image aligncenter\"><img loading=\"lazy\" decoding=\"async\" width=\"974\" height=\"647\" src=\"https:\/\/kirchenburgen.org\/wp-content\/uploads\/2026\/04\/Screenshot-2026-04-16-093613-1.png\" class=\"attachment-large size-large wp-post-image\" alt=\"\" style=\"max-width:400px;max-height:225px;\" srcset=\"https:\/\/kirchenburgen.org\/wp-content\/uploads\/2026\/04\/Screenshot-2026-04-16-093613-1.png 974w, https:\/\/kirchenburgen.org\/wp-content\/uploads\/2026\/04\/Screenshot-2026-04-16-093613-1-300x199.png 300w\" sizes=\"auto, (max-width: 974px) 100vw, 974px\" \/><\/div><a class=\"wp-block-latest-posts__post-title\" href=\"https:\/\/kirchenburgen.org\/ro\/atelier-i-cincu\/\">ATELIER | CINCU<\/a><\/li>\n<li><div class=\"wp-block-latest-posts__featured-image aligncenter\"><img loading=\"lazy\" decoding=\"async\" width=\"884\" height=\"600\" src=\"https:\/\/kirchenburgen.org\/wp-content\/uploads\/2026\/04\/Poza-afis.png\" class=\"attachment-large size-large wp-post-image\" alt=\"\" style=\"max-width:400px;max-height:225px;\" srcset=\"https:\/\/kirchenburgen.org\/wp-content\/uploads\/2026\/04\/Poza-afis.png 884w, https:\/\/kirchenburgen.org\/wp-content\/uploads\/2026\/04\/Poza-afis-300x204.png 300w\" sizes=\"auto, (max-width: 884px) 100vw, 884px\" \/><\/div><a class=\"wp-block-latest-posts__post-title\" href=\"https:\/\/kirchenburgen.org\/ro\/atelier-cisnadie\/\">ATELIER | CISN\u0102DIE<\/a><\/li>\n<li><div class=\"wp-block-latest-posts__featured-image aligncenter\"><img loading=\"lazy\" decoding=\"async\" width=\"827\" height=\"599\" src=\"https:\/\/kirchenburgen.org\/wp-content\/uploads\/2026\/04\/WhatsApp-Image-2026-01-28-at-13.50.28-1.png\" class=\"attachment-large size-large wp-post-image\" alt=\"\" style=\"max-width:400px;max-height:225px;\" srcset=\"https:\/\/kirchenburgen.org\/wp-content\/uploads\/2026\/04\/WhatsApp-Image-2026-01-28-at-13.50.28-1.png 827w, https:\/\/kirchenburgen.org\/wp-content\/uploads\/2026\/04\/WhatsApp-Image-2026-01-28-at-13.50.28-1-300x217.png 300w\" sizes=\"auto, (max-width: 827px) 100vw, 827px\" \/><\/div><a class=\"wp-block-latest-posts__post-title\" href=\"https:\/\/kirchenburgen.org\/ro\/scoala-din-cetate-editia-2026\/\">SCOALA DIN CETATE | CISN\u0102DIE<\/a><\/li>\n<\/ul>\n\n\n<div style=\"height:15px\" aria-hidden=\"true\" class=\"wp-block-spacer\"><\/div>\n\n\n\n<h2 class=\"wp-block-heading\">Peisajul Bisericilor Fortificate<\/h2>\n\n\n\n<p><span style=\"font-weight: 400;\">Transilvania este renumit\u0103 pentru cele peste 160 de biserici fortificate. Cu sistemele lor de ap\u0103rare, aceste cl\u0103diri sacre impresionante din punct de vedere arhitectural sunt formatoare pentru peisajul cultural. Ele sunt reperele multor sate \u0219i ale \u00eentregii Transilvanii, vizibile de departe. Acestea sunt martori ai istoriei turbulente a acestei regiuni de frontier\u0103, care a fost intens disputat\u0103 \u00een Evul Mediu, \u0219i sunt unice \u00een Europa prin densitatea \u0219i diversitatea lor.<\/span>&nbsp;<a href=\"\/ro\/biserici-fortificate\/\">mai mult &gt;&gt;<\/a><\/p>\n\n\n\n<div style=\"height:15px\" aria-hidden=\"true\" class=\"wp-block-spacer\"><\/div>\n\n\n\n<div class=\"wp-block-cover alignfull is-light has-parallax\"><div class=\"wp-block-cover__image-background wp-image-12351 has-parallax\" style=\"background-position:50% 50%;background-image:url(https:\/\/kirchenburgen.org\/wp-content\/uploads\/2021\/02\/728254030-Kopie.jpg)\"><\/div><span aria-hidden=\"true\" class=\"wp-block-cover__background has-black-background-color has-background-dim-20 has-background-dim\"><\/span><div class=\"wp-block-cover__inner-container is-layout-flow wp-block-cover-is-layout-flow\">\n<p class=\"has-text-align-center has-large-font-size\"><a href=\"https:\/\/kirchenburgen.org\/ro\/fundatia\/\" data-type=\"page\" data-id=\"1395\">Funda\u021bia Biserici Fortificate<\/a><\/p>\n<\/div><\/div>\n\n\n\n<div style=\"height:40px\" aria-hidden=\"true\" class=\"wp-block-spacer\"><\/div>\n\n\n\n<figure class=\"wp-block-gallery has-nested-images columns-default is-cropped wp-block-gallery-1 is-layout-flex wp-block-gallery-is-layout-flex\">\n<figure class=\"wp-block-image size-full\"><img loading=\"lazy\" decoding=\"async\" width=\"608\" height=\"366\" data-id=\"16080\" src=\"https:\/\/kirchenburgen.org\/wp-content\/uploads\/2023\/01\/About-us.jpg\" alt=\"\" class=\"wp-image-16080\" srcset=\"https:\/\/kirchenburgen.org\/wp-content\/uploads\/2023\/01\/About-us.jpg 608w, https:\/\/kirchenburgen.org\/wp-content\/uploads\/2023\/01\/About-us-300x181.jpg 300w\" sizes=\"auto, (max-width: 608px) 100vw, 608px\" \/><figcaption class=\"wp-element-caption\"><a href=\"https:\/\/kirchenburgen.org\/ro\/fundatia\/despre-noi\/\">Despre noi<\/a><\/figcaption><\/figure>\n\n\n\n<figure class=\"wp-block-image size-large\"><img loading=\"lazy\" decoding=\"async\" width=\"600\" height=\"400\" data-id=\"14881\" src=\"https:\/\/kirchenburgen.org\/wp-content\/uploads\/2022\/05\/SKB-Partner.jpg\" alt=\"\" class=\"wp-image-14881\" srcset=\"https:\/\/kirchenburgen.org\/wp-content\/uploads\/2022\/05\/SKB-Partner.jpg 600w, https:\/\/kirchenburgen.org\/wp-content\/uploads\/2022\/05\/SKB-Partner-300x200.jpg 300w\" sizes=\"auto, (max-width: 600px) 100vw, 600px\" \/><figcaption class=\"wp-element-caption\"><a href=\"\/ro\/fundatia\/partener\/\">Partener<\/a>i<\/figcaption><\/figure>\n\n\n\n<figure class=\"wp-block-image size-large\"><img loading=\"lazy\" decoding=\"async\" width=\"1024\" height=\"736\" data-id=\"20851\" src=\"https:\/\/kirchenburgen.org\/wp-content\/uploads\/2025\/05\/Logo_ohneTExt-1024x736.jpg\" alt=\"\" class=\"wp-image-20851\" srcset=\"https:\/\/kirchenburgen.org\/wp-content\/uploads\/2025\/05\/Logo_ohneTExt-1024x736.jpg 1024w, https:\/\/kirchenburgen.org\/wp-content\/uploads\/2025\/05\/Logo_ohneTExt-300x216.jpg 300w, https:\/\/kirchenburgen.org\/wp-content\/uploads\/2025\/05\/Logo_ohneTExt.jpg 1054w\" sizes=\"auto, (max-width: 1024px) 100vw, 1024px\" \/><figcaption class=\"wp-element-caption\"><a href=\"\/ro\/fundatia\/\">Funda\u021bia<\/a><\/figcaption><\/figure>\n<\/figure>\n\n\n\n<h2 class=\"wp-block-heading\">Funda\u021bia Biserici Fortificate<\/h2>\n\n\n\n<p>\u00cen prezent, mai mult de jum\u0103tate dintre bisericile fortificate sunt amenin\u021bate de degradare \u00een diferite grade. Funda\u021bia Biserici Fortificate a fost \u00eenfiin\u021bat\u0103 \u00een toamna anului 2015 \u0219i, ca institu\u021bie specializat\u0103, urm\u0103re\u0219te scopul de a conserva \u0219i men\u021bine pe termen lung patrimoniul cultural al <a rel=\"noreferrer noopener\" href=\"http:\/\/evang.ro\" target=\"_blank\">Bisericii Evanghelice C.A. din Rom\u00e2nia.<\/a> Pentru a atinge acest obiectiv, desf\u0103\u0219ur\u0103m o varietate de activit\u0103\u021bi care dep\u0103\u0219esc cu mult domeniul structural-conservator.<a href=\"\/aktivitaten\/\"> <\/a><a href=\"https:\/\/kirchenburgen.org\/unserearbeit\/\" data-type=\"page\" data-id=\"20\">m<\/a><a href=\"\/aktivitaten\/\">ai mult<\/a><a href=\"https:\/\/kirchenburgen.org\/ro\/activitati\/\" data-type=\"page\" data-id=\"1388\"> &gt;&gt;<\/a><\/p>\n\n\n\n<p><\/p>\n\n\n\n<p>&nbsp;<\/p>\n\n\n\n<div class=\"wp-block-cover alignfull is-light has-parallax\"><div class=\"wp-block-cover__image-background wp-image-16412 has-parallax\" style=\"background-position:50% 50%;background-image:url(https:\/\/kirchenburgen.org\/wp-content\/uploads\/2023\/01\/maniersch-min-2.jpg)\"><\/div><span aria-hidden=\"true\" class=\"wp-block-cover__background has-vivid-red-background-color has-background-dim-20 has-background-dim\"><\/span><div class=\"wp-block-cover__inner-container is-layout-flow wp-block-cover-is-layout-flow\">\n<p class=\"has-text-align-center has-large-font-size\"><a href=\"\/ro\/biserici-fortificate\/\">Bisericilor Fortificate<\/a><\/p>\n<\/div><\/div>\n\n\n\n<div style=\"height:40px\" aria-hidden=\"true\" class=\"wp-block-spacer\"><\/div>\n\n\n\n<div class=\"wp-block-columns is-layout-flex wp-container-core-columns-is-layout-9d6595d7 wp-block-columns-is-layout-flex\">\n<div class=\"wp-block-column is-layout-flow wp-block-column-is-layout-flow\">\n<figure class=\"wp-block-gallery has-nested-images columns-default is-cropped wp-block-gallery-2 is-layout-flex wp-block-gallery-is-layout-flex\">\n<figure class=\"wp-block-image size-large\"><img loading=\"lazy\" decoding=\"async\" width=\"600\" height=\"400\" data-id=\"14986\" src=\"https:\/\/kirchenburgen.org\/wp-content\/uploads\/2022\/05\/SKB-Geschichten.jpg\" alt=\"\" class=\"wp-image-14986\" srcset=\"https:\/\/kirchenburgen.org\/wp-content\/uploads\/2022\/05\/SKB-Geschichten.jpg 600w, https:\/\/kirchenburgen.org\/wp-content\/uploads\/2022\/05\/SKB-Geschichten-300x200.jpg 300w\" sizes=\"auto, (max-width: 600px) 100vw, 600px\" \/><figcaption class=\"wp-element-caption\"><a href=\"\/ro\/biserici-fortificate\/istorie\/\">Istorie<\/a><\/figcaption><\/figure>\n\n\n\n<figure class=\"wp-block-image size-full\"><img loading=\"lazy\" decoding=\"async\" width=\"700\" height=\"427\" data-id=\"17590\" src=\"https:\/\/kirchenburgen.org\/wp-content\/uploads\/2023\/03\/EDSKB-3.jpg\" alt=\"\" class=\"wp-image-17590\" srcset=\"https:\/\/kirchenburgen.org\/wp-content\/uploads\/2023\/03\/EDSKB-3.jpg 700w, https:\/\/kirchenburgen.org\/wp-content\/uploads\/2023\/03\/EDSKB-3-300x183.jpg 300w\" sizes=\"auto, (max-width: 700px) 100vw, 700px\" \/><figcaption class=\"wp-element-caption\"><a href=\"\/ro\/biserici-fortificate\/descopera-patrimoniu\/\">Descoper\u0103 patrimoniul<\/a><\/figcaption><\/figure>\n\n\n\n<figure class=\"wp-block-image size-large\"><img loading=\"lazy\" decoding=\"async\" width=\"600\" height=\"400\" data-id=\"14898\" src=\"https:\/\/kirchenburgen.org\/wp-content\/uploads\/2022\/05\/SKB-Infomaterial.jpg\" alt=\"\" class=\"wp-image-14898\" srcset=\"https:\/\/kirchenburgen.org\/wp-content\/uploads\/2022\/05\/SKB-Infomaterial.jpg 600w, https:\/\/kirchenburgen.org\/wp-content\/uploads\/2022\/05\/SKB-Infomaterial-300x200.jpg 300w\" sizes=\"auto, (max-width: 600px) 100vw, 600px\" \/><figcaption class=\"wp-element-caption\"><a href=\"\/ro\/biserici-fortificate\/informatii-suveniruri\/\">Informa\u0163ii &amp; suveniruri<\/a><\/figcaption><\/figure>\n<\/figure>\n<\/div>\n<\/div>\n\n\n\n<h2 class=\"wp-block-heading\">Bisericile Fortificate<\/h2>\n\n\n\n<p>Transilvania este renumit\u0103 pentru cele peste 160 de biserici fortificate. Cu sistemele lor de ap\u0103rare, aceste cl\u0103diri sacre impresionante din punct de vedere arhitectural sunt formatoare pentru peisajul cultural. Ele sunt reperele multor sate \u0219i ale \u00eentregii Transilvanii, vizibile de departe. Acestea sunt martori ai istoriei turbulente a acestei regiuni de frontier\u0103, care a fost intens disputat\u0103 \u00een Evul Mediu, \u0219i sunt unice \u00een Europa prin densitatea \u0219i diversitatea lor. <a href=\"\/ro\/biserici-fortificate\/descopera-patrimoniu\/\" data-type=\"page\">mai mult &gt;&gt;<\/a><\/p>\n\n\n\n<div class=\"wp-block-columns is-layout-flex wp-container-core-columns-is-layout-9d6595d7 wp-block-columns-is-layout-flex\"><\/div>\n\n\n\n<p><\/p>\n","protected":false},"excerpt":{"rendered":"<p>Peisajul Bisericilor Fortificate Transilvania este renumit\u0103 pentru cele peste 160 de biserici fortificate. Cu sistemele lor de ap\u0103rare, aceste cl\u0103diri sacre impresionante din punct de vedere arhitectural sunt formatoare pentru peisajul cultural. Ele sunt reperele multor sate \u0219i ale \u00eentregii Transilvanii, vizibile de departe. Acestea sunt martori ai istoriei turbulente a acestei regiuni de frontier\u0103, [&hellip;]<\/p>\n","protected":false},"author":2,"featured_media":0,"parent":0,"menu_order":0,"comment_status":"closed","ping_status":"closed","template":"","meta":{"_acf_changed":false,"footnotes":""},"class_list":["post-1397","page","type-page","status-publish","czr-hentry"],"acf":[],"_links":{"self":[{"href":"https:\/\/kirchenburgen.org\/ro\/wp-json\/wp\/v2\/pages\/1397","targetHints":{"allow":["GET"]}}],"collection":[{"href":"https:\/\/kirchenburgen.org\/ro\/wp-json\/wp\/v2\/pages"}],"about":[{"href":"https:\/\/kirchenburgen.org\/ro\/wp-json\/wp\/v2\/types\/page"}],"author":[{"embeddable":true,"href":"https:\/\/kirchenburgen.org\/ro\/wp-json\/wp\/v2\/users\/2"}],"replies":[{"embeddable":true,"href":"https:\/\/kirchenburgen.org\/ro\/wp-json\/wp\/v2\/comments?post=1397"}],"version-history":[{"count":30,"href":"https:\/\/kirchenburgen.org\/ro\/wp-json\/wp\/v2\/pages\/1397\/revisions"}],"predecessor-version":[{"id":20855,"href":"https:\/\/kirchenburgen.org\/ro\/wp-json\/wp\/v2\/pages\/1397\/revisions\/20855"}],"wp:attachment":[{"href":"https:\/\/kirchenburgen.org\/ro\/wp-json\/wp\/v2\/media?parent=1397"}],"curies":[{"name":"wp","href":"https:\/\/api.w.org\/{rel}","templated":true}]}}