{"id":1402,"date":"2016-05-25T19:36:55","date_gmt":"2016-05-25T19:36:55","guid":{"rendered":"http:\/\/kirchenburgen.org\/ro\/?page_id=1402"},"modified":"2023-03-21T12:29:41","modified_gmt":"2023-03-21T12:29:41","slug":"implicare","status":"publish","type":"page","link":"https:\/\/kirchenburgen.org\/ro\/implicare\/","title":{"rendered":"Implicare"},"content":{"rendered":"\n<figure class=\"wp-block-image size-full\"><img loading=\"lazy\" decoding=\"async\" width=\"1100\" height=\"620\" src=\"https:\/\/kirchenburgen.org\/wp-content\/uploads\/2023\/03\/Volunteering-1391.jpg\" alt=\"\" class=\"wp-image-17192\" srcset=\"https:\/\/kirchenburgen.org\/wp-content\/uploads\/2023\/03\/Volunteering-1391.jpg 1100w, https:\/\/kirchenburgen.org\/wp-content\/uploads\/2023\/03\/Volunteering-1391-300x169.jpg 300w, https:\/\/kirchenburgen.org\/wp-content\/uploads\/2023\/03\/Volunteering-1391-1024x577.jpg 1024w, https:\/\/kirchenburgen.org\/wp-content\/uploads\/2023\/03\/Volunteering-1391-528x297.jpg 528w\" sizes=\"auto, (max-width: 1100px) 100vw, 1100px\" \/><\/figure>\n\n\n\n<div style=\"height:15px\" aria-hidden=\"true\" class=\"wp-block-spacer\"><\/div>\n\n\n\n<p>Funda\u021bia Biserici Fortificate se bucur\u0103 de o vast\u0103 re\u021bea de <a href=\"https:\/\/kirchenburgen.org\/ro\/fundatia\/partener\/\">parteneri<\/a>, sponsori \u0219i exper\u021bi, care contribuie esen\u021bial la succesul activit\u0103\u021bilor noastre.<\/p>\n\n\n\n<p>Datorit\u0103 <a href=\"https:\/\/kirchenburgen.org\/ro\/implicare\/donatii\/\">dona\u021biilor<\/a> putem implementa diverse proiecte \u0219i ac\u021biuni. Dona\u021biile sunt fie dedicate unui anumit obiectiv, la op\u021biunea donatorului, sau sunt direc\u021bionate, tot ca urmare a o\u021biunii donatorilor, spre sus\u021binerea activit\u0103\u021bilor curente ale Funda\u021biei.<\/p>\n\n\n\n<p>Cu toate acestea, participarea la conservarea patrimoniului nostru cultural poate avea loc \u0219i \u00een alte moduri. Devenind membru al Asocia\u021biei non-profit, persoanele interesate pot s\u0103 se implice \u00een dezvoltarea de concepte pentru p\u0103strarea peisajului bisericilor fortificate.<\/p>\n\n\n\n<p>Participarea activ\u0103 este, de asemenea, foarte important\u0103. Prin intermediul <a href=\"https:\/\/kirchenburgen.org\/ro\/implicare\/locuri-de-munca\/\">programului nostru de voluntariat<\/a>, \u00eencerc\u0103m s\u0103 ini\u021biem programe specifice \u0219i personalizate pentru voluntari sau stagiari. Voluntariatul poate fi foarte versatil, iar echipa Funda\u021biei va fi bucuroas\u0103 s\u0103 v\u0103 ajute s\u0103 g\u0103si\u021bi locul potrivit pentru stagiu.<\/p>\n","protected":false},"excerpt":{"rendered":"<p>Funda\u021bia Biserici Fortificate se bucur\u0103 de o vast\u0103 re\u021bea de parteneri, sponsori \u0219i exper\u021bi, care contribuie esen\u021bial la succesul activit\u0103\u021bilor noastre. Datorit\u0103 dona\u021biilor putem implementa diverse proiecte \u0219i ac\u021biuni. Dona\u021biile sunt fie dedicate unui anumit obiectiv, la op\u021biunea donatorului, sau sunt direc\u021bionate, tot ca urmare a o\u021biunii donatorilor, spre sus\u021binerea activit\u0103\u021bilor curente ale Funda\u021biei. Cu [&hellip;]<\/p>\n","protected":false},"author":2,"featured_media":0,"parent":0,"menu_order":0,"comment_status":"closed","ping_status":"closed","template":"","meta":{"_acf_changed":false,"footnotes":""},"class_list":["post-1402","page","type-page","status-publish","czr-hentry"],"acf":[],"_links":{"self":[{"href":"https:\/\/kirchenburgen.org\/ro\/wp-json\/wp\/v2\/pages\/1402","targetHints":{"allow":["GET"]}}],"collection":[{"href":"https:\/\/kirchenburgen.org\/ro\/wp-json\/wp\/v2\/pages"}],"about":[{"href":"https:\/\/kirchenburgen.org\/ro\/wp-json\/wp\/v2\/types\/page"}],"author":[{"embeddable":true,"href":"https:\/\/kirchenburgen.org\/ro\/wp-json\/wp\/v2\/users\/2"}],"replies":[{"embeddable":true,"href":"https:\/\/kirchenburgen.org\/ro\/wp-json\/wp\/v2\/comments?post=1402"}],"version-history":[{"count":20,"href":"https:\/\/kirchenburgen.org\/ro\/wp-json\/wp\/v2\/pages\/1402\/revisions"}],"predecessor-version":[{"id":17642,"href":"https:\/\/kirchenburgen.org\/ro\/wp-json\/wp\/v2\/pages\/1402\/revisions\/17642"}],"wp:attachment":[{"href":"https:\/\/kirchenburgen.org\/ro\/wp-json\/wp\/v2\/media?parent=1402"}],"curies":[{"name":"wp","href":"https:\/\/api.w.org\/{rel}","templated":true}]}}