{"id":14080,"date":"2022-04-05T09:09:49","date_gmt":"2022-04-05T09:09:49","guid":{"rendered":"https:\/\/kirchenburgen.org\/?page_id=14080"},"modified":"2022-05-19T14:20:59","modified_gmt":"2022-05-19T14:20:59","slug":"workshops","status":"publish","type":"page","link":"https:\/\/kirchenburgen.org\/ro\/activitati\/workshops\/","title":{"rendered":"Workshops"},"content":{"rendered":"\n<figure class=\"wp-block-video\"><video controls poster=\"https:\/\/kirchenburgen.org\/wp-content\/uploads\/2022\/05\/HoC.jpg\" src=\"http:\/\/kirchenburgen.org\/wp-content\/uploads\/2018\/12\/Sequence04_2_2.mp4\"><\/video><\/figure>\n\n\n\n<div style=\"height:15px\" aria-hidden=\"true\" class=\"wp-block-spacer\"><\/div>\n\n\n\n<h4 class=\"wp-block-heading\">Bildung im Bereich Denkmalpflege und Handwerk<\/h4>\n\n\n\n<p>Wir setzen uns f\u00fcr die Anwendung, Pflege und Weitergabe traditioneller Methoden und Techniken ein, die in der Vergangenheit zur Erschaffung der Kirchenburgenlandschaft angewandt wurden. Das Wissen um diese Methoden und um die Denkmalpflege allgemein, geben wir an Handwerker, Burgh\u00fcter, Kuratoren, Hausmeister und Interessierte weiter. So unterst\u00fctzen wir die Menschen, die tagt\u00e4glich mit Kirchen und Kirchenburgen zu tun haben und tragen damit ganz wesentlich zu deren Erhalt bei. Architekten, Restauratoren, Arch\u00e4ologen und anderen Fachleute helfen uns dabei.<\/p>\n\n\n\n<p>Unsere regelm\u00e4\u00dfigen <strong>Hands on Conservation-Workshops<\/strong> bieten Ihnen die M\u00f6glichkeit sich in diesen traditionellen Handwerkstechniken weiter zu bilden. Nehmen Sie gerne mit uns <a href=\"mailto:office@kirchenburgen.org\">Kontakt<\/a> auf, wenn Sie \u00fcber die Termine der n\u00e4chsten Workshops benachrichtigt werden m\u00f6chten. <\/p>\n\n\n\n<div style=\"height:30px\" aria-hidden=\"true\" class=\"wp-block-spacer\"><\/div>\n\n\n\n<div class=\"wp-block-columns is-layout-flex wp-container-core-columns-is-layout-9d6595d7 wp-block-columns-is-layout-flex\">\n<div class=\"wp-block-column is-layout-flow wp-block-column-is-layout-flow\">\n<blockquote class=\"wp-block-quote is-style-large is-layout-flow wp-block-quote-is-layout-flow\"><p>Zur Denkmalpflege im weiteren Sinn geh\u00f6rt jeder, der f\u00fcr unsere Denkm\u00e4ler ein Herz hat und je nach Gelegenheit f\u00fcr ihre Erhaltung t\u00e4tig ist [&#8230;]<\/p><cite>Georg Dehio, 1903<\/cite><\/blockquote>\n<\/div>\n\n\n\n<div class=\"wp-block-column is-layout-flow wp-block-column-is-layout-flow\">\n<figure class=\"wp-block-gallery columns-2 is-cropped wp-block-gallery-1 is-layout-flex wp-block-gallery-is-layout-flex\"><ul class=\"blocks-gallery-grid\"><li class=\"blocks-gallery-item\"><figure><a href=\"https:\/\/kirchenburgen.org\/wp-content\/uploads\/2022\/05\/Volunteering-152-2.jpg\"><img loading=\"lazy\" decoding=\"async\" width=\"800\" height=\"533\" src=\"https:\/\/kirchenburgen.org\/wp-content\/uploads\/2022\/05\/Volunteering-152-2.jpg\" alt=\"\" data-id=\"14921\" data-full-url=\"https:\/\/kirchenburgen.org\/wp-content\/uploads\/2022\/05\/Volunteering-152-2.jpg\" data-link=\"https:\/\/kirchenburgen.org\/unserearbeit\/workshops\/volunteering-152-2-2\/\" class=\"wp-image-14923\" srcset=\"https:\/\/kirchenburgen.org\/wp-content\/uploads\/2022\/05\/Volunteering-152-2.jpg 800w, https:\/\/kirchenburgen.org\/wp-content\/uploads\/2022\/05\/Volunteering-152-2-300x200.jpg 300w\" sizes=\"auto, (max-width: 800px) 100vw, 800px\" \/><\/a><\/figure><\/li><li class=\"blocks-gallery-item\"><figure><a href=\"https:\/\/kirchenburgen.org\/wp-content\/uploads\/2022\/05\/Volunteering-425-2.jpg\"><img loading=\"lazy\" decoding=\"async\" width=\"800\" height=\"533\" src=\"https:\/\/kirchenburgen.org\/wp-content\/uploads\/2022\/05\/Volunteering-425-2.jpg\" alt=\"\" data-id=\"14924\" data-full-url=\"https:\/\/kirchenburgen.org\/wp-content\/uploads\/2022\/05\/Volunteering-425-2.jpg\" data-link=\"https:\/\/kirchenburgen.org\/unserearbeit\/workshops\/volunteering-425-2-3\/\" class=\"wp-image-14926\" srcset=\"https:\/\/kirchenburgen.org\/wp-content\/uploads\/2022\/05\/Volunteering-425-2.jpg 800w, https:\/\/kirchenburgen.org\/wp-content\/uploads\/2022\/05\/Volunteering-425-2-300x200.jpg 300w\" sizes=\"auto, (max-width: 800px) 100vw, 800px\" \/><\/a><\/figure><\/li><li class=\"blocks-gallery-item\"><figure><a href=\"https:\/\/kirchenburgen.org\/wp-content\/uploads\/2022\/05\/RAOULPOP-2019-08-27-15-52-56-8279225-2.jpg\"><img loading=\"lazy\" decoding=\"async\" width=\"800\" height=\"534\" src=\"https:\/\/kirchenburgen.org\/wp-content\/uploads\/2022\/05\/RAOULPOP-2019-08-27-15-52-56-8279225-2.jpg\" alt=\"\" data-id=\"14927\" data-full-url=\"https:\/\/kirchenburgen.org\/wp-content\/uploads\/2022\/05\/RAOULPOP-2019-08-27-15-52-56-8279225-2.jpg\" data-link=\"https:\/\/kirchenburgen.org\/unserearbeit\/workshops\/raoulpop-2019-08-27-15-52-56-8279225-2\/\" class=\"wp-image-14929\" srcset=\"https:\/\/kirchenburgen.org\/wp-content\/uploads\/2022\/05\/RAOULPOP-2019-08-27-15-52-56-8279225-2.jpg 800w, https:\/\/kirchenburgen.org\/wp-content\/uploads\/2022\/05\/RAOULPOP-2019-08-27-15-52-56-8279225-2-300x200.jpg 300w\" sizes=\"auto, (max-width: 800px) 100vw, 800px\" \/><\/a><\/figure><\/li><li class=\"blocks-gallery-item\"><figure><a href=\"https:\/\/kirchenburgen.org\/wp-content\/uploads\/2022\/05\/RAOULPOP-2019-08-30-11-10-29-8300785-2.jpg\"><img loading=\"lazy\" decoding=\"async\" width=\"800\" height=\"533\" src=\"https:\/\/kirchenburgen.org\/wp-content\/uploads\/2022\/05\/RAOULPOP-2019-08-30-11-10-29-8300785-2.jpg\" alt=\"\" data-id=\"14930\" data-full-url=\"https:\/\/kirchenburgen.org\/wp-content\/uploads\/2022\/05\/RAOULPOP-2019-08-30-11-10-29-8300785-2.jpg\" data-link=\"https:\/\/kirchenburgen.org\/unserearbeit\/workshops\/raoulpop-2019-08-30-11-10-29-8300785-2\/\" class=\"wp-image-14932\" srcset=\"https:\/\/kirchenburgen.org\/wp-content\/uploads\/2022\/05\/RAOULPOP-2019-08-30-11-10-29-8300785-2.jpg 800w, https:\/\/kirchenburgen.org\/wp-content\/uploads\/2022\/05\/RAOULPOP-2019-08-30-11-10-29-8300785-2-300x200.jpg 300w\" sizes=\"auto, (max-width: 800px) 100vw, 800px\" \/><\/a><\/figure><\/li><\/ul><\/figure>\n<\/div>\n<\/div>\n\n\n\n<h2 class=\"wp-block-heading\">Bisherige Workshops<\/h2>\n\n\n\n<div style=\"height:15px\" aria-hidden=\"true\" class=\"wp-block-spacer\"><\/div>\n\n\n\n<figure class=\"wp-block-gallery columns-3 is-cropped wp-block-gallery-2 is-layout-flex wp-block-gallery-is-layout-flex\"><ul class=\"blocks-gallery-grid\"><li class=\"blocks-gallery-item\"><figure><img loading=\"lazy\" decoding=\"async\" width=\"759\" height=\"507\" src=\"https:\/\/kirchenburgen.org\/wp-content\/uploads\/2022\/05\/2021_EHV-1.jpg\" alt=\"\" data-id=\"15110\" data-full-url=\"https:\/\/kirchenburgen.org\/wp-content\/uploads\/2022\/05\/2021_EHV-1.jpg\" data-link=\"https:\/\/kirchenburgen.org\/unserearbeit\/workshops\/2021_ehv-1\/\" class=\"wp-image-15112\" srcset=\"https:\/\/kirchenburgen.org\/wp-content\/uploads\/2022\/05\/2021_EHV-1.jpg 759w, https:\/\/kirchenburgen.org\/wp-content\/uploads\/2022\/05\/2021_EHV-1-300x200.jpg 300w\" sizes=\"auto, (max-width: 759px) 100vw, 759px\" \/><figcaption class=\"blocks-gallery-item__caption\"><a href=\"https:\/\/kirchenburgen.org\/freiwillige-fachleute-erhalten-siebenbuergisches-kulturerbe\/\" data-type=\"post\" data-id=\"13795\">Holzmengen\/Hosman (2021)<\/a><\/figcaption><\/figure><\/li><li class=\"blocks-gallery-item\"><figure><img loading=\"lazy\" decoding=\"async\" width=\"1024\" height=\"768\" src=\"https:\/\/kirchenburgen.org\/wp-content\/uploads\/2022\/05\/2019_Pelisor-1024x768.jpg\" alt=\"\" data-id=\"15097\" data-link=\"https:\/\/kirchenburgen.org\/unserearbeit\/workshops\/restoring-the-staircase-to-the-clock-tower-7\/\" class=\"wp-image-15099\" srcset=\"https:\/\/kirchenburgen.org\/wp-content\/uploads\/2022\/05\/2019_Pelisor-1024x768.jpg 1024w, https:\/\/kirchenburgen.org\/wp-content\/uploads\/2022\/05\/2019_Pelisor-300x225.jpg 300w, https:\/\/kirchenburgen.org\/wp-content\/uploads\/2022\/05\/2019_Pelisor.jpg 1200w\" sizes=\"auto, (max-width: 1024px) 100vw, 1024px\" \/><figcaption class=\"blocks-gallery-item__caption\"><strong><a href=\"https:\/\/kirchenburgen.org\/als-wuerde-dieser-ort-im-himmel-schweben\/\" data-type=\"post\" data-id=\"10618\">Magarei\/Peli\u0219or (2019)<\/a><\/strong><\/figcaption><\/figure><\/li><li class=\"blocks-gallery-item\"><figure><img loading=\"lazy\" decoding=\"async\" width=\"768\" height=\"1024\" src=\"https:\/\/kirchenburgen.org\/wp-content\/uploads\/2022\/05\/2018_HOC-Daia-768x1024.jpg\" alt=\"\" data-id=\"15106\" data-full-url=\"https:\/\/kirchenburgen.org\/wp-content\/uploads\/2022\/05\/2018_HOC-Daia.jpg\" data-link=\"https:\/\/kirchenburgen.org\/unserearbeit\/workshops\/all-focus-27\/\" class=\"wp-image-15108\" srcset=\"https:\/\/kirchenburgen.org\/wp-content\/uploads\/2022\/05\/2018_HOC-Daia-768x1024.jpg 768w, https:\/\/kirchenburgen.org\/wp-content\/uploads\/2022\/05\/2018_HOC-Daia-225x300.jpg 225w, https:\/\/kirchenburgen.org\/wp-content\/uploads\/2022\/05\/2018_HOC-Daia.jpg 800w\" sizes=\"auto, (max-width: 768px) 100vw, 768px\" \/><figcaption class=\"blocks-gallery-item__caption\"><strong><a href=\"https:\/\/kirchenburgen.org\/hands-on-conservation\/\" data-type=\"post\" data-id=\"8304\">Denndorf\/Daia (2018)<\/a><\/strong><\/figcaption><\/figure><\/li><li class=\"blocks-gallery-item\"><figure><img loading=\"lazy\" decoding=\"async\" width=\"1024\" height=\"683\" src=\"https:\/\/kirchenburgen.org\/wp-content\/uploads\/2022\/05\/2018_Burghueter-1024x683.jpg\" alt=\"\" data-id=\"15094\" data-link=\"https:\/\/kirchenburgen.org\/unserearbeit\/workshops\/2018_burghueter\/\" class=\"wp-image-15096\" srcset=\"https:\/\/kirchenburgen.org\/wp-content\/uploads\/2022\/05\/2018_Burghueter-1024x683.jpg 1024w, https:\/\/kirchenburgen.org\/wp-content\/uploads\/2022\/05\/2018_Burghueter-300x200.jpg 300w, https:\/\/kirchenburgen.org\/wp-content\/uploads\/2022\/05\/2018_Burghueter.jpg 1200w\" sizes=\"auto, (max-width: 1024px) 100vw, 1024px\" \/><figcaption class=\"blocks-gallery-item__caption\"><strong><a href=\"https:\/\/kirchenburgen.org\/burghueter-workshop-hoc-modul-3\/\" data-type=\"page\">Burgh\u00fcter-Workshop <\/a><\/strong><a href=\"https:\/\/kirchenburgen.org\/burghueter-workshop-hoc-modul-3\/\">(2018)<\/a><\/figcaption><\/figure><\/li><li class=\"blocks-gallery-item\"><figure><img loading=\"lazy\" decoding=\"async\" width=\"1024\" height=\"683\" src=\"https:\/\/kirchenburgen.org\/wp-content\/uploads\/2022\/05\/2017_Viscri-1024x683.jpg\" alt=\"\" data-id=\"15091\" data-link=\"https:\/\/kirchenburgen.org\/unserearbeit\/workshops\/2017_viscri\/\" class=\"wp-image-15093\" srcset=\"https:\/\/kirchenburgen.org\/wp-content\/uploads\/2022\/05\/2017_Viscri-1024x683.jpg 1024w, https:\/\/kirchenburgen.org\/wp-content\/uploads\/2022\/05\/2017_Viscri-300x200.jpg 300w, https:\/\/kirchenburgen.org\/wp-content\/uploads\/2022\/05\/2017_Viscri.jpg 1200w\" sizes=\"auto, (max-width: 1024px) 100vw, 1024px\" \/><figcaption class=\"blocks-gallery-item__caption\"><strong><a href=\"https:\/\/kirchenburgen.org\/fortbildung-denkmalpflege-und-handwerk-and-kirchen-und-kirchenburgen\/\" data-type=\"post\" data-id=\"3273\">Deutsch-Wei\u00dfkirch\/Viscri (2017)<\/a><\/strong><\/figcaption><\/figure><\/li><li class=\"blocks-gallery-item\"><figure><img loading=\"lazy\" decoding=\"async\" width=\"1024\" height=\"679\" src=\"https:\/\/kirchenburgen.org\/wp-content\/uploads\/2022\/05\/2016_Viscri-1-1024x679.jpg\" alt=\"\" data-id=\"15103\" data-link=\"https:\/\/kirchenburgen.org\/unserearbeit\/workshops\/2016_viscri-1\/\" class=\"wp-image-15105\" srcset=\"https:\/\/kirchenburgen.org\/wp-content\/uploads\/2022\/05\/2016_Viscri-1-1024x679.jpg 1024w, https:\/\/kirchenburgen.org\/wp-content\/uploads\/2022\/05\/2016_Viscri-1-300x199.jpg 300w, https:\/\/kirchenburgen.org\/wp-content\/uploads\/2022\/05\/2016_Viscri-1.jpg 1200w\" sizes=\"auto, (max-width: 1024px) 100vw, 1024px\" \/><figcaption class=\"blocks-gallery-item__caption\"><strong><a href=\"https:\/\/kirchenburgen.org\/fortbildung-denkmalpflege\/\" data-type=\"post\" data-id=\"5331\">Deutsch-Wei\u00dfkirch\/Viscri (2016)<\/a><\/strong><\/figcaption><\/figure><\/li><\/ul><\/figure>\n","protected":false},"excerpt":{"rendered":"<p>Bildung im Bereich Denkmalpflege und Handwerk Wir setzen uns f\u00fcr die Anwendung, Pflege und Weitergabe traditioneller Methoden und Techniken ein, die in der Vergangenheit zur Erschaffung der Kirchenburgenlandschaft angewandt wurden. Das Wissen um diese Methoden und um die Denkmalpflege allgemein, geben wir an Handwerker, Burgh\u00fcter, Kuratoren, Hausmeister und Interessierte weiter. So unterst\u00fctzen wir die Menschen, [&hellip;]<\/p>\n","protected":false},"author":2,"featured_media":0,"parent":1388,"menu_order":0,"comment_status":"closed","ping_status":"closed","template":"","meta":{"_acf_changed":false,"footnotes":""},"class_list":["post-14080","page","type-page","status-publish","czr-hentry"],"acf":[],"_links":{"self":[{"href":"https:\/\/kirchenburgen.org\/ro\/wp-json\/wp\/v2\/pages\/14080","targetHints":{"allow":["GET"]}}],"collection":[{"href":"https:\/\/kirchenburgen.org\/ro\/wp-json\/wp\/v2\/pages"}],"about":[{"href":"https:\/\/kirchenburgen.org\/ro\/wp-json\/wp\/v2\/types\/page"}],"author":[{"embeddable":true,"href":"https:\/\/kirchenburgen.org\/ro\/wp-json\/wp\/v2\/users\/2"}],"replies":[{"embeddable":true,"href":"https:\/\/kirchenburgen.org\/ro\/wp-json\/wp\/v2\/comments?post=14080"}],"version-history":[{"count":3,"href":"https:\/\/kirchenburgen.org\/ro\/wp-json\/wp\/v2\/pages\/14080\/revisions"}],"predecessor-version":[{"id":15413,"href":"https:\/\/kirchenburgen.org\/ro\/wp-json\/wp\/v2\/pages\/14080\/revisions\/15413"}],"up":[{"embeddable":true,"href":"https:\/\/kirchenburgen.org\/ro\/wp-json\/wp\/v2\/pages\/1388"}],"wp:attachment":[{"href":"https:\/\/kirchenburgen.org\/ro\/wp-json\/wp\/v2\/media?parent=14080"}],"curies":[{"name":"wp","href":"https:\/\/api.w.org\/{rel}","templated":true}]}}