{"id":1426,"date":"2016-05-26T09:10:49","date_gmt":"2016-05-26T09:10:49","guid":{"rendered":"http:\/\/kirchenburgen.org\/ro\/?page_id=1426"},"modified":"2026-04-16T06:58:40","modified_gmt":"2026-04-16T06:58:40","slug":"educaie","status":"publish","type":"page","link":"https:\/\/kirchenburgen.org\/ro\/activitati\/educaie\/","title":{"rendered":"Interpretarea si explorarea patrimoniului"},"content":{"rendered":"\n<div class=\"wp-block-columns is-layout-flex wp-container-core-columns-is-layout-9d6595d7 wp-block-columns-is-layout-flex\">\n<div class=\"wp-block-column is-layout-flow wp-block-column-is-layout-flow\" style=\"flex-basis:100%\">\n<div class=\"wp-block-columns is-layout-flex wp-container-core-columns-is-layout-9d6595d7 wp-block-columns-is-layout-flex\">\n<div class=\"wp-block-column is-layout-flow wp-block-column-is-layout-flow\" style=\"flex-basis:100%\">\n<div class=\"wp-block-columns is-layout-flex wp-container-core-columns-is-layout-9d6595d7 wp-block-columns-is-layout-flex\">\n<div class=\"wp-block-column is-layout-flow wp-block-column-is-layout-flow\">\n<p>Prin activit\u0103\u021bile sale, Funda\u021bia Biserici Fortificate \u00ee\u0219i propune s\u0103 deschid\u0103 bisericile fortificate c\u0103tre vizitatori prin <strong>interpretarea patrimoniului<\/strong> \u2013 nu ca o lec\u021bie, ci ca o invita\u021bie la explorare. Atelierele \u0219i materialele dezvoltate devin puncte de pornire pentru \u00eentreb\u0103ri: cine a construit aceste fortifica\u021bii \u0219i de ce? cum erau ele folosite? ce pot \u00eensemna ast\u0103zi pentru noi?<\/p>\n\n\n\n<p>Fiecare vizitator \u2013 copil sau adult \u2013 aduce o perspectiv\u0103 diferit\u0103. Iar \u00een acest dialog, patrimoniul cap\u0103t\u0103 sensuri noi. Nu mai este doar ceva de privit, ci ceva de \u00een\u021beles, de sim\u021bit \u0219i de reinterpretat.<\/p>\n\n\n\n<p>Ne dorim ca aceste experien\u021be s\u0103 creeze o leg\u0103tur\u0103 personal\u0103 cu locul \u0219i s\u0103 transforme vizita \u00eentr-un proces viu, \u00een care \u00eenv\u0103\u021b\u0103m unii de la al\u021bii \u0219i redescoperim \u00eempreun\u0103 patrimoniul.<\/p>\n\n\n\n<p><\/p>\n<\/div>\n\n\n\n<div class=\"wp-block-column is-layout-flow wp-block-column-is-layout-flow\">\n<figure class=\"wp-block-image size-large is-resized\"><img loading=\"lazy\" decoding=\"async\" width=\"1024\" height=\"575\" src=\"https:\/\/kirchenburgen.org\/wp-content\/uploads\/2022\/04\/KB-SKD-1024x575.jpg\" alt=\"\" class=\"wp-image-14458\" style=\"width:533px;height:299px\" srcset=\"https:\/\/kirchenburgen.org\/wp-content\/uploads\/2022\/04\/KB-SKD-1024x575.jpg 1024w, https:\/\/kirchenburgen.org\/wp-content\/uploads\/2022\/04\/KB-SKD-300x169.jpg 300w, https:\/\/kirchenburgen.org\/wp-content\/uploads\/2022\/04\/KB-SKD-1110x624.jpg 1110w, https:\/\/kirchenburgen.org\/wp-content\/uploads\/2022\/04\/KB-SKD-528x297.jpg 528w, https:\/\/kirchenburgen.org\/wp-content\/uploads\/2022\/04\/KB-SKD.jpg 1500w\" sizes=\"auto, (max-width: 1024px) 100vw, 1024px\" \/><\/figure>\n<\/div>\n<\/div>\n<\/div>\n<\/div>\n<\/div>\n<\/div>\n\n\n\n<p>Bisericile fortificate trebuie s\u0103 fie privite at\u00e2t \u00een acest context istoric, c\u00e2t \u0219i ca locuri \u0219i spa\u021bii ale prezentului. De ce au fost construite? Cum au fost folosite atunci? Care sunt posibilit\u0103\u021bile de utilizare a lor ast\u0103zi? R\u0103spunsurile la aceste \u00eentreb\u0103ri \u0219i la altele sunt date de copii \u0219i tineri \u00een mod diferit fa\u021b\u0103 de adul\u021bi. Am dori s\u0103 abord\u0103m aceast\u0103 perspectiv\u0103 mai larg\u0103 pentru a continua s\u0103 ne educ\u0103m \u0219i pe noi \u00een r\u00e2nd cu ei.<\/p>\n\n\n\n<div style=\"height:20px\" aria-hidden=\"true\" class=\"wp-block-spacer\"><\/div>\n\n\n\n<h4 class=\"wp-block-heading\">Proiecte derulate \u00een domeniul interpretarea \u0219i explorarea patrimoniului:<\/h4>\n\n\n\n<figure class=\"wp-block-gallery has-nested-images columns-2 is-cropped wp-block-gallery-1 is-layout-flex wp-block-gallery-is-layout-flex\">\n<figure class=\"wp-block-image size-full\"><img loading=\"lazy\" decoding=\"async\" width=\"974\" height=\"647\" data-id=\"22622\" src=\"https:\/\/kirchenburgen.org\/wp-content\/uploads\/2026\/04\/Screenshot-2026-04-16-093613.png\" alt=\"\" class=\"wp-image-22622\" srcset=\"https:\/\/kirchenburgen.org\/wp-content\/uploads\/2026\/04\/Screenshot-2026-04-16-093613.png 974w, https:\/\/kirchenburgen.org\/wp-content\/uploads\/2026\/04\/Screenshot-2026-04-16-093613-300x199.png 300w\" sizes=\"auto, (max-width: 974px) 100vw, 974px\" \/><figcaption class=\"wp-element-caption\"><a href=\"https:\/\/kirchenburgen.org\/ro\/atelier-i-cincu\/\">Atelier I Cincu (2026) <\/a>Am deschis \u00eenscrierile!<\/figcaption><\/figure>\n\n\n\n<figure class=\"wp-block-image size-full\"><img loading=\"lazy\" decoding=\"async\" width=\"884\" height=\"600\" data-id=\"22576\" src=\"https:\/\/kirchenburgen.org\/wp-content\/uploads\/2026\/04\/Poza-afis.png\" alt=\"\" class=\"wp-image-22576\" srcset=\"https:\/\/kirchenburgen.org\/wp-content\/uploads\/2026\/04\/Poza-afis.png 884w, https:\/\/kirchenburgen.org\/wp-content\/uploads\/2026\/04\/Poza-afis-300x204.png 300w\" sizes=\"auto, (max-width: 884px) 100vw, 884px\" \/><figcaption class=\"wp-element-caption\"><a href=\"https:\/\/kirchenburgen.org\/ro\/atelier-cisnadie\/\">Atelier I Cisnadie (2026)<\/a> Am deschis \u00eenscrierile!<\/figcaption><\/figure>\n\n\n\n<figure class=\"wp-block-image size-full\"><img loading=\"lazy\" decoding=\"async\" width=\"827\" height=\"599\" data-id=\"22493\" src=\"https:\/\/kirchenburgen.org\/wp-content\/uploads\/2026\/04\/WhatsApp-Image-2026-01-28-at-13.50.28.png\" alt=\"\" class=\"wp-image-22493\" srcset=\"https:\/\/kirchenburgen.org\/wp-content\/uploads\/2026\/04\/WhatsApp-Image-2026-01-28-at-13.50.28.png 827w, https:\/\/kirchenburgen.org\/wp-content\/uploads\/2026\/04\/WhatsApp-Image-2026-01-28-at-13.50.28-300x217.png 300w\" sizes=\"auto, (max-width: 827px) 100vw, 827px\" \/><figcaption class=\"wp-element-caption\"><a href=\"https:\/\/kirchenburgen.org\/ro\/scoala-din-cetate-editia-2026\/\">Scoala din cetate (2026)<\/a> Am deschis \u00eenscrierile!<\/figcaption><\/figure>\n\n\n\n<figure class=\"wp-block-image size-large\"><img loading=\"lazy\" decoding=\"async\" width=\"1024\" height=\"682\" data-id=\"20347\" src=\"https:\/\/kirchenburgen.org\/wp-content\/uploads\/2025\/04\/IG_BUILT-and-BEYOND_2_2-1024x682.jpg\" alt=\"\" class=\"wp-image-20347\" srcset=\"https:\/\/kirchenburgen.org\/wp-content\/uploads\/2025\/04\/IG_BUILT-and-BEYOND_2_2-1024x682.jpg 1024w, https:\/\/kirchenburgen.org\/wp-content\/uploads\/2025\/04\/IG_BUILT-and-BEYOND_2_2-300x200.jpg 300w, https:\/\/kirchenburgen.org\/wp-content\/uploads\/2025\/04\/IG_BUILT-and-BEYOND_2_2.jpg 1100w\" sizes=\"auto, (max-width: 1024px) 100vw, 1024px\" \/><figcaption class=\"wp-element-caption\"><a href=\"https:\/\/kirchenburgen.org\/ro\/scoala-din-cetate-ateliere-educationale-in-bisericile-fortificate\/\">Scoala din cetate (2025)<\/a><\/figcaption><\/figure>\n\n\n\n<figure class=\"wp-block-image size-large\"><img loading=\"lazy\" decoding=\"async\" width=\"800\" height=\"533\" data-id=\"20150\" src=\"https:\/\/kirchenburgen.org\/wp-content\/uploads\/2025\/01\/featured-image-2.jpg\" alt=\"O zi plin\u0103 de descoperiri \u0219i \u00eenv\u0103\u021bare prin joc: Bisericile fortificate \u00een sala de clas\u0103\" class=\"wp-image-20150\" srcset=\"https:\/\/kirchenburgen.org\/wp-content\/uploads\/2025\/01\/featured-image-2.jpg 800w, https:\/\/kirchenburgen.org\/wp-content\/uploads\/2025\/01\/featured-image-2-300x200.jpg 300w\" sizes=\"auto, (max-width: 800px) 100vw, 800px\" \/><figcaption class=\"wp-element-caption\"><a href=\"https:\/\/kirchenburgen.org\/ro\/activitati\/educaie\/bisericile-fortificate-in-sala-de-clasa\/\">Bisericile fortificate \u00een sala de clas\u0103(2024)<\/a><\/figcaption><\/figure>\n\n\n\n<figure class=\"wp-block-image size-large\"><img loading=\"lazy\" decoding=\"async\" width=\"800\" height=\"533\" data-id=\"16536\" src=\"https:\/\/kirchenburgen.org\/wp-content\/uploads\/2023\/01\/SKB-R24.jpg\" alt=\"\" class=\"wp-image-16536\" srcset=\"https:\/\/kirchenburgen.org\/wp-content\/uploads\/2023\/01\/SKB-R24.jpg 800w, https:\/\/kirchenburgen.org\/wp-content\/uploads\/2023\/01\/SKB-R24-300x200.jpg 300w\" sizes=\"auto, (max-width: 800px) 100vw, 800px\" \/><figcaption class=\"wp-element-caption\">Lansare QUIZ<br>(2022) <\/figcaption><\/figure>\n\n\n\n<figure class=\"wp-block-image size-large\"><img loading=\"lazy\" decoding=\"async\" width=\"1000\" height=\"667\" data-id=\"13479\" src=\"https:\/\/kirchenburgen.org\/wp-content\/uploads\/2022\/03\/0171_SBF_KBS-KK-24_klein.jpg\" alt=\"\" class=\"wp-image-13479\" srcset=\"https:\/\/kirchenburgen.org\/wp-content\/uploads\/2022\/03\/0171_SBF_KBS-KK-24_klein.jpg 1000w, https:\/\/kirchenburgen.org\/wp-content\/uploads\/2022\/03\/0171_SBF_KBS-KK-24_klein-300x200.jpg 300w\" sizes=\"auto, (max-width: 1000px) 100vw, 1000px\" \/><figcaption class=\"wp-element-caption\"><a href=\"https:\/\/kirchenburgen.org\/erste-versuche-fuer-das-neue-projekt-der-kirchenburgen-schulmappe-2\/\">Kirchenburgen KISTE<\/a> (2019)<\/figcaption><\/figure>\n\n\n\n<figure class=\"wp-block-image size-large\"><img loading=\"lazy\" decoding=\"async\" width=\"1024\" height=\"768\" data-id=\"8026\" src=\"https:\/\/kirchenburgen.org\/wp-content\/uploads\/2018\/07\/IMG-20180712-WA0002-1024x768.jpg\" alt=\"\" class=\"wp-image-8026\" srcset=\"https:\/\/kirchenburgen.org\/wp-content\/uploads\/2018\/07\/IMG-20180712-WA0002-1024x768.jpg 1024w, https:\/\/kirchenburgen.org\/wp-content\/uploads\/2018\/07\/IMG-20180712-WA0002-300x225.jpg 300w, https:\/\/kirchenburgen.org\/wp-content\/uploads\/2018\/07\/IMG-20180712-WA0002.jpg 1184w\" sizes=\"auto, (max-width: 1024px) 100vw, 1024px\" \/><figcaption class=\"wp-element-caption\"><a href=\"https:\/\/kirchenburgen.org\/neue-perspektiven-fuer-schoenberg\/\">TU-Wien \/ Universitatea Ion Mincu<\/a> (2018)<\/figcaption><\/figure>\n\n\n\n<figure class=\"wp-block-image size-large\"><img loading=\"lazy\" decoding=\"async\" width=\"1024\" height=\"683\" data-id=\"4393\" src=\"https:\/\/kirchenburgen.org\/wp-content\/uploads\/2017\/01\/DSC_0209-1024x683.jpg\" alt=\"\" class=\"wp-image-4393\"\/><figcaption class=\"wp-element-caption\"><a href=\"https:\/\/kirchenburgen.org\/ro\/modul-kirchenburgen-im-geschichtsunterricht\/\">Lec\u021bie despre biserici fortificate la \u0219coala gimnazial\u0103 Brukenthal<\/a> (2017)<\/figcaption><\/figure>\n\n\n\n<figure class=\"wp-block-image size-large\"><img loading=\"lazy\" decoding=\"async\" width=\"1024\" height=\"683\" data-id=\"8211\" src=\"https:\/\/kirchenburgen.org\/wp-content\/uploads\/2016\/02\/02-1024x683.jpg\" alt=\"\" class=\"wp-image-8211\" srcset=\"https:\/\/kirchenburgen.org\/wp-content\/uploads\/2016\/02\/02-1024x683.jpg 1024w, https:\/\/kirchenburgen.org\/wp-content\/uploads\/2016\/02\/02-300x200.jpg 300w\" sizes=\"auto, (max-width: 1024px) 100vw, 1024px\" \/><figcaption class=\"wp-element-caption\"><a href=\"https:\/\/www.memo.kirchenburgen.org\/\" target=\"_blank\" rel=\"noreferrer noopener\">Elevii contribuie la dezvoltarea jocului Memory <\/a><br><a href=\"https:\/\/www.memo.kirchenburgen.org\/\" target=\"_blank\" rel=\"noreferrer noopener\">(2016)<\/a><\/figcaption><\/figure>\n<\/figure>\n\n\n\n<div style=\"height:50px\" aria-hidden=\"true\" class=\"wp-block-spacer\"><\/div>\n\n\n\n<div class=\"wp-block-cover alignfull is-light has-parallax\" id=\"workshops\"><div class=\"wp-block-cover__image-background wp-image-15794 has-parallax\" style=\"background-position:50% 50%;background-image:url(https:\/\/kirchenburgen.org\/wp-content\/uploads\/2023\/01\/295669660_5399465506813872_1468055710532711631_n.jpg)\"><\/div><span aria-hidden=\"true\" class=\"wp-block-cover__background has-vivid-red-background-color has-background-dim-20 has-background-dim\"><\/span><div class=\"wp-block-cover__inner-container is-layout-flow wp-block-cover-is-layout-flow\">\n<p class=\"has-text-align-center has-white-color has-text-color has-background has-large-font-size\" style=\"background-color:#ffffff00\">Ateliere de me\u0219te\u0219uguri tradi\u021bionale<\/p>\n<\/div><\/div>\n\n\n\n<div style=\"height:40px\" aria-hidden=\"true\" class=\"wp-block-spacer\"><\/div>\n\n\n\n<h4 class=\"wp-block-heading\">Educa\u021bie \u00een domeniul conserv\u0103rii patrimoniului \u0219i al me\u0219te\u0219ugurilor<\/h4>\n\n\n\n<p>Ne-am angajat s\u0103 aplic\u0103m, s\u0103 men\u021binem \u0219i s\u0103 transmitem mai departe metodele \u0219i tehnicile tradi\u021bionale folosite \u00een trecut pentru a crea peisajul bisericii fortificate. Transmitem cuno\u0219tin\u021bele noastre despre aceste metode \u0219i despre conservarea patrimoniului, \u00een general, studen\u021bilor, me\u0219terilor, conservatorilor, \u00eengrijitorilor bisericilor fortificate \u0219i altor persoane pasionate de patrimoniul cultural. \u00cen acest fel, sprijinim oamenii care se ocup\u0103 zilnic de biserici \u0219i de biserici fortificate \u0219i contribuim astfel \u00een mod semnificativ la conservarea acestora. Arhitec\u021bii, restauratorii, arheologii \u0219i al\u021bi profesioni\u0219ti ne sprijin\u0103 \u00een acest sens.<\/p>\n\n\n\n<p>Atelierele noastre periodice <strong>&#8222;Hands on Conservation&#8221;<\/strong> v\u0103 ofer\u0103 posibilitatea de a v\u0103 instrui \u00een continuare \u00een aceste tehnici artizanale tradi\u021bionale. V\u0103 rug\u0103m s\u0103 ne <a href=\"mailto:office@kirchenburgen.org\" data-type=\"mailto\" data-id=\"mailto:office@kirchenburgen.org\">contacta\u021bi <\/a>dac\u0103 dori\u021bi s\u0103 fi\u021bi anun\u021ba\u021bi cu privire la planificarea urm\u0103toarelor ateliere.<\/p>\n\n\n\n<div style=\"height:20px\" aria-hidden=\"true\" class=\"wp-block-spacer\"><\/div>\n\n\n\n<figure class=\"wp-block-video\"><video controls=\"\" poster=\"https:\/\/kirchenburgen.org\/wp-content\/uploads\/2022\/05\/HoC.jpg\" src=\"https:\/\/kirchenburgen.org\/wp-content\/uploads\/2023\/01\/Sequence04_2_2.mp4\"><\/video><\/figure>\n\n\n\n<div style=\"height:30px\" aria-hidden=\"true\" class=\"wp-block-spacer\"><\/div>\n\n\n\n<h4 class=\"wp-block-heading\">Ateliere practice pe tema me\u0219te\u0219ugurilor tradi\u021bionale:<\/h4>\n\n\n\n<div style=\"height:15px\" aria-hidden=\"true\" class=\"wp-block-spacer\"><\/div>\n\n\n\n<figure class=\"wp-block-gallery has-nested-images columns-2 is-cropped wp-block-gallery-2 is-layout-flex wp-block-gallery-is-layout-flex\">\n<figure class=\"wp-block-image size-full\"><a href=\"https:\/\/kirchenburgen.org\/ro\/apold-heritage-lab-ii-doua-saptamani-dedicate-patrimoniului\/56-2\/\"><img loading=\"lazy\" decoding=\"async\" width=\"450\" height=\"300\" data-id=\"21868\" src=\"https:\/\/kirchenburgen.org\/wp-content\/uploads\/2025\/08\/56.jpg\" alt=\"\" class=\"wp-image-21868\" srcset=\"https:\/\/kirchenburgen.org\/wp-content\/uploads\/2025\/08\/56.jpg 450w, https:\/\/kirchenburgen.org\/wp-content\/uploads\/2025\/08\/56-300x200.jpg 300w\" sizes=\"auto, (max-width: 450px) 100vw, 450px\" \/><\/a><figcaption class=\"wp-element-caption\"><a href=\"https:\/\/kirchenburgen.org\/ro\/activitati\/educaie\/apold-heritage-lab-ii\/\">Apold Heritage Lab II (2025)<\/a><\/figcaption><\/figure>\n\n\n\n<figure class=\"wp-block-image size-large\"><a href=\"https:\/\/kirchenburgen.org\/ro\/activitati\/educaie\/457515324_924558389711182_3082104385945311807_n-2\/\"><img loading=\"lazy\" decoding=\"async\" width=\"1024\" height=\"768\" data-id=\"19753\" src=\"https:\/\/kirchenburgen.org\/wp-content\/uploads\/2024\/10\/457515324_924558389711182_3082104385945311807_n-1024x768.jpg\" alt=\"\" class=\"wp-image-19753\" srcset=\"https:\/\/kirchenburgen.org\/wp-content\/uploads\/2024\/10\/457515324_924558389711182_3082104385945311807_n-1024x768.jpg 1024w, https:\/\/kirchenburgen.org\/wp-content\/uploads\/2024\/10\/457515324_924558389711182_3082104385945311807_n-300x225.jpg 300w, https:\/\/kirchenburgen.org\/wp-content\/uploads\/2024\/10\/457515324_924558389711182_3082104385945311807_n-1536x1152.jpg 1536w, https:\/\/kirchenburgen.org\/wp-content\/uploads\/2024\/10\/457515324_924558389711182_3082104385945311807_n.jpg 2048w\" sizes=\"auto, (max-width: 1024px) 100vw, 1024px\" \/><\/a><figcaption class=\"wp-element-caption\"><a href=\"https:\/\/kirchenburgen.org\/ro\/hands-on-conservation-workshop-v\/\">Hands on Conservation V (2024)<\/a><\/figcaption><\/figure>\n\n\n\n<figure class=\"wp-block-image size-large\"><a href=\"https:\/\/kirchenburgen.org\/ro\/activitati\/educaie\/featimage-15-2\/\"><img loading=\"lazy\" decoding=\"async\" width=\"450\" height=\"300\" data-id=\"18877\" src=\"https:\/\/kirchenburgen.org\/wp-content\/uploads\/2023\/11\/FeatImage-2.jpg\" alt=\"\" class=\"wp-image-18877\" srcset=\"https:\/\/kirchenburgen.org\/wp-content\/uploads\/2023\/11\/FeatImage-2.jpg 450w, https:\/\/kirchenburgen.org\/wp-content\/uploads\/2023\/11\/FeatImage-2-300x200.jpg 300w\" sizes=\"auto, (max-width: 450px) 100vw, 450px\" \/><\/a><figcaption class=\"wp-element-caption\"><a href=\"https:\/\/kirchenburgen.org\/ro\/hands-on-conservation-iv-sommerschule-2023\/\">Hands on Conservation IV (2023)<\/a><\/figcaption><\/figure>\n\n\n\n<figure class=\"wp-block-image size-large\"><a href=\"https:\/\/kirchenburgen.org\/ro\/activitati\/educaie\/whatsapp-image-2022-07-13-at-10-45-18-am-1024x768-2-2-2\/\"><img loading=\"lazy\" decoding=\"async\" width=\"1024\" height=\"768\" data-id=\"16573\" src=\"https:\/\/kirchenburgen.org\/wp-content\/uploads\/2023\/01\/WhatsApp-Image-2022-07-13-at-10.45.18-AM-1024x768-2.jpeg\" alt=\"\" class=\"wp-image-16573\" srcset=\"https:\/\/kirchenburgen.org\/wp-content\/uploads\/2023\/01\/WhatsApp-Image-2022-07-13-at-10.45.18-AM-1024x768-2.jpeg 1024w, https:\/\/kirchenburgen.org\/wp-content\/uploads\/2023\/01\/WhatsApp-Image-2022-07-13-at-10.45.18-AM-1024x768-2-300x225.jpeg 300w\" sizes=\"auto, (max-width: 1024px) 100vw, 1024px\" \/><\/a><figcaption class=\"wp-element-caption\"><a href=\"https:\/\/kirchenburgen.org\/ro\/hands-on-conservation-iii-eine-gemeinschaft-fuer-das-kulturerbe\/\">Hands on Conservation III (2019)<\/a><\/figcaption><\/figure>\n\n\n\n<figure class=\"wp-block-image size-large\"><a href=\"https:\/\/kirchenburgen.org\/ro\/activitati\/educaie\/volunteering-51-1-2\/\"><img loading=\"lazy\" decoding=\"async\" width=\"626\" height=\"418\" data-id=\"16652\" src=\"https:\/\/kirchenburgen.org\/wp-content\/uploads\/2023\/01\/Volunteering-51-1.jpg\" alt=\"\" class=\"wp-image-16652\" srcset=\"https:\/\/kirchenburgen.org\/wp-content\/uploads\/2023\/01\/Volunteering-51-1.jpg 626w, https:\/\/kirchenburgen.org\/wp-content\/uploads\/2023\/01\/Volunteering-51-1-300x200.jpg 300w\" sizes=\"auto, (max-width: 626px) 100vw, 626px\" \/><\/a><figcaption class=\"wp-element-caption\"><a href=\"https:\/\/kirchenburgen.org\/ro\/freiwillige-fachleute-erhalten-siebenbuergisches-kulturerbe\/\">European Heritage Volunteers (2021)<\/a><\/figcaption><\/figure>\n\n\n\n<figure class=\"wp-block-image size-full\"><a href=\"https:\/\/kirchenburgen.org\/ro\/activitati\/conservare-si-restaurare\/program-acoperisuri\/hands-on-conservation-ii\/\"><img loading=\"lazy\" decoding=\"async\" width=\"800\" height=\"600\" data-id=\"16646\" src=\"https:\/\/kirchenburgen.org\/wp-content\/uploads\/2023\/01\/RAOULPOP-2019-08-29-17-23-22-8290672-1.jpg\" alt=\"\" class=\"wp-image-16646\" srcset=\"https:\/\/kirchenburgen.org\/wp-content\/uploads\/2023\/01\/RAOULPOP-2019-08-29-17-23-22-8290672-1.jpg 800w, https:\/\/kirchenburgen.org\/wp-content\/uploads\/2023\/01\/RAOULPOP-2019-08-29-17-23-22-8290672-1-300x225.jpg 300w\" sizes=\"auto, (max-width: 800px) 100vw, 800px\" \/><\/a><figcaption class=\"wp-element-caption\"><a href=\"https:\/\/kirchenburgen.org\/ro\/als-wuerde-dieser-ort-im-himmel-schweben\/\">Hands on Conservation II (2019)<\/a><\/figcaption><\/figure>\n\n\n\n<figure class=\"wp-block-image size-large\"><a href=\"https:\/\/kirchenburgen.org\/ro\/hands-on-conservation\/\"><img loading=\"lazy\" decoding=\"async\" width=\"1024\" height=\"768\" data-id=\"16576\" src=\"https:\/\/kirchenburgen.org\/wp-content\/uploads\/2023\/01\/IMG-20180718-WA0001-1-1024x768.jpg\" alt=\"\" class=\"wp-image-16576\" srcset=\"https:\/\/kirchenburgen.org\/wp-content\/uploads\/2023\/01\/IMG-20180718-WA0001-1-1024x768.jpg 1024w, https:\/\/kirchenburgen.org\/wp-content\/uploads\/2023\/01\/IMG-20180718-WA0001-1-300x225.jpg 300w, https:\/\/kirchenburgen.org\/wp-content\/uploads\/2023\/01\/IMG-20180718-WA0001-1-1536x1152.jpg 1536w, https:\/\/kirchenburgen.org\/wp-content\/uploads\/2023\/01\/IMG-20180718-WA0001-1.jpg 1600w\" sizes=\"auto, (max-width: 1024px) 100vw, 1024px\" \/><\/a><figcaption class=\"wp-element-caption\"><a href=\"https:\/\/kirchenburgen.org\/ro\/hands-on-conservation\/\">Hands on Conservation I (2018)<\/a><\/figcaption><\/figure>\n\n\n\n<figure class=\"wp-block-image size-large\"><a href=\"https:\/\/kirchenburgen.org\/ro\/activitati\/workshops\/2018_burghueter-2\/\"><img loading=\"lazy\" decoding=\"async\" width=\"1024\" height=\"683\" data-id=\"15096\" src=\"https:\/\/kirchenburgen.org\/wp-content\/uploads\/2022\/05\/2018_Burghueter-1024x683.jpg\" alt=\"\" class=\"wp-image-15096\" srcset=\"https:\/\/kirchenburgen.org\/wp-content\/uploads\/2022\/05\/2018_Burghueter-1024x683.jpg 1024w, https:\/\/kirchenburgen.org\/wp-content\/uploads\/2022\/05\/2018_Burghueter-300x200.jpg 300w, https:\/\/kirchenburgen.org\/wp-content\/uploads\/2022\/05\/2018_Burghueter.jpg 1200w\" sizes=\"auto, (max-width: 1024px) 100vw, 1024px\" \/><\/a><figcaption class=\"wp-element-caption\"><a href=\"https:\/\/kirchenburgen.org\/ro\/burghueter-workshop-hoc-modul-3\/\">Burgh\u00fcter-Workshop&nbsp;(2018)<\/a><\/figcaption><\/figure>\n\n\n\n<figure class=\"wp-block-image size-large\"><a href=\"https:\/\/kirchenburgen.org\/ro\/activitati\/workshops\/2017_viscri-2\/\"><img loading=\"lazy\" decoding=\"async\" width=\"1024\" height=\"683\" data-id=\"15093\" src=\"https:\/\/kirchenburgen.org\/wp-content\/uploads\/2022\/05\/2017_Viscri-1024x683.jpg\" alt=\"\" class=\"wp-image-15093\" srcset=\"https:\/\/kirchenburgen.org\/wp-content\/uploads\/2022\/05\/2017_Viscri-1024x683.jpg 1024w, https:\/\/kirchenburgen.org\/wp-content\/uploads\/2022\/05\/2017_Viscri-300x200.jpg 300w, https:\/\/kirchenburgen.org\/wp-content\/uploads\/2022\/05\/2017_Viscri.jpg 1200w\" sizes=\"auto, (max-width: 1024px) 100vw, 1024px\" \/><\/a><figcaption class=\"wp-element-caption\"><a href=\"#\">Viscri \/ Deutsch-Wei\u00dfkirch (2017)<\/a><\/figcaption><\/figure>\n\n\n\n<figure class=\"wp-block-image size-large\"><a href=\"https:\/\/kirchenburgen.org\/ro\/activitati\/workshops\/2016_viscri-1-2\/\"><img loading=\"lazy\" decoding=\"async\" width=\"1024\" height=\"679\" data-id=\"15105\" src=\"https:\/\/kirchenburgen.org\/wp-content\/uploads\/2022\/05\/2016_Viscri-1-1024x679.jpg\" alt=\"Hands on Conservation IV (2023)\" class=\"wp-image-15105\" srcset=\"https:\/\/kirchenburgen.org\/wp-content\/uploads\/2022\/05\/2016_Viscri-1-1024x679.jpg 1024w, https:\/\/kirchenburgen.org\/wp-content\/uploads\/2022\/05\/2016_Viscri-1-300x199.jpg 300w, https:\/\/kirchenburgen.org\/wp-content\/uploads\/2022\/05\/2016_Viscri-1.jpg 1200w\" sizes=\"auto, (max-width: 1024px) 100vw, 1024px\" \/><\/a><figcaption class=\"wp-element-caption\"><a href=\"https:\/\/kirchenburgen.org\/ro\/fortbildung-denkmalpflege\/\">Viscri \/ Deutsch-Wei\u00dfkirch (2016)<\/a><\/figcaption><\/figure>\n<\/figure>\n\n\n\n<p><\/p>\n","protected":false},"excerpt":{"rendered":"<p>Prin activit\u0103\u021bile sale, Funda\u021bia Biserici Fortificate \u00ee\u0219i propune s\u0103 deschid\u0103 bisericile fortificate c\u0103tre vizitatori prin interpretarea patrimoniului \u2013 nu ca o lec\u021bie, ci ca o invita\u021bie la explorare. Atelierele \u0219i materialele dezvoltate devin puncte de pornire pentru \u00eentreb\u0103ri: cine a construit aceste fortifica\u021bii \u0219i de ce? cum erau ele folosite? ce pot \u00eensemna ast\u0103zi pentru [&hellip;]<\/p>\n","protected":false},"author":2,"featured_media":0,"parent":1388,"menu_order":0,"comment_status":"closed","ping_status":"closed","template":"","meta":{"_acf_changed":false,"footnotes":""},"class_list":["post-1426","page","type-page","status-publish","czr-hentry"],"acf":[],"_links":{"self":[{"href":"https:\/\/kirchenburgen.org\/ro\/wp-json\/wp\/v2\/pages\/1426","targetHints":{"allow":["GET"]}}],"collection":[{"href":"https:\/\/kirchenburgen.org\/ro\/wp-json\/wp\/v2\/pages"}],"about":[{"href":"https:\/\/kirchenburgen.org\/ro\/wp-json\/wp\/v2\/types\/page"}],"author":[{"embeddable":true,"href":"https:\/\/kirchenburgen.org\/ro\/wp-json\/wp\/v2\/users\/2"}],"replies":[{"embeddable":true,"href":"https:\/\/kirchenburgen.org\/ro\/wp-json\/wp\/v2\/comments?post=1426"}],"version-history":[{"count":75,"href":"https:\/\/kirchenburgen.org\/ro\/wp-json\/wp\/v2\/pages\/1426\/revisions"}],"predecessor-version":[{"id":22645,"href":"https:\/\/kirchenburgen.org\/ro\/wp-json\/wp\/v2\/pages\/1426\/revisions\/22645"}],"up":[{"embeddable":true,"href":"https:\/\/kirchenburgen.org\/ro\/wp-json\/wp\/v2\/pages\/1388"}],"wp:attachment":[{"href":"https:\/\/kirchenburgen.org\/ro\/wp-json\/wp\/v2\/media?parent=1426"}],"curies":[{"name":"wp","href":"https:\/\/api.w.org\/{rel}","templated":true}]}}