{"id":1431,"date":"2016-05-26T09:13:56","date_gmt":"2016-05-26T09:13:56","guid":{"rendered":"http:\/\/kirchenburgen.org\/ro\/?page_id=1431"},"modified":"2026-03-19T10:50:04","modified_gmt":"2026-03-19T10:50:04","slug":"donatii","status":"publish","type":"page","link":"https:\/\/kirchenburgen.org\/ro\/implicare\/donatii\/","title":{"rendered":"Dona\u021bii"},"content":{"rendered":"\n<p>V\u0103 rug\u0103m s\u0103 re\u021bine\u021bi c\u0103 sumele donate sunt actualizate o dat\u0103 pe lun\u0103. V\u0103 mul\u021bumim pentru \u00een\u021belegere.<\/p>\n\n\n\n<p><\/p>\n\n\n\n<div style=\"height:10px\" aria-hidden=\"true\" class=\"wp-block-spacer\"><\/div>\n\n\n\n<div class=\"wp-block-columns is-layout-flex wp-container-core-columns-is-layout-9d6595d7 wp-block-columns-is-layout-flex\">\n<div class=\"wp-block-column is-layout-flow wp-block-column-is-layout-flow\">\n<h3 class=\"wp-block-heading\">Movile <\/h3>\n\n\n\n<p><\/p>\n\n\n<div class=\"wp-block-image\">\n<figure class=\"alignleft size-full is-resized\"><a href=\"https:\/\/kirchenburgen.org\/ro\/delicii-culinare-istorie-si-comunitate-debut-de-succes-la-movile-pentru-noul-concept-de-brunch-in-bisericile-fortificate\/\"><img loading=\"lazy\" decoding=\"async\" width=\"500\" height=\"500\" src=\"https:\/\/kirchenburgen.org\/wp-content\/uploads\/2025\/05\/Movile.jpg\" alt=\"\" class=\"wp-image-20785\" style=\"width:150px;height:150px\" srcset=\"https:\/\/kirchenburgen.org\/wp-content\/uploads\/2025\/05\/Movile.jpg 500w, https:\/\/kirchenburgen.org\/wp-content\/uploads\/2025\/05\/Movile-300x300.jpg 300w, https:\/\/kirchenburgen.org\/wp-content\/uploads\/2025\/05\/Movile-150x150.jpg 150w\" sizes=\"auto, (max-width: 500px) 100vw, 500px\" \/><\/a><\/figure><\/div>\n\n\n<p>Renovarea \u0219i amenajarea unei \u00eenc\u0103peri din fosta \u0218coal\u0103 S\u0103seasc\u0103 ca spa\u021biu comunitar \u0219i pentru vizitatori.<\/p>\n\n\n\n<p>Un proiect \u00een colaborare cu Asociatia Churchfortress Friends of Movile<\/p>\n\n\n\n<div style=\"height:1px\" aria-hidden=\"true\" class=\"wp-block-spacer\"><\/div>\n\n\n\n<h5 class=\"wp-block-heading\"><strong>Suma necesar\u0103: 2.000,00 EUR<\/strong><\/h5>\n\n\n\n<h5 class=\"wp-block-heading\"><strong>Dona\u021bii actuale: (20.03.2026): <strong>350<\/strong>,00<\/strong>\u00a0<strong>EUR<\/strong><\/h5>\n\n\n\n<div id=\"skillbar_straight\" style=\"padding:10px 0;\">\n    <div class=\"skillbar clearfix\" data-percent=\"17.5%\" style=\"background: #eeeeee;\">\r\n\t\t\t\t<div class=\"skillbar-title\" style=\"background: #962d45 !important;\"><span><\/span><\/div>\r\n\t\t\t\t<div class=\"skillbar-bar\" style=\"background: #962d45;\"><\/div>\r\n\t\t\t\t<div class=\"skill-bar-percent\">17.5%<\/div>\r\n\t\t\t<\/div>\n\n<div style=\"clear:both;\"><\/div>\n<\/div>\n<div style=\"clear:both; height:10px; overflow:hidden;\"><\/div>\n<style type=\"text\/css\">.skillbar-title{font-size:12px;color:#000;}.skill-bar-percent{font-size:11px;color:#962d45;}<\/style><script>\r\n\t\t\t\tfunction sbar(){\r\n\t\t\t\t\tjQuery(\".skillbar\").each(function(){\r\n\t\t\t\t\t\tjQuery(this).find(\".skillbar-bar\").animate({\r\n\t\t\t\t\t\t\twidth:jQuery(this).attr(\"data-percent\")\r\n\t\t\t\t\t\t},3000);\r\n\t\t\t\t\t});\t\r\n\t\t\t\t}\r\n\t\t\t\tif ( jQuery(\"#skillbar_straight\").next().is(\":appeared\") ){\r\n\t\t\t\t\tsbar();\r\n\t\t\t\t} else {\r\n\t\t\t\t\tjQuery( window ).scroll(function() {\r\n\t\t\t\t\t\tif ( jQuery(\"#skillbar_straight\").next().is(\":appeared\") ){\r\n\t\t\t\t\t\t\tsbar();\r\n\t\t\t\t\t\t}\r\n\t\t\t\t\t});\r\n\t\t\t\t}\r\n\t\t\t\t<\/script>\n<\/div>\n\n\n\n<div class=\"wp-block-column is-layout-flow wp-block-column-is-layout-flow\">\n<h3 class=\"wp-block-heading\">Curciu<\/h3>\n\n\n\n<p><\/p>\n\n\n<div class=\"wp-block-image\">\n<figure class=\"alignleft size-full is-resized\"><a href=\"https:\/\/kirchenburgen.org\/ro\/transilvanian-brunch-a-doua-editie-curciu-un-exemplu-de-urmat\/\"><img loading=\"lazy\" decoding=\"async\" width=\"500\" height=\"500\" src=\"https:\/\/kirchenburgen.org\/wp-content\/uploads\/2025\/05\/Curciu.jpeg\" alt=\"\" class=\"wp-image-20790\" style=\"object-fit:cover;width:150px;height:150px\" srcset=\"https:\/\/kirchenburgen.org\/wp-content\/uploads\/2025\/05\/Curciu.jpeg 500w, https:\/\/kirchenburgen.org\/wp-content\/uploads\/2025\/05\/Curciu-300x300.jpeg 300w, https:\/\/kirchenburgen.org\/wp-content\/uploads\/2025\/05\/Curciu-150x150.jpeg 150w\" sizes=\"auto, (max-width: 500px) 100vw, 500px\" \/><\/a><\/figure><\/div>\n\n\n<p>Renovarea \u0219i reamenajarea sacristiei Bisericii Evanghelice \u00eentr-un mic spa\u021biu expozi\u021bional \u0219i ateliere pentru copii.<\/p>\n\n\n\n<div style=\"height:1px\" aria-hidden=\"true\" class=\"wp-block-spacer\"><\/div>\n\n\n\n<h5 class=\"wp-block-heading\"><strong>Suma necesar\u0103: 10.000,00 EUR<\/strong><\/h5>\n\n\n\n<h5 class=\"wp-block-heading\"><strong>Dona\u021bii actuale: (20.03.2026): <strong>400<\/strong>,00<\/strong>\u00a0<strong>EUR<\/strong><\/h5>\n\n\n\n<div id=\"skillbar_straight\" style=\"padding:10px 0;\">\n    <div class=\"skillbar clearfix\" data-percent=\"2%\" style=\"background: #eeeeee;\">\r\n\t\t\t\t<div class=\"skillbar-title\" style=\"background: #962d45 !important;\"><span><\/span><\/div>\r\n\t\t\t\t<div class=\"skillbar-bar\" style=\"background: #962d45;\"><\/div>\r\n\t\t\t\t<div class=\"skill-bar-percent\">2%<\/div>\r\n\t\t\t<\/div>\n\n<div style=\"clear:both;\"><\/div>\n<\/div>\n<div style=\"clear:both; height:10px; overflow:hidden;\"><\/div>\n<style type=\"text\/css\">.skillbar-title{font-size:12px;color:#000;}.skill-bar-percent{font-size:11px;color:#962d45;}<\/style><script>\r\n\t\t\t\tfunction sbar(){\r\n\t\t\t\t\tjQuery(\".skillbar\").each(function(){\r\n\t\t\t\t\t\tjQuery(this).find(\".skillbar-bar\").animate({\r\n\t\t\t\t\t\t\twidth:jQuery(this).attr(\"data-percent\")\r\n\t\t\t\t\t\t},3000);\r\n\t\t\t\t\t});\t\r\n\t\t\t\t}\r\n\t\t\t\tif ( jQuery(\"#skillbar_straight\").next().is(\":appeared\") ){\r\n\t\t\t\t\tsbar();\r\n\t\t\t\t} else {\r\n\t\t\t\t\tjQuery( window ).scroll(function() {\r\n\t\t\t\t\t\tif ( jQuery(\"#skillbar_straight\").next().is(\":appeared\") ){\r\n\t\t\t\t\t\t\tsbar();\r\n\t\t\t\t\t\t}\r\n\t\t\t\t\t});\r\n\t\t\t\t}\r\n\t\t\t\t<\/script>\n<\/div>\n<\/div>\n\n\n\n<div style=\"height:10px\" aria-hidden=\"true\" class=\"wp-block-spacer\"><\/div>\n\n\n\n<div class=\"wp-block-columns is-layout-flex wp-container-core-columns-is-layout-9d6595d7 wp-block-columns-is-layout-flex\">\n<div class=\"wp-block-column is-layout-flow wp-block-column-is-layout-flow\">\n<h3 class=\"wp-block-heading\">Cop\u0219a Mare<\/h3>\n\n\n\n<p><\/p>\n\n\n<div class=\"wp-block-image\">\n<figure class=\"alignleft size-full is-resized\"><img loading=\"lazy\" decoding=\"async\" width=\"559\" height=\"419\" src=\"https:\/\/kirchenburgen.org\/wp-content\/uploads\/2025\/12\/GrossKopisch.jpg\" alt=\"\" class=\"wp-image-22205\" style=\"width:150px;height:149px\" srcset=\"https:\/\/kirchenburgen.org\/wp-content\/uploads\/2025\/12\/GrossKopisch.jpg 559w, https:\/\/kirchenburgen.org\/wp-content\/uploads\/2025\/12\/GrossKopisch-300x225.jpg 300w\" sizes=\"auto, (max-width: 559px) 100vw, 559px\" \/><\/figure><\/div>\n\n\n<p>Repara\u021bii la acoperi\u0219ul navei gotice t\u00e2rzii \u2013 Etapa 1 (latura sudic\u0103)<br>Conservarea \u00eenvelitorii istorice din \u021bigl\u0103, repararea elementelor structurale din lemn \u0219i amenajarea accesului pentru vizitatori.<\/p>\n\n\n\n<p>Proiect realizat \u00een parteneriat cu asocia\u021bia Pro Gro\u00df Kopisch e.V.<\/p>\n\n\n\n<div style=\"height:3px\" aria-hidden=\"true\" class=\"wp-block-spacer\"><\/div>\n\n\n\n<h5 class=\"wp-block-heading\"><strong><strong><strong>Suma necesar\u0103:<\/strong> 10.000<\/strong>,00&nbsp;EUR<\/strong><\/h5>\n\n\n\n<h5 class=\"wp-block-heading\"><strong><strong>Dona\u021bii actuale:<\/strong><\/strong> <strong>(20.03.2026<strong>): <strong>0.0<\/strong><\/strong>,00\u00a0EUR<\/strong><\/h5>\n\n\n\n<div id=\"skillbar_straight\" style=\"padding:10px 0;\">\n    <div class=\"skillbar clearfix\" data-percent=\"0.0%\" style=\"background: #eeeeee;\">\r\n\t\t\t\t<div class=\"skillbar-title\" style=\"background: #962d45 !important;\"><span><\/span><\/div>\r\n\t\t\t\t<div class=\"skillbar-bar\" style=\"background: #962d45;\"><\/div>\r\n\t\t\t\t<div class=\"skill-bar-percent\">0.0%<\/div>\r\n\t\t\t<\/div>\n\n<div style=\"clear:both;\"><\/div>\n<\/div>\n<div style=\"clear:both; height:10px; overflow:hidden;\"><\/div>\n<style type=\"text\/css\">.skillbar-title{font-size:12px;color:#000;}.skill-bar-percent{font-size:11px;color:#962d45;}<\/style><script>\r\n\t\t\t\tfunction sbar(){\r\n\t\t\t\t\tjQuery(\".skillbar\").each(function(){\r\n\t\t\t\t\t\tjQuery(this).find(\".skillbar-bar\").animate({\r\n\t\t\t\t\t\t\twidth:jQuery(this).attr(\"data-percent\")\r\n\t\t\t\t\t\t},3000);\r\n\t\t\t\t\t});\t\r\n\t\t\t\t}\r\n\t\t\t\tif ( jQuery(\"#skillbar_straight\").next().is(\":appeared\") ){\r\n\t\t\t\t\tsbar();\r\n\t\t\t\t} else {\r\n\t\t\t\t\tjQuery( window ).scroll(function() {\r\n\t\t\t\t\t\tif ( jQuery(\"#skillbar_straight\").next().is(\":appeared\") ){\r\n\t\t\t\t\t\t\tsbar();\r\n\t\t\t\t\t\t}\r\n\t\t\t\t\t});\r\n\t\t\t\t}\r\n\t\t\t\t<\/script>\n<\/div>\n\n\n\n<div class=\"wp-block-column is-layout-flow wp-block-column-is-layout-flow\">\n<h3 class=\"wp-block-heading\">Toarcla <\/h3>\n\n\n\n<p><\/p>\n\n\n<div class=\"wp-block-image\">\n<figure class=\"alignleft size-thumbnail\"><img loading=\"lazy\" decoding=\"async\" width=\"150\" height=\"150\" src=\"https:\/\/kirchenburgen.org\/wp-content\/uploads\/2023\/11\/featimage-3-150x150.jpg\" alt=\"\" class=\"wp-image-18906\"\/><\/figure><\/div>\n\n\n<p>Se impune o repara\u021bie urgent\u0103 a acoperi\u0219ului absidei, urmat\u0103 de lucr\u0103ri la acoperi\u0219ul corului.<\/p>\n\n\n\n<p>Proiect realizat \u00een parteneriat cu ini\u021biativa \u201ePrietenii Bisericii Fortificate Toarcla\u201d.<br><\/p>\n\n\n\n<div style=\"height:1px\" aria-hidden=\"true\" class=\"wp-block-spacer\"><\/div>\n\n\n\n<h5 class=\"wp-block-heading\"><strong>Suma necesar\u0103: 9.000,00&nbsp;EUR<\/strong><\/h5>\n\n\n\n<h5 class=\"wp-block-heading\"><strong><strong>Dona\u021bii actuale:<\/strong><\/strong> <strong>(20.03.2026)<strong>: 1.657<\/strong>,00\u00a0EUR<\/strong><\/h5>\n\n\n\n<div id=\"skillbar_straight\" style=\"padding:10px 0;\">\n    <div class=\"skillbar clearfix\" data-percent=\"18.41%\" style=\"background: #eeeeee;\">\r\n\t\t\t\t<div class=\"skillbar-title\" style=\"background: #962d45 !important;\"><span><\/span><\/div>\r\n\t\t\t\t<div class=\"skillbar-bar\" style=\"background: #962d45;\"><\/div>\r\n\t\t\t\t<div class=\"skill-bar-percent\">18.41%<\/div>\r\n\t\t\t<\/div>\n\n<div style=\"clear:both;\"><\/div>\n<\/div>\n<div style=\"clear:both; height:10px; overflow:hidden;\"><\/div>\n<style type=\"text\/css\">.skillbar-title{font-size:12px;color:#000;}.skill-bar-percent{font-size:11px;color:#962d45;}<\/style><script>\r\n\t\t\t\tfunction sbar(){\r\n\t\t\t\t\tjQuery(\".skillbar\").each(function(){\r\n\t\t\t\t\t\tjQuery(this).find(\".skillbar-bar\").animate({\r\n\t\t\t\t\t\t\twidth:jQuery(this).attr(\"data-percent\")\r\n\t\t\t\t\t\t},3000);\r\n\t\t\t\t\t});\t\r\n\t\t\t\t}\r\n\t\t\t\tif ( jQuery(\"#skillbar_straight\").next().is(\":appeared\") ){\r\n\t\t\t\t\tsbar();\r\n\t\t\t\t} else {\r\n\t\t\t\t\tjQuery( window ).scroll(function() {\r\n\t\t\t\t\t\tif ( jQuery(\"#skillbar_straight\").next().is(\":appeared\") ){\r\n\t\t\t\t\t\t\tsbar();\r\n\t\t\t\t\t\t}\r\n\t\t\t\t\t});\r\n\t\t\t\t}\r\n\t\t\t\t<\/script>\n<\/div>\n<\/div>\n\n\n\n<div class=\"wp-block-columns is-layout-flex wp-container-core-columns-is-layout-9d6595d7 wp-block-columns-is-layout-flex\">\n<div class=\"wp-block-column is-layout-flow wp-block-column-is-layout-flow\">\n<h3 class=\"wp-block-heading\">M\u0103gheru\u0219<\/h3>\n\n\n\n<p><\/p>\n\n\n<div class=\"wp-block-image\">\n<figure class=\"alignleft size-full is-resized\"><img loading=\"lazy\" decoding=\"async\" width=\"208\" height=\"199\" src=\"https:\/\/kirchenburgen.org\/wp-content\/uploads\/2025\/11\/maniersch1_aussen1-1.jpg\" alt=\"\" class=\"wp-image-22114\" style=\"width:150px;height:149px\"\/><\/figure><\/div>\n\n\n<p>Lucr\u0103ri de reabilitare a zonei de acces cu trepte \u0219i poarta de intrare, \u00eembun\u0103t\u0103\u021birea sistemului de scurgere a apei pluviale prin prelungirea burlanelor, amenajarea unui \u0219an\u021b la nordul bisericii \u0219i cur\u0103\u021barea jgheaburilor, precum \u0219i confec\u021bionarea \u0219i montarea unei noi u\u0219i de lemn la intrarea sudic\u0103.<br><\/p>\n\n\n\n<h5 class=\"wp-block-heading\"><strong><strong><strong>Suma necesar\u0103:<\/strong> <\/strong>5.000,00&nbsp;EUR<\/strong><\/h5>\n\n\n\n<h5 class=\"wp-block-heading\"><strong><strong>Dona\u021bii actuale:<\/strong><\/strong> <strong>(20.03.2026<strong>): 5.200<\/strong>,00\u00a0EUR<\/strong><\/h5>\n\n\n\n<div id=\"skillbar_straight\" style=\"padding:10px 0;\">\n    <div class=\"skillbar clearfix\" data-percent=\"100.0%\" style=\"background: #eeeeee;\">\r\n\t\t\t\t<div class=\"skillbar-title\" style=\"background: #962d45 !important;\"><span><\/span><\/div>\r\n\t\t\t\t<div class=\"skillbar-bar\" style=\"background: #962d45;\"><\/div>\r\n\t\t\t\t<div class=\"skill-bar-percent\">100.0%<\/div>\r\n\t\t\t<\/div>\n\n<div style=\"clear:both;\"><\/div>\n<\/div>\n<div style=\"clear:both; height:10px; overflow:hidden;\"><\/div>\n<style type=\"text\/css\">.skillbar-title{font-size:12px;color:#000;}.skill-bar-percent{font-size:11px;color:#962d45;}<\/style><script>\r\n\t\t\t\tfunction sbar(){\r\n\t\t\t\t\tjQuery(\".skillbar\").each(function(){\r\n\t\t\t\t\t\tjQuery(this).find(\".skillbar-bar\").animate({\r\n\t\t\t\t\t\t\twidth:jQuery(this).attr(\"data-percent\")\r\n\t\t\t\t\t\t},3000);\r\n\t\t\t\t\t});\t\r\n\t\t\t\t}\r\n\t\t\t\tif ( jQuery(\"#skillbar_straight\").next().is(\":appeared\") ){\r\n\t\t\t\t\tsbar();\r\n\t\t\t\t} else {\r\n\t\t\t\t\tjQuery( window ).scroll(function() {\r\n\t\t\t\t\t\tif ( jQuery(\"#skillbar_straight\").next().is(\":appeared\") ){\r\n\t\t\t\t\t\t\tsbar();\r\n\t\t\t\t\t\t}\r\n\t\t\t\t\t});\r\n\t\t\t\t}\r\n\t\t\t\t<\/script>\n<\/div>\n\n\n\n<div class=\"wp-block-column is-layout-flow wp-block-column-is-layout-flow\">\n<h3 class=\"wp-block-heading\">\u0218oar\u0219<\/h3>\n\n\n\n<p><\/p>\n\n\n<div class=\"wp-block-image\">\n<figure class=\"alignleft size-full is-resized\"><img loading=\"lazy\" decoding=\"async\" width=\"630\" height=\"630\" src=\"https:\/\/kirchenburgen.org\/wp-content\/uploads\/2025\/05\/scharosch-1024x630-1.jpg\" alt=\"\" class=\"wp-image-20804\" style=\"width:150px;height:149px\" srcset=\"https:\/\/kirchenburgen.org\/wp-content\/uploads\/2025\/05\/scharosch-1024x630-1.jpg 630w, https:\/\/kirchenburgen.org\/wp-content\/uploads\/2025\/05\/scharosch-1024x630-1-300x300.jpg 300w, https:\/\/kirchenburgen.org\/wp-content\/uploads\/2025\/05\/scharosch-1024x630-1-150x150.jpg 150w, https:\/\/kirchenburgen.org\/wp-content\/uploads\/2025\/05\/scharosch-1024x630-1-510x510.jpg 510w\" sizes=\"auto, (max-width: 630px) 100vw, 630px\" \/><\/figure><\/div>\n\n\n<p>Restaurarea ferestrelor bisericii, precum \u0219i \u00eentre\u021binerea \u0219i \u00eengrijirea continu\u0103 a ceasului istoric al turnului, pus \u00een stare de func\u021bionare.<\/p>\n\n\n\n<p><\/p>\n\n\n\n<p><\/p>\n\n\n\n<h5 class=\"wp-block-heading\"><strong><strong><strong>Suma necesar\u0103:<\/strong> <\/strong>4.500,00&nbsp;EUR<\/strong><\/h5>\n\n\n\n<h5 class=\"wp-block-heading\"><strong><strong>Dona\u021bii actuale:<\/strong><\/strong> <strong>(20.03.2026<strong>): 4.625<\/strong>,00\u00a0EUR<\/strong><\/h5>\n\n\n\n<div id=\"skillbar_straight\" style=\"padding:10px 0;\">\n    <div class=\"skillbar clearfix\" data-percent=\"100.0%\" style=\"background: #eeeeee;\">\r\n\t\t\t\t<div class=\"skillbar-title\" style=\"background: #962d45 !important;\"><span><\/span><\/div>\r\n\t\t\t\t<div class=\"skillbar-bar\" style=\"background: #962d45;\"><\/div>\r\n\t\t\t\t<div class=\"skill-bar-percent\">100.0%<\/div>\r\n\t\t\t<\/div>\n\n<div style=\"clear:both;\"><\/div>\n<\/div>\n<div style=\"clear:both; height:10px; overflow:hidden;\"><\/div>\n<style type=\"text\/css\">.skillbar-title{font-size:12px;color:#000;}.skill-bar-percent{font-size:11px;color:#962d45;}<\/style><script>\r\n\t\t\t\tfunction sbar(){\r\n\t\t\t\t\tjQuery(\".skillbar\").each(function(){\r\n\t\t\t\t\t\tjQuery(this).find(\".skillbar-bar\").animate({\r\n\t\t\t\t\t\t\twidth:jQuery(this).attr(\"data-percent\")\r\n\t\t\t\t\t\t},3000);\r\n\t\t\t\t\t});\t\r\n\t\t\t\t}\r\n\t\t\t\tif ( jQuery(\"#skillbar_straight\").next().is(\":appeared\") ){\r\n\t\t\t\t\tsbar();\r\n\t\t\t\t} else {\r\n\t\t\t\t\tjQuery( window ).scroll(function() {\r\n\t\t\t\t\t\tif ( jQuery(\"#skillbar_straight\").next().is(\":appeared\") ){\r\n\t\t\t\t\t\t\tsbar();\r\n\t\t\t\t\t\t}\r\n\t\t\t\t\t});\r\n\t\t\t\t}\r\n\t\t\t\t<\/script>\n\n\n\n<h3 class=\"wp-block-heading\">M\u0103ieru\u0219<\/h3>\n\n\n\n<p><\/p>\n\n\n<div class=\"wp-block-image\">\n<figure class=\"alignleft size-full is-resized\"><img loading=\"lazy\" decoding=\"async\" width=\"1200\" height=\"1600\" src=\"https:\/\/kirchenburgen.org\/wp-content\/uploads\/2025\/11\/2025_10_15-2.jpg\" alt=\"\" class=\"wp-image-22098\" style=\"width:150px;height:149px\" srcset=\"https:\/\/kirchenburgen.org\/wp-content\/uploads\/2025\/11\/2025_10_15-2.jpg 1200w, https:\/\/kirchenburgen.org\/wp-content\/uploads\/2025\/11\/2025_10_15-2-225x300.jpg 225w, https:\/\/kirchenburgen.org\/wp-content\/uploads\/2025\/11\/2025_10_15-2-768x1024.jpg 768w, https:\/\/kirchenburgen.org\/wp-content\/uploads\/2025\/11\/2025_10_15-2-1152x1536.jpg 1152w\" sizes=\"auto, (max-width: 1200px) 100vw, 1200px\" \/><\/figure><\/div>\n\n\n<p>Reducerea umidit\u0103\u021bii \u00een zid\u0103rie, \u00eenlocuirea scocurilor \u0219i burlanelor. \u00centocmirea unei documenta\u021bii simplificate.<\/p>\n\n\n\n<p><\/p>\n\n\n\n<p><\/p>\n\n\n\n<h5 class=\"wp-block-heading\"><strong><strong><strong>Suma necesar\u0103:<\/strong> <\/strong>7.000,00&nbsp;EUR<\/strong><\/h5>\n\n\n\n<h5 class=\"wp-block-heading\"><strong><strong>Dona\u021bii actuale:<\/strong><\/strong> <strong>(20.03.2026<strong>): 725<\/strong>,00\u00a0EUR<\/strong><\/h5>\n\n\n\n<div id=\"skillbar_straight\" style=\"padding:10px 0;\">\n    <div class=\"skillbar clearfix\" data-percent=\"10.35%\" style=\"background: #eeeeee;\">\r\n\t\t\t\t<div class=\"skillbar-title\" style=\"background: #962d45 !important;\"><span><\/span><\/div>\r\n\t\t\t\t<div class=\"skillbar-bar\" style=\"background: #962d45;\"><\/div>\r\n\t\t\t\t<div class=\"skill-bar-percent\">10.35%<\/div>\r\n\t\t\t<\/div>\n\n<div style=\"clear:both;\"><\/div>\n<\/div>\n<div style=\"clear:both; height:10px; overflow:hidden;\"><\/div>\n<style type=\"text\/css\">.skillbar-title{font-size:12px;color:#000;}.skill-bar-percent{font-size:11px;color:#962d45;}<\/style><script>\r\n\t\t\t\tfunction sbar(){\r\n\t\t\t\t\tjQuery(\".skillbar\").each(function(){\r\n\t\t\t\t\t\tjQuery(this).find(\".skillbar-bar\").animate({\r\n\t\t\t\t\t\t\twidth:jQuery(this).attr(\"data-percent\")\r\n\t\t\t\t\t\t},3000);\r\n\t\t\t\t\t});\t\r\n\t\t\t\t}\r\n\t\t\t\tif ( jQuery(\"#skillbar_straight\").next().is(\":appeared\") ){\r\n\t\t\t\t\tsbar();\r\n\t\t\t\t} else {\r\n\t\t\t\t\tjQuery( window ).scroll(function() {\r\n\t\t\t\t\t\tif ( jQuery(\"#skillbar_straight\").next().is(\":appeared\") ){\r\n\t\t\t\t\t\t\tsbar();\r\n\t\t\t\t\t\t}\r\n\t\t\t\t\t});\r\n\t\t\t\t}\r\n\t\t\t\t<\/script>\n<\/div>\n<\/div>\n\n\n\n<div style=\"height:10px\" aria-hidden=\"true\" class=\"wp-block-spacer\"><\/div>\n\n\n\n<div style=\"height:10px\" aria-hidden=\"true\" class=\"wp-block-spacer\"><\/div>\n\n\n\n<div style=\"height:20px\" aria-hidden=\"true\" class=\"wp-block-spacer\"><\/div>\n\n\n\n<div style=\"height:10px\" aria-hidden=\"true\" class=\"wp-block-spacer\"><\/div>\n\n\n\n<div style=\"height:10px\" aria-hidden=\"true\" class=\"wp-block-spacer\"><\/div>\n\n\n\n<h4 class=\"wp-block-heading\">Dona\u021bii \u00een scopul m\u0103ririi capitalului social<\/h4>\n\n\n\n<p>Dac\u0103 dori\u021bi s\u0103 sus\u021bine\u021bi pe termen lung activitatea Funda\u021biei Biserici Fortificate, v\u0103 invit\u0103m s\u0103 contribui\u021bi printr-o dona\u021bie destinat\u0103 major\u0103rii capitalului social. Aceast\u0103 contribu\u021bie cre\u0219te activele funda\u021biei \u0219i ne permite s\u0103 gener\u0103m venituri sustenabile, esen\u021biale pentru continuarea \u0219i extinderea proiectelor noastre.<\/p>\n\n\n\n<p><strong>Romania: Dona\u021bii \u00een LEI<br><\/strong>Titular cont: Fundatia Biserici Fortificate<br>IBAN: IBAN: RO02 BTRL RONC RT03 1735 8401<br>BIC: BTRL RO22<\/p>\n","protected":false},"excerpt":{"rendered":"<p>V\u0103 rug\u0103m s\u0103 re\u021bine\u021bi c\u0103 sumele donate sunt actualizate o dat\u0103 pe lun\u0103. V\u0103 mul\u021bumim pentru \u00een\u021belegere. Movile Renovarea \u0219i amenajarea unei \u00eenc\u0103peri din fosta \u0218coal\u0103 S\u0103seasc\u0103 ca spa\u021biu comunitar \u0219i pentru vizitatori. Un proiect \u00een colaborare cu Asociatia Churchfortress Friends of Movile Suma necesar\u0103: 2.000,00 EUR Dona\u021bii actuale: (20.03.2026): 350,00\u00a0EUR Curciu Renovarea \u0219i reamenajarea [&hellip;]<\/p>\n","protected":false},"author":2,"featured_media":0,"parent":1402,"menu_order":0,"comment_status":"closed","ping_status":"closed","template":"","meta":{"_acf_changed":false,"footnotes":""},"class_list":["post-1431","page","type-page","status-publish","czr-hentry"],"acf":[],"_links":{"self":[{"href":"https:\/\/kirchenburgen.org\/ro\/wp-json\/wp\/v2\/pages\/1431","targetHints":{"allow":["GET"]}}],"collection":[{"href":"https:\/\/kirchenburgen.org\/ro\/wp-json\/wp\/v2\/pages"}],"about":[{"href":"https:\/\/kirchenburgen.org\/ro\/wp-json\/wp\/v2\/types\/page"}],"author":[{"embeddable":true,"href":"https:\/\/kirchenburgen.org\/ro\/wp-json\/wp\/v2\/users\/2"}],"replies":[{"embeddable":true,"href":"https:\/\/kirchenburgen.org\/ro\/wp-json\/wp\/v2\/comments?post=1431"}],"version-history":[{"count":198,"href":"https:\/\/kirchenburgen.org\/ro\/wp-json\/wp\/v2\/pages\/1431\/revisions"}],"predecessor-version":[{"id":22422,"href":"https:\/\/kirchenburgen.org\/ro\/wp-json\/wp\/v2\/pages\/1431\/revisions\/22422"}],"up":[{"embeddable":true,"href":"https:\/\/kirchenburgen.org\/ro\/wp-json\/wp\/v2\/pages\/1402"}],"wp:attachment":[{"href":"https:\/\/kirchenburgen.org\/ro\/wp-json\/wp\/v2\/media?parent=1431"}],"curies":[{"name":"wp","href":"https:\/\/api.w.org\/{rel}","templated":true}]}}