{"id":1435,"date":"2016-05-26T09:16:20","date_gmt":"2016-05-26T09:16:20","guid":{"rendered":"http:\/\/kirchenburgen.org\/ro\/?page_id=1435"},"modified":"2019-07-31T08:05:03","modified_gmt":"2019-07-31T08:05:03","slug":"2-imposit","status":"publish","type":"page","link":"https:\/\/kirchenburgen.org\/ro\/implicare\/2-imposit\/","title":{"rendered":"2% impozit"},"content":{"rendered":"<h3>Ave<span lang=\"ro-RO\">\u021b<\/span>i un cuv<span lang=\"ro-RO\">\u00e2<\/span>nt de spus privind utilizarea impozitului!<\/h3>\n<p>Codul Fiscal prevede posibilitatea de a destina 2% din impozitul pe venitul anual pentru sus<span lang=\"ro-RO\">\u021b<\/span>inerea unei entit<span lang=\"ro-RO\">\u0103\u021b<\/span>i nonprofit, funda<span lang=\"ro-RO\">\u021bie sau asocia\u021b<\/span>ie, sau unei unit<span lang=\"ro-RO\">\u0103\u021bi de cult. Inten\u021bia este de a \u00eenlesni astfel sprijinirea activit\u0103\u021bilor de utilitate public\u0103 prin sus\u021binerea unor proiecte concrete \u0219i palpabile.<\/span><\/p>\n<p><span lang=\"ro-RO\">Fiecare contribuabil poate dispune asupra utiliz\u0103rii a 2% din <\/span><span lang=\"ro-RO\">impozitul pl\u0103tit pe venitul propriu. Pentru aceasta trebuie completat formularul declara\u021biei 230 care se depune ulterior la administa\u021bia fi\u00adnanciar\u0103 la care este arondat domiciliul contribuabilului.<\/span><\/p>\n<p><span lang=\"ro-RO\">Funda\u021bia Biserici Fortificate a\u0219teapt\u0103 \u00een acest sens sprjinul dvs. financiar pentru \u00eentre\u021binerea peisajului unic al bisericilor fortificate transilvane. Contribui\u021bi astfel \u00een mod concret la continuarea m\u0103surilor din cadrul programului de recondi\u021bionare a \u00eenvelitoarelor ale unor biserici afectate \u00een mod deosebit de degradare, program prin care se urm\u0103re\u0219te redarea circuitului turistic a acestor biserici. Aceste ansambluri arhitecturale deosebit de valoroase sunt situate de regul\u0103 \u00een centrul localit\u0103\u021bilor. Recondi\u021bionarea lor \u00een a\u0219a fel \u00eenc\u00e2t s\u0103 poat\u0103 fi vizitate din nou constituie un impuls pozitiv pentru turismul regional \u0219i deopotriv\u0103 pentru dezvoltarea economic\u0103 local\u0103.<\/span><\/p>\n<p><span lang=\"ro-RO\">V\u0103 invit\u0103m s\u0103 v\u0103 informa\u021bi pe site-ul nostru asupra activit\u0103\u021bilor noastre. Totodat\u0103 v\u0103 oferim posibilitatea de a desc\u0103rca <a href=\"https:\/\/kirchenburgen.org\/wp-content\/uploads\/2016\/05\/230_OPANAF_50_2019.pdf\" target=\"_blank\">formularul declara\u021biei 230<\/a>.<\/span><\/p>\n<p>&nbsp;<\/p>\n","protected":false},"excerpt":{"rendered":"<p>Ave\u021bi un cuv\u00e2nt de spus privind utilizarea impozitului! Codul Fiscal prevede posibilitatea de a destina 2% din impozitul pe venitul anual pentru sus\u021binerea unei entit\u0103\u021bi nonprofit, funda\u021bie sau asocia\u021bie, sau unei unit\u0103\u021bi de cult. Inten\u021bia este de a \u00eenlesni astfel sprijinirea activit\u0103\u021bilor de utilitate public\u0103 prin sus\u021binerea unor proiecte concrete \u0219i palpabile. Fiecare contribuabil poate [&hellip;]<\/p>\n","protected":false},"author":2,"featured_media":0,"parent":1402,"menu_order":0,"comment_status":"closed","ping_status":"closed","template":"","meta":{"_acf_changed":false,"footnotes":""},"class_list":["post-1435","page","type-page","status-publish","czr-hentry"],"acf":[],"_links":{"self":[{"href":"https:\/\/kirchenburgen.org\/ro\/wp-json\/wp\/v2\/pages\/1435","targetHints":{"allow":["GET"]}}],"collection":[{"href":"https:\/\/kirchenburgen.org\/ro\/wp-json\/wp\/v2\/pages"}],"about":[{"href":"https:\/\/kirchenburgen.org\/ro\/wp-json\/wp\/v2\/types\/page"}],"author":[{"embeddable":true,"href":"https:\/\/kirchenburgen.org\/ro\/wp-json\/wp\/v2\/users\/2"}],"replies":[{"embeddable":true,"href":"https:\/\/kirchenburgen.org\/ro\/wp-json\/wp\/v2\/comments?post=1435"}],"version-history":[{"count":7,"href":"https:\/\/kirchenburgen.org\/ro\/wp-json\/wp\/v2\/pages\/1435\/revisions"}],"predecessor-version":[{"id":10512,"href":"https:\/\/kirchenburgen.org\/ro\/wp-json\/wp\/v2\/pages\/1435\/revisions\/10512"}],"up":[{"embeddable":true,"href":"https:\/\/kirchenburgen.org\/ro\/wp-json\/wp\/v2\/pages\/1402"}],"wp:attachment":[{"href":"https:\/\/kirchenburgen.org\/ro\/wp-json\/wp\/v2\/media?parent=1435"}],"curies":[{"name":"wp","href":"https:\/\/api.w.org\/{rel}","templated":true}]}}