{"id":1440,"date":"2016-05-26T09:17:43","date_gmt":"2016-05-26T09:17:43","guid":{"rendered":"http:\/\/kirchenburgen.org\/ro\/?page_id=1440"},"modified":"2025-01-14T14:02:46","modified_gmt":"2025-01-14T14:02:46","slug":"despre-noi","status":"publish","type":"page","link":"https:\/\/kirchenburgen.org\/ro\/fundatia\/despre-noi\/","title":{"rendered":"Despre noi"},"content":{"rendered":"\n<div style=\"height:10px\" aria-hidden=\"true\" class=\"wp-block-spacer\"><\/div>\n\n\n\n<figure class=\"wp-block-video\"><video controls poster=\"https:\/\/kirchenburgen.org\/wp-content\/uploads\/2023\/11\/Untitled-1.jpg\" src=\"https:\/\/kirchenburgen.org\/wp-content\/uploads\/2023\/11\/2021_Kirchenburgen_RO.mp4&quot;\"><\/video><\/figure>\n\n\n\n<div style=\"height:10px\" aria-hidden=\"true\" class=\"wp-block-spacer\"><\/div>\n\n\n\n<p>Funda\u021bia Biserici Fortificate a fost \u00eenfiin\u021bat\u0103 pentru a p\u0103stra peisajul bisericilor fortificate transilv\u0103nene \u0219i patrimoniul cultural al Bisericii Evanghelice C.A. din Rom\u00e2nia. Prin activitatea sa, aceasta preia \u0219i continu\u0103 activitatea Biroului de coordonare biserici fortificate.<\/p>\n\n\n\n<p>Funda\u021bia are sediul \u00een Sibiu. Conducerea acesteia este asigurat\u0103 de un consiliu de administra\u021bie onorific format din:<\/p>\n\n\n\n<ul class=\"wp-block-list\">\n<li>Dr. Friedrich Gunesch, Pre\u0219edinte al Consiliului de Administra\u021bie<\/li>\n\n\n\n<li>Dr. Konrad G\u00fcndisch, membru, specializarea: Patrimoniu cultural \u0219i conservarea monumentelor<\/li>\n\n\n\n<li>Dr. Carmen Schuster, membru, specializarea: Economie \u0219i finan\u021be<\/li>\n<\/ul>\n\n\n\n<ul class=\"wp-block-list\">\n<li><\/li>\n<\/ul>\n\n\n\n<p>Consiliul de Administra\u021bie al Funda\u021biei, care ac\u021bioneaz\u0103 \u00een sensul unui consiliu de supraveghere, este compus din 13 membri din Rom\u00e2nia \u0219i din alte \u021b\u0103ri europene.<\/p>\n\n\n\n<p>Echipa Funda\u021biei Biserici Fortificate:<\/p>\n\n\n\n<div style=\"height:20px\" aria-hidden=\"true\" class=\"wp-block-spacer\"><\/div>\n\n\n\n<div class=\"wp-block-columns is-layout-flex wp-container-core-columns-is-layout-9d6595d7 wp-block-columns-is-layout-flex\">\n<div class=\"wp-block-column is-layout-flow wp-block-column-is-layout-flow\"><div class=\"wp-block-image\">\n<figure class=\"aligncenter size-full is-resized\"><img loading=\"lazy\" decoding=\"async\" width=\"2560\" height=\"2560\" src=\"https:\/\/kirchenburgen.org\/wp-content\/uploads\/2025\/01\/CCVW-2-scaled.jpg\" alt=\"\" class=\"wp-image-20061\" style=\"width:370px\" srcset=\"https:\/\/kirchenburgen.org\/wp-content\/uploads\/2025\/01\/CCVW-2-scaled.jpg 2560w, https:\/\/kirchenburgen.org\/wp-content\/uploads\/2025\/01\/CCVW-2-300x300.jpg 300w, https:\/\/kirchenburgen.org\/wp-content\/uploads\/2025\/01\/CCVW-2-1024x1024.jpg 1024w, https:\/\/kirchenburgen.org\/wp-content\/uploads\/2025\/01\/CCVW-2-150x150.jpg 150w, https:\/\/kirchenburgen.org\/wp-content\/uploads\/2025\/01\/CCVW-2-1536x1536.jpg 1536w, https:\/\/kirchenburgen.org\/wp-content\/uploads\/2025\/01\/CCVW-2-2048x2048.jpg 2048w, https:\/\/kirchenburgen.org\/wp-content\/uploads\/2025\/01\/CCVW-2-510x510.jpg 510w\" sizes=\"auto, (max-width: 2560px) 100vw, 2560px\" \/><\/figure><\/div>\n\n\n<h4 class=\"wp-block-heading has-text-align-center\">Cristian Cismaru&nbsp;<\/h4>\n\n\n\n<p class=\"has-text-align-center\">Director\u00a0\/ Turism si Fundraising<br><a href=\"mailto:cc@kirchenburgen.org\">cc@kirchenburgen.org<\/a><\/p>\n<\/div>\n\n\n\n<div class=\"wp-block-column is-layout-flow wp-block-column-is-layout-flow\"><div class=\"wp-block-image\">\n<figure class=\"aligncenter size-full\"><img loading=\"lazy\" decoding=\"async\" width=\"370\" height=\"370\" src=\"https:\/\/kirchenburgen.org\/wp-content\/uploads\/2021\/08\/Foto-Sebastian-Ausschnitt.jpg\" alt=\"\" class=\"wp-image-12659\" srcset=\"https:\/\/kirchenburgen.org\/wp-content\/uploads\/2021\/08\/Foto-Sebastian-Ausschnitt.jpg 370w, https:\/\/kirchenburgen.org\/wp-content\/uploads\/2021\/08\/Foto-Sebastian-Ausschnitt-300x300.jpg 300w, https:\/\/kirchenburgen.org\/wp-content\/uploads\/2021\/08\/Foto-Sebastian-Ausschnitt-150x150.jpg 150w\" sizes=\"auto, (max-width: 370px) 100vw, 370px\" \/><\/figure><\/div>\n\n\n<h4 class=\"wp-block-heading has-text-align-center\">Sebastian Bethge<\/h4>\n\n\n\n<p class=\"has-text-align-center\">Specialist Protec\u021bia Patrimoniului<br><a href=\"mailto:sfb@kirchenburgen.org\">sfb@kirchenburgen.org<\/a><\/p>\n<\/div>\n<\/div>\n\n\n\n<div class=\"wp-block-columns is-layout-flex wp-container-core-columns-is-layout-9d6595d7 wp-block-columns-is-layout-flex\">\n<div class=\"wp-block-column is-layout-flow wp-block-column-is-layout-flow\"><div class=\"wp-block-image\">\n<figure class=\"aligncenter size-full\"><img loading=\"lazy\" decoding=\"async\" width=\"370\" height=\"370\" src=\"https:\/\/kirchenburgen.org\/wp-content\/uploads\/2021\/08\/DSC_8004.jpg\" alt=\"\" class=\"wp-image-12641\" srcset=\"https:\/\/kirchenburgen.org\/wp-content\/uploads\/2021\/08\/DSC_8004.jpg 370w, https:\/\/kirchenburgen.org\/wp-content\/uploads\/2021\/08\/DSC_8004-300x300.jpg 300w, https:\/\/kirchenburgen.org\/wp-content\/uploads\/2021\/08\/DSC_8004-150x150.jpg 150w\" sizes=\"auto, (max-width: 370px) 100vw, 370px\" \/><\/figure><\/div>\n\n\n<h4 class=\"wp-block-heading has-text-align-center\">Andreea M\u0103n\u0103stirean<\/h4>\n\n\n\n<p class=\"has-text-align-center\">Responsabil proiecte <em>Educatie si Constientizare<\/em><br><a href=\"mailto:am@kirchenburgen.org\">am@kirchenburgen.org<\/a><\/p>\n<\/div>\n\n\n\n<div class=\"wp-block-column is-layout-flow wp-block-column-is-layout-flow\"><div class=\"wp-block-image\">\n<figure class=\"aligncenter size-full\"><img loading=\"lazy\" decoding=\"async\" width=\"370\" height=\"370\" src=\"https:\/\/kirchenburgen.org\/wp-content\/uploads\/2021\/08\/DSC_8014.jpg\" alt=\"\" class=\"wp-image-12638\" srcset=\"https:\/\/kirchenburgen.org\/wp-content\/uploads\/2021\/08\/DSC_8014.jpg 370w, https:\/\/kirchenburgen.org\/wp-content\/uploads\/2021\/08\/DSC_8014-300x300.jpg 300w, https:\/\/kirchenburgen.org\/wp-content\/uploads\/2021\/08\/DSC_8014-150x150.jpg 150w\" sizes=\"auto, (max-width: 370px) 100vw, 370px\" \/><\/figure><\/div>\n\n\n<h4 class=\"wp-block-heading has-text-align-center\">Wieland K\u00f6ber<\/h4>\n\n\n\n<p class=\"has-text-align-center\">Coordonator administrativ<br><a href=\"mailto:wnk@kirchenburgen.org\">wnk@kirchenburgen.org<\/a><\/p>\n<\/div>\n<\/div>\n\n\n\n<div style=\"height:30px\" aria-hidden=\"true\" class=\"wp-block-spacer\"><\/div>\n\n\n\n<div class=\"wp-block-columns is-layout-flex wp-container-core-columns-is-layout-9d6595d7 wp-block-columns-is-layout-flex\">\n<div class=\"wp-block-column is-layout-flow wp-block-column-is-layout-flow\" style=\"flex-basis:100%\">\n<div class=\"wp-block-columns is-layout-flex wp-container-core-columns-is-layout-9d6595d7 wp-block-columns-is-layout-flex\"><\/div>\n<\/div>\n<\/div>\n\n\n\n<p>Exper\u021bi \u0219i speciali\u0219i din diferite domenii de activitate sus\u021bin activitatea Funda\u021biei \u00een cadrul diverselor proiecte \u0219i \/ sau programe.<\/p>\n\n\n\n<div class=\"wp-block-columns is-layout-flex wp-container-core-columns-is-layout-9d6595d7 wp-block-columns-is-layout-flex\">\n<div class=\"wp-block-column is-layout-flow wp-block-column-is-layout-flow\" style=\"flex-basis:100%\"><\/div>\n<\/div>\n\n\n\n<div style=\"height:10px\" aria-hidden=\"true\" class=\"wp-block-spacer\"><\/div>\n\n\n\n<p><\/p>\n","protected":false},"excerpt":{"rendered":"<p>Funda\u021bia Biserici Fortificate a fost \u00eenfiin\u021bat\u0103 pentru a p\u0103stra peisajul bisericilor fortificate transilv\u0103nene \u0219i patrimoniul cultural al Bisericii Evanghelice C.A. din Rom\u00e2nia. Prin activitatea sa, aceasta preia \u0219i continu\u0103 activitatea Biroului de coordonare biserici fortificate. Funda\u021bia are sediul \u00een Sibiu. Conducerea acesteia este asigurat\u0103 de un consiliu de administra\u021bie onorific format din: Consiliul de Administra\u021bie [&hellip;]<\/p>\n","protected":false},"author":2,"featured_media":0,"parent":1395,"menu_order":0,"comment_status":"closed","ping_status":"closed","template":"","meta":{"_acf_changed":false,"footnotes":""},"class_list":["post-1440","page","type-page","status-publish","czr-hentry"],"acf":[],"_links":{"self":[{"href":"https:\/\/kirchenburgen.org\/ro\/wp-json\/wp\/v2\/pages\/1440","targetHints":{"allow":["GET"]}}],"collection":[{"href":"https:\/\/kirchenburgen.org\/ro\/wp-json\/wp\/v2\/pages"}],"about":[{"href":"https:\/\/kirchenburgen.org\/ro\/wp-json\/wp\/v2\/types\/page"}],"author":[{"embeddable":true,"href":"https:\/\/kirchenburgen.org\/ro\/wp-json\/wp\/v2\/users\/2"}],"replies":[{"embeddable":true,"href":"https:\/\/kirchenburgen.org\/ro\/wp-json\/wp\/v2\/comments?post=1440"}],"version-history":[{"count":36,"href":"https:\/\/kirchenburgen.org\/ro\/wp-json\/wp\/v2\/pages\/1440\/revisions"}],"predecessor-version":[{"id":20074,"href":"https:\/\/kirchenburgen.org\/ro\/wp-json\/wp\/v2\/pages\/1440\/revisions\/20074"}],"up":[{"embeddable":true,"href":"https:\/\/kirchenburgen.org\/ro\/wp-json\/wp\/v2\/pages\/1395"}],"wp:attachment":[{"href":"https:\/\/kirchenburgen.org\/ro\/wp-json\/wp\/v2\/media?parent=1440"}],"curies":[{"name":"wp","href":"https:\/\/api.w.org\/{rel}","templated":true}]}}