{"id":15358,"date":"2022-05-18T09:04:26","date_gmt":"2022-05-18T09:04:26","guid":{"rendered":"https:\/\/kirchenburgen.org\/biserici-fortificate\/material-informativ\/"},"modified":"2026-04-16T09:36:14","modified_gmt":"2026-04-16T09:36:14","slug":"informatii-suveniruri","status":"publish","type":"page","link":"https:\/\/kirchenburgen.org\/ro\/biserici-fortificate\/informatii-suveniruri\/","title":{"rendered":"Informa\u0163ii &#038; suveniruri"},"content":{"rendered":"\n<div class=\"wp-block-columns is-layout-flex wp-container-core-columns-is-layout-9d6595d7 wp-block-columns-is-layout-flex\">\n<div class=\"wp-block-column is-layout-flow wp-block-column-is-layout-flow\">\n<h4 class=\"wp-block-heading\">Pe l\u00e2ng\u0103 materiale informative pentru turi\u0219ti \u0219i vizitatori, Funda\u021bia Biserici Fortificate ofer\u0103, de asemenea, mici suveniruri care s\u0103 \u00eei bucure pe cei care le achizi\u021bioneaz\u0103. Publica\u021biile \u0219i produsele noastre pot fi ob\u021binute, \u00een schimbul unei dona\u021bii, de la biroul Funda\u021biei, \u00een cadrul diverselor evenimente culturale \u0219i de informare, sau prin comand\u0103 pe e-mail la <a rel=\"noreferrer noopener\" href=\"mailto:office@kirchenburgen.org\" target=\"_blank\">office@kirchenburgen.org<\/a>. <\/h4>\n<\/div>\n\n\n\n<div class=\"wp-block-column is-layout-flow wp-block-column-is-layout-flow\">\n<figure class=\"wp-block-image size-large\"><img loading=\"lazy\" decoding=\"async\" width=\"800\" height=\"547\" src=\"https:\/\/kirchenburgen.org\/wp-content\/uploads\/2022\/04\/SKB-Infos-1.jpg\" alt=\"\" class=\"wp-image-14486\" srcset=\"https:\/\/kirchenburgen.org\/wp-content\/uploads\/2022\/04\/SKB-Infos-1.jpg 800w, https:\/\/kirchenburgen.org\/wp-content\/uploads\/2022\/04\/SKB-Infos-1-300x205.jpg 300w\" sizes=\"auto, (max-width: 800px) 100vw, 800px\" \/><\/figure>\n<\/div>\n<\/div>\n\n\n\n<div style=\"height:30px\" aria-hidden=\"true\" class=\"wp-block-spacer\"><\/div>\n\n\n\n<div style=\"height:25px\" aria-hidden=\"true\" class=\"wp-block-spacer\"><\/div>\n\n\n\n<div class=\"wp-block-columns is-layout-flex wp-container-core-columns-is-layout-9d6595d7 wp-block-columns-is-layout-flex\">\n<div class=\"wp-block-column is-layout-flow wp-block-column-is-layout-flow\">\n<figure class=\"wp-block-image size-large\"><img loading=\"lazy\" decoding=\"async\" width=\"800\" height=\"805\" src=\"https:\/\/kirchenburgen.org\/wp-content\/uploads\/2022\/04\/H3.jpg\" alt=\"\" class=\"wp-image-14515\" srcset=\"https:\/\/kirchenburgen.org\/wp-content\/uploads\/2022\/04\/H3.jpg 800w, https:\/\/kirchenburgen.org\/wp-content\/uploads\/2022\/04\/H3-298x300.jpg 298w, https:\/\/kirchenburgen.org\/wp-content\/uploads\/2022\/04\/H3-150x150.jpg 150w\" sizes=\"auto, (max-width: 800px) 100vw, 800px\" \/><\/figure>\n\n\n\n<p class=\"has-text-align-center\">Pentru planificarea itinerariilor, sau pentru o imagine de ansamblu asupra peisajului bisericilor fortificate, precum \u0219i a bisericilor care apar\u021bin altor culte, v\u0103 recomand\u0103m harta bisericilor fortificate. <\/p>\n<\/div>\n\n\n\n<div class=\"wp-block-column is-layout-flow wp-block-column-is-layout-flow\">\n<figure class=\"wp-block-image size-large\"><img loading=\"lazy\" decoding=\"async\" width=\"800\" height=\"805\" src=\"https:\/\/kirchenburgen.org\/wp-content\/uploads\/2022\/04\/H1A.jpg\" alt=\"\" class=\"wp-image-14639\" srcset=\"https:\/\/kirchenburgen.org\/wp-content\/uploads\/2022\/04\/H1A.jpg 800w, https:\/\/kirchenburgen.org\/wp-content\/uploads\/2022\/04\/H1A-298x300.jpg 298w, https:\/\/kirchenburgen.org\/wp-content\/uploads\/2022\/04\/H1A-150x150.jpg 150w\" sizes=\"auto, (max-width: 800px) 100vw, 800px\" \/><\/figure>\n\n\n\n<p class=\"has-text-align-center\">Edi\u021bia actualizat\u0103 \u0219i ad\u0103ugit\u0103 a mini-ghidului Biserici \u0219i Biserici Fortificate din Transilvania (2020), ofer\u0103 scurte descrieri \u0219i informa\u021bii de contact pentru 154 de biserici \u0219i biserici fortificate. <\/p>\n<\/div>\n\n\n\n<div class=\"wp-block-column is-layout-flow wp-block-column-is-layout-flow\">\n<figure class=\"wp-block-image size-large\"><img loading=\"lazy\" decoding=\"async\" width=\"800\" height=\"805\" src=\"https:\/\/kirchenburgen.org\/wp-content\/uploads\/2022\/04\/H2.jpg\" alt=\"\" class=\"wp-image-14507\" srcset=\"https:\/\/kirchenburgen.org\/wp-content\/uploads\/2022\/04\/H2.jpg 800w, https:\/\/kirchenburgen.org\/wp-content\/uploads\/2022\/04\/H2-298x300.jpg 298w, https:\/\/kirchenburgen.org\/wp-content\/uploads\/2022\/04\/H2-150x150.jpg 150w\" sizes=\"auto, (max-width: 800px) 100vw, 800px\" \/><\/figure>\n\n\n\n<p class=\"has-text-align-center\">Jocul de memorie, antreneaz\u0103 juc\u0103torii, \u00eentr-un mod distractiv, \u00een descoperirea elementelor distinctive ale bisericilor fortificate. Mai multe informa\u021bii la <a href=\"https:\/\/www.memo.kirchenburgen.org\/indexro.html\" target=\"_blank\" rel=\"noreferrer noopener\"><strong>www.memo.kirchenburgen.org<\/strong><\/a> <\/p>\n<\/div>\n<\/div>\n\n\n\n<div class=\"wp-block-columns is-layout-flex wp-container-core-columns-is-layout-9d6595d7 wp-block-columns-is-layout-flex\">\n<div class=\"wp-block-column is-layout-flow wp-block-column-is-layout-flow\">\n<figure class=\"wp-block-image size-large\"><img loading=\"lazy\" decoding=\"async\" width=\"800\" height=\"805\" src=\"https:\/\/kirchenburgen.org\/wp-content\/uploads\/2022\/04\/H6.jpg\" alt=\"\" class=\"wp-image-14585\" srcset=\"https:\/\/kirchenburgen.org\/wp-content\/uploads\/2022\/04\/H6.jpg 800w, https:\/\/kirchenburgen.org\/wp-content\/uploads\/2022\/04\/H6-298x300.jpg 298w, https:\/\/kirchenburgen.org\/wp-content\/uploads\/2022\/04\/H6-150x150.jpg 150w\" sizes=\"auto, (max-width: 800px) 100vw, 800px\" \/><\/figure>\n\n\n\n<p class=\"has-text-align-center\">Cu aceast\u0103 colec\u021bie de c\u0103r\u021bi po\u0219tale, v\u0103 prezent\u0103m AvantGuards \u2013 noii paznici ai cet\u0103\u021bii. Ace\u0219tia sunt asocia\u021bii sau funda\u021bii care s-au dedicat, prin contract, \u00eengrijirii \u0219i utiliz\u0103rii unei biserici fortificate.<\/p>\n<\/div>\n\n\n\n<div class=\"wp-block-column is-layout-flow wp-block-column-is-layout-flow\">\n<figure class=\"wp-block-image size-large\"><img loading=\"lazy\" decoding=\"async\" width=\"800\" height=\"805\" src=\"https:\/\/kirchenburgen.org\/wp-content\/uploads\/2022\/04\/H5-1.jpg\" alt=\"\" class=\"wp-image-14595\" srcset=\"https:\/\/kirchenburgen.org\/wp-content\/uploads\/2022\/04\/H5-1.jpg 800w, https:\/\/kirchenburgen.org\/wp-content\/uploads\/2022\/04\/H5-1-298x300.jpg 298w, https:\/\/kirchenburgen.org\/wp-content\/uploads\/2022\/04\/H5-1-150x150.jpg 150w\" sizes=\"auto, (max-width: 800px) 100vw, 800px\" \/><\/figure>\n\n\n\n<p class=\"has-text-align-center\">Bisericile fortificate, \u00een forma unui quizz distractiv pentru mic \u0219i mare. Pute\u021bi testa c\u00e2t de multe \u0219ti\u021bi deja despre bisericile fortificate \u0219i istoria Transilvaniei, iar cei care nu sunt \u00eenc\u0103 at\u00e2t de versa\u021bi pot \u00eenv\u0103\u021ba mai multe!<\/p>\n<\/div>\n\n\n\n<div class=\"wp-block-column is-layout-flow wp-block-column-is-layout-flow\">\n<figure class=\"wp-block-image size-full\"><img loading=\"lazy\" decoding=\"async\" width=\"800\" height=\"805\" src=\"https:\/\/kirchenburgen.org\/wp-content\/uploads\/2022\/04\/H9.jpg\" alt=\"\" class=\"wp-image-14625\" srcset=\"https:\/\/kirchenburgen.org\/wp-content\/uploads\/2022\/04\/H9.jpg 800w, https:\/\/kirchenburgen.org\/wp-content\/uploads\/2022\/04\/H9-298x300.jpg 298w, https:\/\/kirchenburgen.org\/wp-content\/uploads\/2022\/04\/H9-150x150.jpg 150w\" sizes=\"auto, (max-width: 800px) 100vw, 800px\" \/><\/figure>\n\n\n\n<p class=\"has-text-align-center\">Albumul conceput de Stefan Bichler juxtapune citate ale cunoscutului episcop cu impresii contemporane din domeniul conserv\u0103rii patrimoniului cultural \u0219i al prezerv\u0103rii monumentelor.<\/p>\n<\/div>\n<\/div>\n\n\n\n<div style=\"height:25px\" aria-hidden=\"true\" class=\"wp-block-spacer\"><\/div>\n\n\n\n<div class=\"wp-block-columns is-layout-flex wp-container-core-columns-is-layout-9d6595d7 wp-block-columns-is-layout-flex\">\n<div class=\"wp-block-column is-layout-flow wp-block-column-is-layout-flow\"><div class=\"wp-block-image\">\n<figure class=\"aligncenter size-full is-resized\"><img loading=\"lazy\" decoding=\"async\" width=\"434\" height=\"615\" src=\"https:\/\/kirchenburgen.org\/wp-content\/uploads\/2025\/07\/H4-3.jpg\" alt=\"\" class=\"wp-image-21579\" style=\"width:304px;height:auto\" srcset=\"https:\/\/kirchenburgen.org\/wp-content\/uploads\/2025\/07\/H4-3.jpg 434w, https:\/\/kirchenburgen.org\/wp-content\/uploads\/2025\/07\/H4-3-212x300.jpg 212w\" sizes=\"auto, (max-width: 434px) 100vw, 434px\" \/><\/figure><\/div>\n\n\n<p class=\"has-text-align-center\">V\u0103 prezent\u0103m un joc distractiv! Cu ajutorul unor criterii specifice, pute\u021bi parcurge mai multe biserici fortificate, din opt regiuni diferite \u0219i, cu pu\u021bin noroc, aduna\u021bi majoritatea c\u0103r\u021bilor \u0219i c\u00e2\u0219tiga\u021bi runda de joc.<\/p>\n\n\n\n<p class=\"has-text-align-center\"><strong>40 Lei \/ 8 Euro<\/strong><\/p>\n<\/div>\n\n\n\n<div class=\"wp-block-column is-layout-flow wp-block-column-is-layout-flow\"><div class=\"wp-block-image\">\n<figure class=\"aligncenter size-full is-resized\"><img loading=\"lazy\" decoding=\"async\" width=\"554\" height=\"797\" src=\"https:\/\/kirchenburgen.org\/wp-content\/uploads\/2026\/04\/Quiz.png\" alt=\"\" class=\"wp-image-22662\" style=\"width:288px;height:auto\" srcset=\"https:\/\/kirchenburgen.org\/wp-content\/uploads\/2026\/04\/Quiz.png 554w, https:\/\/kirchenburgen.org\/wp-content\/uploads\/2026\/04\/Quiz-209x300.png 209w\" sizes=\"auto, (max-width: 554px) 100vw, 554px\" \/><\/figure><\/div>\n\n\n<p class=\"has-text-align-center\">Testeaz\u0103-\u021bi cuno\u0219tin\u021bele cu ajutorul quizurilor noastre \u0219i descoper\u0103 fapte fascinante, pove\u0219ti ascunse \u0219i detalii surprinz\u0103toare despre acest patrimoniu cultural unic. Fie c\u0103 e\u0219ti copil sau adult, sau pur \u0219i simplu iube\u0219ti provoc\u0103rile \u2013 avem un quiz \u0219i pentru tine! <a href=\"https:\/\/kirchenburgen.org\/ro\/biserici-fortificate\/descopera-patrimoniu\/#quizz\">DESCARCA&nbsp;<\/a><br><\/p>\n<\/div>\n<\/div>\n\n\n\n<p><\/p>\n\n\n\n<p><\/p>\n","protected":false},"excerpt":{"rendered":"<p>Pe l\u00e2ng\u0103 materiale informative pentru turi\u0219ti \u0219i vizitatori, Funda\u021bia Biserici Fortificate ofer\u0103, de asemenea, mici suveniruri care s\u0103 \u00eei bucure pe cei care le achizi\u021bioneaz\u0103. Publica\u021biile \u0219i produsele noastre pot fi ob\u021binute, \u00een schimbul unei dona\u021bii, de la biroul Funda\u021biei, \u00een cadrul diverselor evenimente culturale \u0219i de informare, sau prin comand\u0103 pe e-mail la office@kirchenburgen.org. [&hellip;]<\/p>\n","protected":false},"author":2,"featured_media":0,"parent":1393,"menu_order":0,"comment_status":"closed","ping_status":"closed","template":"","meta":{"_acf_changed":false,"footnotes":""},"class_list":["post-15358","page","type-page","status-publish","czr-hentry"],"acf":[],"_links":{"self":[{"href":"https:\/\/kirchenburgen.org\/ro\/wp-json\/wp\/v2\/pages\/15358","targetHints":{"allow":["GET"]}}],"collection":[{"href":"https:\/\/kirchenburgen.org\/ro\/wp-json\/wp\/v2\/pages"}],"about":[{"href":"https:\/\/kirchenburgen.org\/ro\/wp-json\/wp\/v2\/types\/page"}],"author":[{"embeddable":true,"href":"https:\/\/kirchenburgen.org\/ro\/wp-json\/wp\/v2\/users\/2"}],"replies":[{"embeddable":true,"href":"https:\/\/kirchenburgen.org\/ro\/wp-json\/wp\/v2\/comments?post=15358"}],"version-history":[{"count":21,"href":"https:\/\/kirchenburgen.org\/ro\/wp-json\/wp\/v2\/pages\/15358\/revisions"}],"predecessor-version":[{"id":22665,"href":"https:\/\/kirchenburgen.org\/ro\/wp-json\/wp\/v2\/pages\/15358\/revisions\/22665"}],"up":[{"embeddable":true,"href":"https:\/\/kirchenburgen.org\/ro\/wp-json\/wp\/v2\/pages\/1393"}],"wp:attachment":[{"href":"https:\/\/kirchenburgen.org\/ro\/wp-json\/wp\/v2\/media?parent=15358"}],"curies":[{"name":"wp","href":"https:\/\/api.w.org\/{rel}","templated":true}]}}