{"id":15367,"date":"2022-05-19T09:21:37","date_gmt":"2022-05-19T09:21:37","guid":{"rendered":"https:\/\/kirchenburgen.org\/?page_id=15367"},"modified":"2025-12-04T10:32:03","modified_gmt":"2025-12-04T10:32:03","slug":"descopera-patrimoniu","status":"publish","type":"page","link":"https:\/\/kirchenburgen.org\/ro\/biserici-fortificate\/descopera-patrimoniu\/","title":{"rendered":"Descoper\u0103 patrimoniul"},"content":{"rendered":"\n<div class=\"wp-block-columns is-layout-flex wp-container-core-columns-is-layout-9d6595d7 wp-block-columns-is-layout-flex\">\n<div class=\"wp-block-column is-layout-flow wp-block-column-is-layout-flow\" style=\"flex-basis:100%\">\n<div class=\"wp-block-columns is-layout-flex wp-container-core-columns-is-layout-9d6595d7 wp-block-columns-is-layout-flex\">\n<div class=\"wp-block-column is-layout-flow wp-block-column-is-layout-flow\">\n<h4 class=\"wp-block-heading\">FortiVacation<\/h4>\n\n\n\n<p>Ca institu\u021bie specializat\u0103 \u00een conservarea bisericilor fortificate din Transilvania, Funda\u021bia Biserici Fortificate colaboreaz\u0103 \u00eendeaproape cu parteneri, asocia\u021bii \u0219i ini\u021biative private dedicate dezvolt\u0103rii unor concepte interesante pentru utilizarea ulterioar\u0103 a acestor cl\u0103diri istorice. Pe l\u00e2ng\u0103 aceste cooper\u0103ri, suntem, de asemenea, interesa\u021bi s\u0103 dezvolt\u0103m propriul proiect de reutilizare adaptiv\u0103 pentru a da un alt exemplu pentru numeroasele posibilit\u0103\u021bi pe care bisericile fortificate le ofer\u0103 \u00een acest sens.<\/p>\n\n\n\n<p>Av\u00e2nd \u00een vedere c\u0103 avem de-a face, \u00een principal, cu monumente din zona rural\u0103, modelele &#8222;clasice&#8221; de reutilizare adaptive a acestora (de exemplu, bibliotec\u0103, centru comunitar, b\u0103nci alimentare, spa\u021bii culturale etc.) nu sunt fezabile. Principalul motiv pentru aceasta este lipsa cererii din partea comunit\u0103\u021bilor locale \u0219i a celor \u00eenvecinate. Cu toate acestea, deoarece regiunea Transilvaniei de Sud a devenit \u00een ultimii ani o destina\u021bie popular\u0103 pentru turi\u0219tii interni \u0219i str\u0103ini, i-am identificat pe ace\u0219tia ca fiind un grup \u021bint\u0103 pentru conceptul nostru de reutilizare adaptiv\u0103.<\/p>\n\n\n\n<p>Oferind cazare \u00een turnurile \u0219i cl\u0103dirile anex\u0103 din incinta fortifica\u021biilor, combin\u00e2nd simplul sejur cu o experien\u021b\u0103 holistic\u0103 de patrimoniu, sper\u0103m s\u0103 ne ridic\u0103m la nivelul a\u0219tept\u0103rilor turi\u0219tilor interesa\u021bi de cultur\u0103, care viziteaz\u0103 bisericile fortificate.<\/p>\n\n\n\n<p><strong>Biserica fortificat\u0103 \u00ee\u0219i deschide por\u021bile<\/strong><\/p>\n\n\n\n<p>Oaspe\u021bii sunt invita\u021bi nu numai s\u0103 se bucure de calitatea \u0219i confortul camerelor \u0219i a dot\u0103rilor, ci \u0219i s\u0103 descopere \u00eentregul ansamblu fortificat, care este &#8222;al lor&#8221;, pe durata \u0219ederii.<\/p>\n\n\n\n<p>Atmosfera locului, istoria monumentului medieval \u0219i sacralitatea patrimoniului religios pot fi sim\u021bite \u0219i suplimentate, prin diverse activit\u0103\u021bi \u0219i oferte culturale complementare care pot \u00eembog\u0103\u021bi experien\u021ba caz\u0103rii \u00eentr-o biseric\u0103 fortificat\u0103.<\/p>\n\n\n\n<p>Prin implementarea atent documentat\u0103 \u0219i monitorizat\u0103 a programului de reutilizare adaptiv\u0103, ne propunem s\u0103 oferim un exemplu de bune practici pentru alte modele de reinterpretare a siturilor de patrimoniu religios din Rom\u00e2nia, o tem\u0103 \u00eenc\u0103 insuficient abordat\u0103 \u0219i experimentat\u0103 la nivel national.<\/p>\n<\/div>\n\n\n\n<div class=\"wp-block-column is-layout-flow wp-block-column-is-layout-flow\">\n<div style=\"height:29px\" aria-hidden=\"true\" class=\"wp-block-spacer\"><\/div>\n\n\n\n<figure class=\"wp-block-image size-full\"><a href=\"https:\/\/kirchenburgen.org\/wp-content\/uploads\/2022\/04\/SKBfortCurciu.jpg\"><img loading=\"lazy\" decoding=\"async\" width=\"800\" height=\"506\" src=\"https:\/\/kirchenburgen.org\/wp-content\/uploads\/2022\/04\/SKBfortCurciu.jpg\" alt=\"\" class=\"wp-image-14417\" srcset=\"https:\/\/kirchenburgen.org\/wp-content\/uploads\/2022\/04\/SKBfortCurciu.jpg 800w, https:\/\/kirchenburgen.org\/wp-content\/uploads\/2022\/04\/SKBfortCurciu-300x190.jpg 300w\" sizes=\"auto, (max-width: 800px) 100vw, 800px\" \/><\/a><\/figure>\n\n\n\n<figure class=\"wp-block-image size-large\"><a href=\"https:\/\/kirchenburgen.org\/wp-content\/uploads\/2022\/05\/01_7-1024x683.jpg\"><img loading=\"lazy\" decoding=\"async\" width=\"1024\" height=\"683\" src=\"https:\/\/kirchenburgen.org\/wp-content\/uploads\/2022\/05\/01_7-1024x683.jpg\" alt=\"\" class=\"wp-image-14795\" srcset=\"https:\/\/kirchenburgen.org\/wp-content\/uploads\/2022\/05\/01_7-1024x683.jpg 1024w, https:\/\/kirchenburgen.org\/wp-content\/uploads\/2022\/05\/01_7-300x200.jpg 300w, https:\/\/kirchenburgen.org\/wp-content\/uploads\/2022\/05\/01_7.jpg 1500w\" sizes=\"auto, (max-width: 1024px) 100vw, 1024px\" \/><\/a><\/figure>\n\n\n\n<figure class=\"wp-block-image size-full\"><a href=\"https:\/\/kirchenburgen.org\/wp-content\/uploads\/2023\/01\/picture-4.jpg\"><img loading=\"lazy\" decoding=\"async\" width=\"737\" height=\"503\" src=\"https:\/\/kirchenburgen.org\/wp-content\/uploads\/2023\/01\/picture-4.jpg\" alt=\"\" class=\"wp-image-16314\" srcset=\"https:\/\/kirchenburgen.org\/wp-content\/uploads\/2023\/01\/picture-4.jpg 737w, https:\/\/kirchenburgen.org\/wp-content\/uploads\/2023\/01\/picture-4-300x205.jpg 300w\" sizes=\"auto, (max-width: 737px) 100vw, 737px\" \/><\/a><figcaption class=\"wp-element-caption\">Modell des FortiVacation-Projektes in Kirtsch \/ Curciu<\/figcaption><\/figure>\n<\/div>\n<\/div>\n<\/div>\n<\/div>\n\n\n\n<div class=\"wp-block-columns is-layout-flex wp-container-core-columns-is-layout-9d6595d7 wp-block-columns-is-layout-flex\">\n<div class=\"wp-block-column is-layout-flow wp-block-column-is-layout-flow\">\n<h4 class=\"wp-block-heading\" id=\"quizz\">Quiz-uri<\/h4>\n\n\n\n<p>Vizitatorii tineri \u0219i entuziasmul lor pentru bisericile fortificate sunt foarte importante pentru noi. Pe baza celor zece quizz-uri dezvoltate de echipa noastr\u0103, micii vizitatori pot porni \u00eentr-o c\u0103utare de comori, \u00een care vor explora bisericile fortificate \u00een detaliu, \u00eentr-un mod distractiv. &nbsp;<\/p>\n\n\n\n<p>Dup\u0103 o scurt\u0103 introducere \u00een istoria bisericilor fortificate, aventura poate \u00eencepe&#8230; Aten\u021bie, ave\u021bi multe de descoperit!<\/p>\n\n\n\n<p><a href=\"https:\/\/kirchenburgen.org\/wp-content\/uploads\/2025\/06\/211208_Apold.pdf\" data-type=\"attachment\" data-id=\"21504\" target=\"_blank\" rel=\"noreferrer noopener\">Quiz Apold\/Trappold<\/a><\/p>\n\n\n\n<p><a href=\"https:\/\/kirchenburgen.org\/wp-content\/uploads\/2025\/06\/211208_Bradeni.pdf\" data-type=\"attachment\" data-id=\"21507\" target=\"_blank\" rel=\"noreferrer noopener\">Quiz Br\u0103deni\/Henndorf<\/a><\/p>\n\n\n\n<p><a href=\"https:\/\/kirchenburgen.org\/wp-content\/uploads\/2025\/06\/211208_Cristian.pdf\" data-type=\"attachment\" data-id=\"21510\" target=\"_blank\" rel=\"noreferrer noopener\">Quiz Cristian\/Grossau<\/a><\/p>\n\n\n\n<p><a href=\"https:\/\/kirchenburgen.org\/wp-content\/uploads\/2025\/06\/211208_Curciu.pdf\" data-type=\"attachment\" data-id=\"21513\" target=\"_blank\" rel=\"noreferrer noopener\">Quiz Curciu\/Kirtsch<\/a><\/p>\n\n\n\n<p><a href=\"https:\/\/kirchenburgen.org\/wp-content\/uploads\/2025\/06\/211208_Harman.pdf\" data-type=\"attachment\" data-id=\"21516\" target=\"_blank\" rel=\"noreferrer noopener\">Quiz H\u0103rman\/Honigberg<\/a><\/p>\n\n\n\n<p><a href=\"https:\/\/kirchenburgen.org\/wp-content\/uploads\/2025\/06\/211208_Valea-Viilor.pdf\" data-type=\"attachment\" data-id=\"21519\" target=\"_blank\" rel=\"noreferrer noopener\">Quiz Valea Viilor\/Wurmloch<\/a><\/p>\n\n\n\n<p><a href=\"https:\/\/kirchenburgen.org\/wp-content\/uploads\/2025\/06\/211210_Carta.pdf\" data-type=\"attachment\" data-id=\"21525\" target=\"_blank\" rel=\"noreferrer noopener\">Quiz C\u00e2r\u021ba\/Kerz<\/a><\/p>\n\n\n\n<p><a href=\"https:\/\/kirchenburgen.org\/wp-content\/uploads\/2025\/06\/220409_Hosman_final.pdf\" data-type=\"attachment\" data-id=\"21528\" target=\"_blank\" rel=\"noreferrer noopener\">Quiz Hosman\/Holzmengen<\/a><\/p>\n\n\n\n<p><a href=\"https:\/\/kirchenburgen.org\/wp-content\/uploads\/2025\/06\/220411_Movile_final.pdf\" data-type=\"attachment\" data-id=\"21531\" target=\"_blank\" rel=\"noreferrer noopener\">Quiz Movile\/Hundertbuecheln<\/a><\/p>\n\n\n\n<p><a href=\"https:\/\/kirchenburgen.org\/wp-content\/uploads\/2025\/06\/Quizz_Toarcla_A4_v2.pdf\" data-type=\"attachment\" data-id=\"21534\" target=\"_blank\" rel=\"noreferrer noopener\">Quiz Toarcla\/Tarteln<\/a><\/p>\n\n\n\n<p><a href=\"https:\/\/kirchenburgen.org\/wp-content\/uploads\/2025\/07\/Quizz_Ruja_A4_print-1.pdf\">Quiz Ruja\/Roseln<\/a><\/p>\n\n\n\n<p><a href=\"https:\/\/kirchenburgen.org\/wp-content\/uploads\/2025\/07\/Quizz_Vingard_A4_print-1.pdf\">Quiz Vingard\/Weingartskirchen<\/a><\/p>\n\n\n\n<p><a href=\"https:\/\/kirchenburgen.org\/wp-content\/uploads\/2025\/09\/Quizz_Tapu_A4_print.pdf\" data-type=\"attachment\" data-id=\"21918\">Quiz \u021aapu\/Abtsdorf<\/a><\/p>\n\n\n\n<p><a href=\"https:\/\/kirchenburgen.org\/wp-content\/uploads\/2025\/09\/Quizz_Cincu_A4.pdf\" data-type=\"attachment\" data-id=\"21921\">Quiz Cincu\/Gro\u00dfschenk<\/a><\/p>\n\n\n\n<p><a href=\"https:\/\/kirchenburgen.org\/wp-content\/uploads\/2025\/10\/Quizz_Cincsor_A4.pdf\">Quiz Cinc\u0219or\/Kleinschenk<\/a><\/p>\n\n\n\n<p><a href=\"https:\/\/kirchenburgen.org\/wp-content\/uploads\/2025\/10\/Quizz_Seica_Mica_A4.pdf\">Quiz Seica Mic\u0103\/Kleinschelken<\/a><\/p>\n\n\n\n<p><a href=\"https:\/\/kirchenburgen.org\/wp-content\/uploads\/2025\/12\/Quizz_Miercurea_Sibiului_A4.pdf\" data-type=\"attachment\" data-id=\"22195\">Quiz Miercurea Sibiului\/Reussmarkt<\/a><\/p>\n<\/div>\n\n\n\n<div class=\"wp-block-column is-layout-flow wp-block-column-is-layout-flow\">\n<figure class=\"wp-block-gallery has-nested-images columns-default is-cropped wp-block-gallery-1 is-layout-flex wp-block-gallery-is-layout-flex\">\n<figure class=\"wp-block-image size-large\"><a href=\"https:\/\/kirchenburgen.org\/wp-content\/uploads\/2022\/04\/Final_KarteQuiz-1024x625.jpg\"><img loading=\"lazy\" decoding=\"async\" width=\"1024\" height=\"625\" data-id=\"14412\" src=\"https:\/\/kirchenburgen.org\/wp-content\/uploads\/2022\/04\/Final_KarteQuiz-1024x625.jpg\" alt=\"\" class=\"wp-image-14412\" srcset=\"https:\/\/kirchenburgen.org\/wp-content\/uploads\/2022\/04\/Final_KarteQuiz-1024x625.jpg 1024w, https:\/\/kirchenburgen.org\/wp-content\/uploads\/2022\/04\/Final_KarteQuiz-300x183.jpg 300w, https:\/\/kirchenburgen.org\/wp-content\/uploads\/2022\/04\/Final_KarteQuiz.jpg 1293w\" sizes=\"auto, (max-width: 1024px) 100vw, 1024px\" \/><\/a><\/figure>\n<\/figure>\n<\/div>\n<\/div>\n\n\n\n<div style=\"height:25px\" aria-hidden=\"true\" class=\"wp-block-spacer\"><\/div>\n\n\n\n<div class=\"wp-block-columns is-layout-flex wp-container-core-columns-is-layout-9d6595d7 wp-block-columns-is-layout-flex\">\n<div class=\"wp-block-column is-layout-flow wp-block-column-is-layout-flow\">\n<h4 class=\"wp-block-heading\">Expozi\u021bia itinerant\u0103<\/h4>\n\n\n\n<p><em>Peisajul bisericilor fortificate din Transilvania &#8211; un patrimoniu cultural european<\/em> este titlul expozi\u021biei noastre itinerante, care a fost expus\u0103 \u00een mai multe locuri din Rom\u00e2nia \u0219i din str\u0103in\u0103tate, \u00eencep\u00e2nd cu anul 2018. \u00cen anul 2020 a devenit disponibil\u0103 \u0219i format online, pentru a ne adapta rigorilor impuse de pandemie. Versiunea online poate fi vizualizat\u0103 aici:<\/p>\n\n\n\n<p><a href=\"https:\/\/exhibition.kirchenburgen.org\/ro\/\" target=\"_blank\" rel=\"noreferrer noopener\">www.exhibition.kirchenburgen.org<\/a><\/p>\n\n\n\n<p>Expozi\u021bia este disponibil\u0103 \u00een format fizic \u00een dou\u0103 edi\u021bii, fiecare bilingv\u0103: german\u0103\/rom\u00e2n\u0103 \u0219i englez\u0103\/francez\u0103.<\/p>\n\n\n\n<p>Dac\u0103 sunte\u021bi interesa\u021bi s\u0103 rezerva\u021bi expozi\u021bia itinerant\u0103, pentru a fi expus\u0103 \u00eentr-unul din spa\u021biile dvs., nu ezita\u021bi s\u0103 ne contacta\u021bi.<\/p>\n<\/div>\n\n\n\n<div class=\"wp-block-column is-layout-flow wp-block-column-is-layout-flow\">\n<div style=\"height:31px\" aria-hidden=\"true\" class=\"wp-block-spacer\"><\/div>\n\n\n\n<figure class=\"wp-block-image size-large\"><img loading=\"lazy\" decoding=\"async\" width=\"1024\" height=\"684\" src=\"https:\/\/kirchenburgen.org\/wp-content\/uploads\/2023\/05\/P1260323-e1684052404850-1024x684.jpg\" alt=\"\" class=\"wp-image-17968\" srcset=\"https:\/\/kirchenburgen.org\/wp-content\/uploads\/2023\/05\/P1260323-e1684052404850-1024x684.jpg 1024w, https:\/\/kirchenburgen.org\/wp-content\/uploads\/2023\/05\/P1260323-e1684052404850-300x200.jpg 300w, https:\/\/kirchenburgen.org\/wp-content\/uploads\/2023\/05\/P1260323-e1684052404850-1536x1025.jpg 1536w, https:\/\/kirchenburgen.org\/wp-content\/uploads\/2023\/05\/P1260323-e1684052404850.jpg 2048w\" sizes=\"auto, (max-width: 1024px) 100vw, 1024px\" \/><\/figure>\n<\/div>\n<\/div>\n\n\n\n<div style=\"height:20px\" aria-hidden=\"true\" class=\"wp-block-spacer\"><\/div>\n\n\n\n<div class=\"wp-block-columns is-layout-flex wp-container-core-columns-is-layout-9d6595d7 wp-block-columns-is-layout-flex\">\n<div class=\"wp-block-column is-layout-flow wp-block-column-is-layout-flow\">\n<h4 class=\"wp-block-heading\" id=\"AvantGuards\">AvantGuards<\/h4>\n\n\n\n<p>Utilizarea permanent\u0103 a bisericilor fortificate asigur\u0103 nu numai protejarea acestora pe termen lung, ci \u0219i conservarea acestora din punct de vedere arhitectural. Exist\u0103 o serie de ini\u021biative \u0219i asocia\u021bii care au adoptat, prin contract, o biseric\u0103 fortificat\u0103 pentru a se \u00eengriji de aceasta. Funda\u021bia Biserici Fortificate salut\u0103 un astfel de angajament \u0219i \u00eencurajeaz\u0103 initiativele de acest tip.<\/p>\n\n\n\n<p>\u00cen 2019, am ini\u021biat o re\u021bea neoficial\u0103 sub titlul &#8222;AvantGuards&#8221; pentru a face schimb de idei \u0219i a ne sprijini reciproc. Funda\u021bia Biserici Fortificate \u00ee\u0219i dore\u0219te s\u0103 fie o punte de leg\u0103tur\u0103 \u00eentre aceste initiative \u0219i diversele unit\u0103\u021bi din structura Bisericii Evanghelice C.A. din Rom\u00e2nia. &nbsp;<\/p>\n\n\n\n<p>Prin urmare, v\u0103 prezent\u0103m AvantGuards \u0219i s\u0103 v\u0103 invit\u0103m s\u0103 le vizita\u021bi proiectele \u0219i s\u0103 v\u0103 l\u0103sa\u021bi inspira\u021bi de ideile, angajamentul \u0219i conceptele lor unice pentru bisericile fortificate.<\/p>\n\n\n\n<p><a href=\"https:\/\/kirchenburgen.org\/ro\/atelier-avantguards-biserici-fortificate-deschise\/\">Click aici pentru articolul despre primul nostru workshop din decembrie 2019<\/a><\/p>\n<\/div>\n\n\n\n<div class=\"wp-block-column is-layout-flow wp-block-column-is-layout-flow\">\n<div style=\"height:43px\" aria-hidden=\"true\" class=\"wp-block-spacer\"><\/div>\n\n\n\n<figure class=\"wp-block-image size-large is-style-default\"><img loading=\"lazy\" decoding=\"async\" width=\"854\" height=\"719\" src=\"https:\/\/kirchenburgen.org\/wp-content\/uploads\/2022\/04\/AV1.jpg\" alt=\"\" class=\"wp-image-14361\" srcset=\"https:\/\/kirchenburgen.org\/wp-content\/uploads\/2022\/04\/AV1.jpg 854w, https:\/\/kirchenburgen.org\/wp-content\/uploads\/2022\/04\/AV1-300x253.jpg 300w\" sizes=\"auto, (max-width: 854px) 100vw, 854px\" \/><\/figure>\n<\/div>\n<\/div>\n\n\n\n<div style=\"height:30px\" aria-hidden=\"true\" class=\"wp-block-spacer\"><\/div>\n\n\n\n<h2 class=\"wp-block-heading has-text-align-center\">AVANTGUARDS &#8211; O COMUNITATE CARE IUBE\u0218TE PATRIMONIUL CULTURAL<\/h2>\n\n\n\n<div style=\"height:25px\" aria-hidden=\"true\" class=\"wp-block-spacer\"><\/div>\n\n\n\n<figure class=\"wp-block-gallery has-nested-images columns-4 is-cropped wp-block-gallery-2 is-layout-flex wp-block-gallery-is-layout-flex\">\n<figure class=\"wp-block-image size-large\"><a href=\"https:\/\/kirchenburgen.org\/wp-content\/uploads\/2022\/04\/A2.jpg\"><img loading=\"lazy\" decoding=\"async\" width=\"820\" height=\"582\" data-id=\"14351\" src=\"https:\/\/kirchenburgen.org\/wp-content\/uploads\/2022\/04\/A2.jpg\" alt=\"\" class=\"wp-image-14351\" srcset=\"https:\/\/kirchenburgen.org\/wp-content\/uploads\/2022\/04\/A2.jpg 820w, https:\/\/kirchenburgen.org\/wp-content\/uploads\/2022\/04\/A2-300x213.jpg 300w\" sizes=\"auto, (max-width: 820px) 100vw, 820px\" \/><\/a><\/figure>\n\n\n\n<figure class=\"wp-block-image size-large\"><a href=\"https:\/\/kirchenburgen.org\/wp-content\/uploads\/2022\/04\/Villa-Abbatis-A6-Final.jpg\"><img loading=\"lazy\" decoding=\"async\" width=\"820\" height=\"582\" data-id=\"14373\" src=\"https:\/\/kirchenburgen.org\/wp-content\/uploads\/2022\/04\/Villa-Abbatis-A6-Final.jpg\" alt=\"\" class=\"wp-image-14373\" srcset=\"https:\/\/kirchenburgen.org\/wp-content\/uploads\/2022\/04\/Villa-Abbatis-A6-Final.jpg 820w, https:\/\/kirchenburgen.org\/wp-content\/uploads\/2022\/04\/Villa-Abbatis-A6-Final-300x213.jpg 300w\" sizes=\"auto, (max-width: 820px) 100vw, 820px\" \/><\/a><\/figure>\n\n\n\n<figure class=\"wp-block-image size-large\"><a href=\"https:\/\/kirchenburgen.org\/wp-content\/uploads\/2022\/04\/Villa-Churchfortress-A6-Final.jpg\"><img loading=\"lazy\" decoding=\"async\" width=\"820\" height=\"582\" data-id=\"14377\" src=\"https:\/\/kirchenburgen.org\/wp-content\/uploads\/2022\/04\/Villa-Churchfortress-A6-Final.jpg\" alt=\"\" class=\"wp-image-14377\" srcset=\"https:\/\/kirchenburgen.org\/wp-content\/uploads\/2022\/04\/Villa-Churchfortress-A6-Final.jpg 820w, https:\/\/kirchenburgen.org\/wp-content\/uploads\/2022\/04\/Villa-Churchfortress-A6-Final-300x213.jpg 300w\" sizes=\"auto, (max-width: 820px) 100vw, 820px\" \/><\/a><\/figure>\n\n\n\n<figure class=\"wp-block-image size-large\"><a href=\"https:\/\/kirchenburgen.org\/wp-content\/uploads\/2022\/04\/Villa-Holzmengen-A6-Final.jpg\"><img loading=\"lazy\" decoding=\"async\" width=\"820\" height=\"582\" data-id=\"14380\" src=\"https:\/\/kirchenburgen.org\/wp-content\/uploads\/2022\/04\/Villa-Holzmengen-A6-Final.jpg\" alt=\"\" class=\"wp-image-14380\" srcset=\"https:\/\/kirchenburgen.org\/wp-content\/uploads\/2022\/04\/Villa-Holzmengen-A6-Final.jpg 820w, https:\/\/kirchenburgen.org\/wp-content\/uploads\/2022\/04\/Villa-Holzmengen-A6-Final-300x213.jpg 300w\" sizes=\"auto, (max-width: 820px) 100vw, 820px\" \/><\/a><\/figure>\n\n\n\n<figure class=\"wp-block-image size-large\"><a href=\"https:\/\/kirchenburgen.org\/wp-content\/uploads\/2022\/04\/Villa-Casapold-A6-Final.jpg\"><img loading=\"lazy\" decoding=\"async\" width=\"820\" height=\"582\" data-id=\"14383\" src=\"https:\/\/kirchenburgen.org\/wp-content\/uploads\/2022\/04\/Villa-Casapold-A6-Final.jpg\" alt=\"\" class=\"wp-image-14383\" srcset=\"https:\/\/kirchenburgen.org\/wp-content\/uploads\/2022\/04\/Villa-Casapold-A6-Final.jpg 820w, https:\/\/kirchenburgen.org\/wp-content\/uploads\/2022\/04\/Villa-Casapold-A6-Final-300x213.jpg 300w\" sizes=\"auto, (max-width: 820px) 100vw, 820px\" \/><\/a><\/figure>\n\n\n\n<figure class=\"wp-block-image size-large\"><a href=\"https:\/\/kirchenburgen.org\/wp-content\/uploads\/2022\/04\/Pro-GrossKopisch-A6-Final.jpg\"><img loading=\"lazy\" decoding=\"async\" width=\"820\" height=\"582\" data-id=\"14386\" src=\"https:\/\/kirchenburgen.org\/wp-content\/uploads\/2022\/04\/Pro-GrossKopisch-A6-Final.jpg\" alt=\"\" class=\"wp-image-14386\" srcset=\"https:\/\/kirchenburgen.org\/wp-content\/uploads\/2022\/04\/Pro-GrossKopisch-A6-Final.jpg 820w, https:\/\/kirchenburgen.org\/wp-content\/uploads\/2022\/04\/Pro-GrossKopisch-A6-Final-300x213.jpg 300w\" sizes=\"auto, (max-width: 820px) 100vw, 820px\" \/><\/a><\/figure>\n\n\n\n<figure class=\"wp-block-image size-full\"><a href=\"https:\/\/kirchenburgen.org\/wp-content\/uploads\/2023\/01\/Filitelnic-A6-Final-2.jpg\"><img loading=\"lazy\" decoding=\"async\" width=\"820\" height=\"623\" data-id=\"16330\" src=\"https:\/\/kirchenburgen.org\/wp-content\/uploads\/2023\/01\/Filitelnic-A6-Final-2.jpg\" alt=\"\" class=\"wp-image-16330\" srcset=\"https:\/\/kirchenburgen.org\/wp-content\/uploads\/2023\/01\/Filitelnic-A6-Final-2.jpg 820w, https:\/\/kirchenburgen.org\/wp-content\/uploads\/2023\/01\/Filitelnic-A6-Final-2-300x228.jpg 300w\" sizes=\"auto, (max-width: 820px) 100vw, 820px\" \/><\/a><\/figure>\n\n\n\n<figure class=\"wp-block-image size-large\"><a href=\"https:\/\/kirchenburgen.org\/wp-content\/uploads\/2022\/04\/Villa-Atelier-de-Sculptura-A6-Final-1.jpg\"><img loading=\"lazy\" decoding=\"async\" width=\"820\" height=\"582\" data-id=\"14395\" src=\"https:\/\/kirchenburgen.org\/wp-content\/uploads\/2022\/04\/Villa-Atelier-de-Sculptura-A6-Final-1.jpg\" alt=\"\" class=\"wp-image-14395\" srcset=\"https:\/\/kirchenburgen.org\/wp-content\/uploads\/2022\/04\/Villa-Atelier-de-Sculptura-A6-Final-1.jpg 820w, https:\/\/kirchenburgen.org\/wp-content\/uploads\/2022\/04\/Villa-Atelier-de-Sculptura-A6-Final-1-300x213.jpg 300w\" sizes=\"auto, (max-width: 820px) 100vw, 820px\" \/><\/a><\/figure>\n<\/figure>\n","protected":false},"excerpt":{"rendered":"<p>FortiVacation Ca institu\u021bie specializat\u0103 \u00een conservarea bisericilor fortificate din Transilvania, Funda\u021bia Biserici Fortificate colaboreaz\u0103 \u00eendeaproape cu parteneri, asocia\u021bii \u0219i ini\u021biative private dedicate dezvolt\u0103rii unor concepte interesante pentru utilizarea ulterioar\u0103 a acestor cl\u0103diri istorice. Pe l\u00e2ng\u0103 aceste cooper\u0103ri, suntem, de asemenea, interesa\u021bi s\u0103 dezvolt\u0103m propriul proiect de reutilizare adaptiv\u0103 pentru a da un alt exemplu pentru [&hellip;]<\/p>\n","protected":false},"author":2,"featured_media":0,"parent":1393,"menu_order":0,"comment_status":"closed","ping_status":"closed","template":"","meta":{"_acf_changed":false,"footnotes":""},"class_list":["post-15367","page","type-page","status-publish","czr-hentry"],"acf":[],"_links":{"self":[{"href":"https:\/\/kirchenburgen.org\/ro\/wp-json\/wp\/v2\/pages\/15367","targetHints":{"allow":["GET"]}}],"collection":[{"href":"https:\/\/kirchenburgen.org\/ro\/wp-json\/wp\/v2\/pages"}],"about":[{"href":"https:\/\/kirchenburgen.org\/ro\/wp-json\/wp\/v2\/types\/page"}],"author":[{"embeddable":true,"href":"https:\/\/kirchenburgen.org\/ro\/wp-json\/wp\/v2\/users\/2"}],"replies":[{"embeddable":true,"href":"https:\/\/kirchenburgen.org\/ro\/wp-json\/wp\/v2\/comments?post=15367"}],"version-history":[{"count":26,"href":"https:\/\/kirchenburgen.org\/ro\/wp-json\/wp\/v2\/pages\/15367\/revisions"}],"predecessor-version":[{"id":22197,"href":"https:\/\/kirchenburgen.org\/ro\/wp-json\/wp\/v2\/pages\/15367\/revisions\/22197"}],"up":[{"embeddable":true,"href":"https:\/\/kirchenburgen.org\/ro\/wp-json\/wp\/v2\/pages\/1393"}],"wp:attachment":[{"href":"https:\/\/kirchenburgen.org\/ro\/wp-json\/wp\/v2\/media?parent=15367"}],"curies":[{"name":"wp","href":"https:\/\/api.w.org\/{rel}","templated":true}]}}