{"id":15373,"date":"2022-05-19T09:25:52","date_gmt":"2022-05-19T09:25:52","guid":{"rendered":"https:\/\/kirchenburgen.org\/?page_id=15373"},"modified":"2023-03-01T07:18:48","modified_gmt":"2023-03-01T07:18:48","slug":"aplicatie","status":"publish","type":"page","link":"https:\/\/kirchenburgen.org\/ro\/biserici-fortificate\/aplicatie\/","title":{"rendered":"Aplica\u021bie"},"content":{"rendered":"\n<div class=\"wp-block-columns is-layout-flex wp-container-core-columns-is-layout-9d6595d7 wp-block-columns-is-layout-flex\">\n<div class=\"wp-block-column is-layout-flow wp-block-column-is-layout-flow\" style=\"flex-basis:66.66%\">\n<p><b>Experience Fortified Churches \/ Descoper\u0103 Biserici Fortificate \/ Kirchenburgen Entdecken<\/b>, die offizielle App der Stiftung Kirchenburgen, ist ein interaktives Werkzeug, um das reiche Kulturerbe der Kirchenburgen Siebenb\u00fcrgens zu entdecken und zu erleben. Die App ist kostenlos f\u00fcr Android und iOS verf\u00fcgbar und die Inhalte k\u00f6nnen in drei Sprachen abgerufen werden: Rum\u00e4nisch, Englisch und Deutsch.<\/p>\n\n\n\n<div style=\"height:30px\" aria-hidden=\"true\" class=\"wp-block-spacer\"><\/div>\n\n\n\n<p>&#8222;Wir wollten mit dieser App f\u00fcr die Kirchenburgen in Siebenb\u00fcrgen werben und den Zugang zu interessanten Informationen erleichtern, z. B. die Aktualit\u00e4t von Kontaktdaten, Besuchszeiten und Anfahrtswegen. Die Plattform ist au\u00dferdem f\u00fcr die Beitr\u00e4ge von Nutzern und Tourismusanbietern offen. So k\u00f6nnen die Inhalte aktuell gehalten werden und wir laden alle Interessierten ein, sich zu beteiligen.&#8221;<\/p>\n\n\n\n<p class=\"has-text-align-right\"><em>Ramona Laczko David<\/em><\/p>\n\n\n\n<div class=\"wp-block-columns is-layout-flex wp-container-core-columns-is-layout-9d6595d7 wp-block-columns-is-layout-flex\">\n<div class=\"wp-block-column is-layout-flow wp-block-column-is-layout-flow\"><div class=\"wp-block-image\">\n<figure class=\"alignright size-large\"><img loading=\"lazy\" decoding=\"async\" width=\"300\" height=\"300\" src=\"https:\/\/kirchenburgen.org\/wp-content\/uploads\/2022\/04\/QR-code.png\" alt=\"\" class=\"wp-image-14698\" srcset=\"https:\/\/kirchenburgen.org\/wp-content\/uploads\/2022\/04\/QR-code.png 300w, https:\/\/kirchenburgen.org\/wp-content\/uploads\/2022\/04\/QR-code-150x150.png 150w\" sizes=\"auto, (max-width: 300px) 100vw, 300px\" \/><\/figure><\/div><\/div>\n<\/div>\n<\/div>\n\n\n\n<div class=\"wp-block-column is-layout-flow wp-block-column-is-layout-flow\" style=\"flex-basis:33.33%\"><div class=\"wp-block-image\">\n<figure class=\"aligncenter size-large\"><img loading=\"lazy\" decoding=\"async\" width=\"300\" height=\"460\" src=\"https:\/\/kirchenburgen.org\/wp-content\/uploads\/2022\/04\/Phone-EFC-nb-1.png\" alt=\"\" class=\"wp-image-14668\" srcset=\"https:\/\/kirchenburgen.org\/wp-content\/uploads\/2022\/04\/Phone-EFC-nb-1.png 300w, https:\/\/kirchenburgen.org\/wp-content\/uploads\/2022\/04\/Phone-EFC-nb-1-196x300.png 196w\" sizes=\"auto, (max-width: 300px) 100vw, 300px\" \/><\/figure><\/div>\n\n\n<div style=\"height:20px\" aria-hidden=\"true\" class=\"wp-block-spacer\"><\/div>\n\n\n\n<p><a href=\"https:\/\/play.google.com\/store\/apps\/details?id=net.eventya.android.experiencefortifiedchurches\" target=\"_blank\" rel=\"noopener\"><img loading=\"lazy\" decoding=\"async\" class=\"wp-image-14682 size-full aligncenter\" src=\"https:\/\/kirchenburgen.org\/wp-content\/uploads\/2022\/04\/GooglePlayIcon-1.png\" alt=\"\" width=\"300\" height=\"116\"><\/a> <a href=\"https:\/\/apps.apple.com\/us\/app\/experience-fortified-churches\/id1617807025\" target=\"_blank\" rel=\"noopener\"><img loading=\"lazy\" decoding=\"async\" class=\"wp-image-14679 size-full aligncenter\" src=\"https:\/\/kirchenburgen.org\/wp-content\/uploads\/2022\/04\/AppleStoreIcon-1.png\" alt=\"\" width=\"300\" height=\"108\"><\/a><\/p>\n<\/div>\n<\/div>\n","protected":false},"excerpt":{"rendered":"<p>Experience Fortified Churches \/ Descoper\u0103 Biserici Fortificate \/ Kirchenburgen Entdecken, die offizielle App der Stiftung Kirchenburgen, ist ein interaktives Werkzeug, um das reiche Kulturerbe der Kirchenburgen Siebenb\u00fcrgens zu entdecken und zu erleben. Die App ist kostenlos f\u00fcr Android und iOS verf\u00fcgbar und die Inhalte k\u00f6nnen in drei Sprachen abgerufen werden: Rum\u00e4nisch, Englisch und Deutsch. &#8222;Wir [&hellip;]<\/p>\n","protected":false},"author":2,"featured_media":0,"parent":1393,"menu_order":0,"comment_status":"closed","ping_status":"closed","template":"","meta":{"_acf_changed":false,"footnotes":""},"class_list":["post-15373","page","type-page","status-publish","czr-hentry"],"acf":[],"_links":{"self":[{"href":"https:\/\/kirchenburgen.org\/ro\/wp-json\/wp\/v2\/pages\/15373","targetHints":{"allow":["GET"]}}],"collection":[{"href":"https:\/\/kirchenburgen.org\/ro\/wp-json\/wp\/v2\/pages"}],"about":[{"href":"https:\/\/kirchenburgen.org\/ro\/wp-json\/wp\/v2\/types\/page"}],"author":[{"embeddable":true,"href":"https:\/\/kirchenburgen.org\/ro\/wp-json\/wp\/v2\/users\/2"}],"replies":[{"embeddable":true,"href":"https:\/\/kirchenburgen.org\/ro\/wp-json\/wp\/v2\/comments?post=15373"}],"version-history":[{"count":4,"href":"https:\/\/kirchenburgen.org\/ro\/wp-json\/wp\/v2\/pages\/15373\/revisions"}],"predecessor-version":[{"id":17142,"href":"https:\/\/kirchenburgen.org\/ro\/wp-json\/wp\/v2\/pages\/15373\/revisions\/17142"}],"up":[{"embeddable":true,"href":"https:\/\/kirchenburgen.org\/ro\/wp-json\/wp\/v2\/pages\/1393"}],"wp:attachment":[{"href":"https:\/\/kirchenburgen.org\/ro\/wp-json\/wp\/v2\/media?parent=15373"}],"curies":[{"name":"wp","href":"https:\/\/api.w.org\/{rel}","templated":true}]}}