{"id":17056,"date":"2023-02-28T09:58:34","date_gmt":"2023-02-28T09:58:34","guid":{"rendered":"https:\/\/kirchenburgen.org\/?page_id=17056"},"modified":"2026-03-03T12:16:30","modified_gmt":"2026-03-03T12:16:30","slug":"patroni","status":"publish","type":"page","link":"https:\/\/kirchenburgen.org\/ro\/fundatia\/patroni\/","title":{"rendered":"Patroni"},"content":{"rendered":"\n<p class=\"has-text-align-left\">Pre\u0219edintele Rom\u00e2niei, Nicu\u0219or Dan, \u0219i Pre\u0219edintele Germaniei, Frank-Walter Steinmeier, au preluat patronajul comun al Funda\u021biei Biserici Fortificate.<\/p>\n\n\n\n<div style=\"height:50px\" aria-hidden=\"true\" class=\"wp-block-spacer\"><\/div>\n\n\n\n<div class=\"wp-block-columns is-layout-flex wp-container-core-columns-is-layout-9d6595d7 wp-block-columns-is-layout-flex\">\n<div class=\"wp-block-column is-layout-flow wp-block-column-is-layout-flow\"><div class=\"wp-block-image\">\n<figure class=\"aligncenter size-full is-resized\"><img loading=\"lazy\" decoding=\"async\" width=\"297\" height=\"308\" src=\"https:\/\/kirchenburgen.org\/wp-content\/uploads\/2026\/03\/ND_mica-4.jpg\" alt=\"\" class=\"wp-image-22350\" style=\"width:293px;height:auto\" srcset=\"https:\/\/kirchenburgen.org\/wp-content\/uploads\/2026\/03\/ND_mica-4.jpg 297w, https:\/\/kirchenburgen.org\/wp-content\/uploads\/2026\/03\/ND_mica-4-289x300.jpg 289w\" sizes=\"auto, (max-width: 297px) 100vw, 297px\" \/><\/figure><\/div>\n\n\n<h4 class=\"wp-block-heading has-text-align-center\">Nicu\u0219or Dan,<\/h4>\n\n\n\n<h5 class=\"wp-block-heading has-text-align-center\">Pre\u0219edintele Rom\u00e2niei<\/h5>\n\n\n\n<div style=\"height:30px\" aria-hidden=\"true\" class=\"wp-block-spacer\"><\/div>\n\n\n\n<h5 class=\"wp-block-heading has-text-align-center\">\u201c<em>Patrimoniul bisericilor fortificate din Transilvania impresioneaz\u0103 prin sinteza istoric\u0103 \u015fi cultural\u0103 pe care ne-o ofer\u0103, oglindind dialogul dintre tradi\u0163ie \u015fi modernitate. Restaurarea acestor biserici echivaleaz\u0103 cu reafirmarea valorilor care au inspirat ctitorirea lor \u00een peisajul natural \u015fi arhitectonic rom\u00e2nesc: frumuse\u0163ea, tr\u0103inicia, armonia propor\u0163iilor, aspira\u0163ia spre universalitate. M\u0103 bucur s\u0103 acord \u00cenaltul Patronaj Funda\u021biei Biserici Fortificate, a c\u0103rei activitate prestigioas\u0103 \u00een domeniul restaur\u0103rii dovede\u015fte respectul, fidelitatea \u015fi responsabilitatea pentru patrimoniul construit. Ne propunem astfel s\u0103 consolid\u0103m \u00eempreun\u0103 o identitate na\u0163ional\u0103 \u015fi european\u0103, \u00een care tradi\u0163ia \u015fi memoria sus\u0163in comunitatea, orient\u00e2nd-o spre protejarea \u015fi transmiterea valorilor autentice.<\/em>&nbsp;\u201c<\/h5>\n\n\n\n<div style=\"height:50px\" aria-hidden=\"true\" class=\"wp-block-spacer\"><\/div>\n<\/div>\n\n\n\n<div class=\"wp-block-column is-layout-flow wp-block-column-is-layout-flow\"><div class=\"wp-block-image\">\n<figure class=\"aligncenter size-full\"><img loading=\"lazy\" decoding=\"async\" width=\"300\" height=\"299\" src=\"https:\/\/kirchenburgen.org\/wp-content\/uploads\/2026\/03\/FWSteinmeier-2.jpg\" alt=\"\" class=\"wp-image-22353\" title=\"Copyright Bundesregierung \/ Steffen Kugler\" srcset=\"https:\/\/kirchenburgen.org\/wp-content\/uploads\/2026\/03\/FWSteinmeier-2.jpg 300w, https:\/\/kirchenburgen.org\/wp-content\/uploads\/2026\/03\/FWSteinmeier-2-150x150.jpg 150w\" sizes=\"auto, (max-width: 300px) 100vw, 300px\" \/><\/figure><\/div>\n\n\n<h4 class=\"wp-block-heading has-text-align-center\">Frank-Walter Steinmeier, <\/h4>\n\n\n\n<h5 class=\"wp-block-heading has-text-align-center\">Pre\u0219edintele Republicii Federale Germania<\/h5>\n\n\n\n<div style=\"height:30px\" aria-hidden=\"true\" class=\"wp-block-spacer\"><\/div>\n\n\n\n<h5 class=\"wp-block-heading has-text-align-center\"><em>\u201cBisericile fortificate din Transilvania sunt semne vizibile ale str\u0103vechilor leg\u0103turi culturale rom\u00e2no-germane. Misiunea Funda\u0163iei Biserici Fortificate este de a prezerva aceast\u0103 mo\u015ftenire, motiv pentru care merit\u0103 aprecierea \u015fi sprijinul nostru.\u201d<\/em><\/h5>\n<\/div>\n<\/div>\n\n\n\n<div class=\"wp-block-columns is-layout-flex wp-container-core-columns-is-layout-9d6595d7 wp-block-columns-is-layout-flex\">\n<div class=\"wp-block-column is-layout-flow wp-block-column-is-layout-flow\"><\/div>\n\n\n\n<div class=\"wp-block-column is-layout-flow wp-block-column-is-layout-flow\"><\/div>\n<\/div>\n\n\n\n<div style=\"height:10px\" aria-hidden=\"true\" class=\"wp-block-spacer\"><\/div>\n\n\n\n<div style=\"height:10px\" aria-hidden=\"true\" class=\"wp-block-spacer\"><\/div>\n","protected":false},"excerpt":{"rendered":"<p>Pre\u0219edintele Rom\u00e2niei, Nicu\u0219or Dan, \u0219i Pre\u0219edintele Germaniei, Frank-Walter Steinmeier, au preluat patronajul comun al Funda\u021biei Biserici Fortificate. Nicu\u0219or Dan, Pre\u0219edintele Rom\u00e2niei \u201cPatrimoniul bisericilor fortificate din Transilvania impresioneaz\u0103 prin sinteza istoric\u0103 \u015fi cultural\u0103 pe care ne-o ofer\u0103, oglindind dialogul dintre tradi\u0163ie \u015fi modernitate. Restaurarea acestor biserici echivaleaz\u0103 cu reafirmarea valorilor care au inspirat ctitorirea lor \u00een [&hellip;]<\/p>\n","protected":false},"author":2,"featured_media":0,"parent":1395,"menu_order":0,"comment_status":"closed","ping_status":"closed","template":"","meta":{"_acf_changed":false,"footnotes":""},"class_list":["post-17056","page","type-page","status-publish","czr-hentry"],"acf":[],"_links":{"self":[{"href":"https:\/\/kirchenburgen.org\/ro\/wp-json\/wp\/v2\/pages\/17056","targetHints":{"allow":["GET"]}}],"collection":[{"href":"https:\/\/kirchenburgen.org\/ro\/wp-json\/wp\/v2\/pages"}],"about":[{"href":"https:\/\/kirchenburgen.org\/ro\/wp-json\/wp\/v2\/types\/page"}],"author":[{"embeddable":true,"href":"https:\/\/kirchenburgen.org\/ro\/wp-json\/wp\/v2\/users\/2"}],"replies":[{"embeddable":true,"href":"https:\/\/kirchenburgen.org\/ro\/wp-json\/wp\/v2\/comments?post=17056"}],"version-history":[{"count":11,"href":"https:\/\/kirchenburgen.org\/ro\/wp-json\/wp\/v2\/pages\/17056\/revisions"}],"predecessor-version":[{"id":22367,"href":"https:\/\/kirchenburgen.org\/ro\/wp-json\/wp\/v2\/pages\/17056\/revisions\/22367"}],"up":[{"embeddable":true,"href":"https:\/\/kirchenburgen.org\/ro\/wp-json\/wp\/v2\/pages\/1395"}],"wp:attachment":[{"href":"https:\/\/kirchenburgen.org\/ro\/wp-json\/wp\/v2\/media?parent=17056"}],"curies":[{"name":"wp","href":"https:\/\/api.w.org\/{rel}","templated":true}]}}