{"id":17165,"date":"2023-03-01T08:29:46","date_gmt":"2023-03-01T08:29:46","guid":{"rendered":"https:\/\/kirchenburgen.org\/?page_id=17165"},"modified":"2025-01-22T08:31:24","modified_gmt":"2025-01-22T08:31:24","slug":"programul-de-mentenanta","status":"publish","type":"page","link":"https:\/\/kirchenburgen.org\/ro\/activitati\/conservare-si-restaurare\/programul-de-mentenanta\/","title":{"rendered":"Programul de mentenan\u021b\u0103"},"content":{"rendered":"\n<div class=\"wp-block-columns is-layout-flex wp-container-core-columns-is-layout-9d6595d7 wp-block-columns-is-layout-flex\">\n<div class=\"wp-block-column is-layout-flow wp-block-column-is-layout-flow\" style=\"flex-basis:66.66%\">\n<p>Programul de mentenan\u021b\u0103 asigur\u0103 \u00eentre\u021binerea periodic\u0103 a bisericilor fortificate prin m\u0103suri c\u00e2t mai simple \u0219i mai pu\u021bin costisitoare, f\u0103r\u0103 a efectua repara\u021bii suplimentare. Scopul este de a proteja starea cl\u0103dirii \u0219i de a preveni degradarea. Pentru fiecare obiectiv \u00een parte sunt \u00eentocmite liste de verificare adaptate realit\u0103\u021bii din teren.<\/p>\n\n\n\n<p>M\u0103suri tipice din cadrul programului de mentenan\u021b\u0103 sunt:<\/p>\n\n\n\n<ul class=\"wp-block-list\">\n<li>dep\u0103rtarea vegeta\u021biei<\/li>\n\n\n\n<li>\u00eenlocuirea \u021biglelor desprinse<\/li>\n\n\n\n<li>cur\u0103\u021barea jgheaburilor \u0219i a scocurilor, precum \u0219i a sistemelor de drenare a apelor pluviale&nbsp;<\/li>\n\n\n\n<li>securizarea u\u0219ilor \u0219i ferestrelor<\/li>\n\n\n\n<li>inspec\u021bia general\u0103 a st\u0103rii cl\u0103dirii. \u00cen cazul \u00een care se constat\u0103 daune care nu pot fi reparate imediat, documentarea \u0219i raportarea acestor daune.<\/li>\n<\/ul>\n\n\n\n<p>Toate m\u0103surile din cadrul programului de mentenan\u021b\u0103 sunt finan\u021bate integral din dona\u021bii.<\/p>\n\n\n\n<p><strong>\u00cen prezent, sunt incluse urm\u0103toarele biserici fortificate:<\/strong><\/p>\n<\/div>\n\n\n\n<div class=\"wp-block-column is-layout-flow wp-block-column-is-layout-flow\" style=\"flex-basis:33.33%\"><div class=\"wp-block-image\">\n<figure class=\"aligncenter size-full is-resized\"><img loading=\"lazy\" decoding=\"async\" width=\"596\" height=\"584\" src=\"https:\/\/kirchenburgen.org\/wp-content\/uploads\/2023\/02\/Pflege.jpg\" alt=\"\" class=\"wp-image-17093\" style=\"width:447px;height:438px\" srcset=\"https:\/\/kirchenburgen.org\/wp-content\/uploads\/2023\/02\/Pflege.jpg 596w, https:\/\/kirchenburgen.org\/wp-content\/uploads\/2023\/02\/Pflege-300x294.jpg 300w\" sizes=\"auto, (max-width: 596px) 100vw, 596px\" \/><\/figure><\/div><\/div>\n<\/div>\n\n\n\n<div style=\"height:20px\" aria-hidden=\"true\" class=\"wp-block-spacer\"><\/div>\n\n\n\n<figure class=\"wp-block-gallery has-nested-images columns-2 is-cropped wp-block-gallery-1 is-layout-flex wp-block-gallery-is-layout-flex\">\n<figure class=\"wp-block-image size-large\"><a href=\"https:\/\/kirchenburgen.org\/ro\/location\/irmesch-ormenis\/\"><img loading=\"lazy\" decoding=\"async\" width=\"683\" height=\"1024\" data-id=\"16995\" src=\"https:\/\/kirchenburgen.org\/wp-content\/uploads\/2023\/02\/irmesch_2018_turm1-683x1024.jpg\" alt=\"\" class=\"wp-image-16995\" srcset=\"https:\/\/kirchenburgen.org\/wp-content\/uploads\/2023\/02\/irmesch_2018_turm1-683x1024.jpg 683w, https:\/\/kirchenburgen.org\/wp-content\/uploads\/2023\/02\/irmesch_2018_turm1-200x300.jpg 200w, https:\/\/kirchenburgen.org\/wp-content\/uploads\/2023\/02\/irmesch_2018_turm1.jpg 800w\" sizes=\"auto, (max-width: 683px) 100vw, 683px\" \/><\/a><figcaption class=\"wp-element-caption\"><a href=\"https:\/\/kirchenburgen.org\/ro\/location\/irmesch-ormenis\/\">Ormeni\u0219 \/ Irmesch<\/a><\/figcaption><\/figure>\n\n\n\n<figure class=\"wp-block-image size-large\"><img loading=\"lazy\" decoding=\"async\" width=\"773\" height=\"580\" data-id=\"16625\" src=\"https:\/\/kirchenburgen.org\/wp-content\/uploads\/2023\/01\/marienburg_b_s1_aussen2.jpg\" alt=\"\" class=\"wp-image-16625\" srcset=\"https:\/\/kirchenburgen.org\/wp-content\/uploads\/2023\/01\/marienburg_b_s1_aussen2.jpg 773w, https:\/\/kirchenburgen.org\/wp-content\/uploads\/2023\/01\/marienburg_b_s1_aussen2-300x225.jpg 300w\" sizes=\"auto, (max-width: 773px) 100vw, 773px\" \/><figcaption class=\"wp-element-caption\"><a href=\"https:\/\/kirchenburgen.org\/ro\/location\/marienburg-hetiur\/\" data-type=\"link\" data-id=\"https:\/\/kirchenburgen.org\/ro\/location\/marienburg-hetiur\/\">Hetiur\/Marienburg<\/a><\/figcaption><\/figure>\n\n\n\n<figure class=\"wp-block-image size-large\"><a href=\"https:\/\/kirchenburgen.org\/ro\/location\/magherus-maniersch-magyaros\/\"><img loading=\"lazy\" decoding=\"async\" width=\"683\" height=\"1024\" data-id=\"16999\" src=\"https:\/\/kirchenburgen.org\/wp-content\/uploads\/2023\/02\/maniersch1_aussen4-683x1024.jpg\" alt=\"\" class=\"wp-image-16999\" srcset=\"https:\/\/kirchenburgen.org\/wp-content\/uploads\/2023\/02\/maniersch1_aussen4-683x1024.jpg 683w, https:\/\/kirchenburgen.org\/wp-content\/uploads\/2023\/02\/maniersch1_aussen4-200x300.jpg 200w, https:\/\/kirchenburgen.org\/wp-content\/uploads\/2023\/02\/maniersch1_aussen4.jpg 800w\" sizes=\"auto, (max-width: 683px) 100vw, 683px\" \/><\/a><figcaption class=\"wp-element-caption\"><a href=\"https:\/\/kirchenburgen.org\/ro\/location\/magherus-maniersch-magyaros\/\">M\u0103gheru\u0219 \/ Maniersch<\/a><\/figcaption><\/figure>\n<\/figure>\n\n\n\n<div style=\"height:20px\" aria-hidden=\"true\" class=\"wp-block-spacer\"><\/div>\n\n\n\n<p>Suntem recunosc\u0103tori pentru fiecare <a href=\"\/ro\/implicare\/donatii\/\" data-type=\"page\" data-id=\"1431\">dona\u021bie<\/a>, care ne permite s\u0103 includem c\u00e2t mai multe biserici fortificate \u00een acest program.<\/p>\n","protected":false},"excerpt":{"rendered":"<p>Programul de mentenan\u021b\u0103 asigur\u0103 \u00eentre\u021binerea periodic\u0103 a bisericilor fortificate prin m\u0103suri c\u00e2t mai simple \u0219i mai pu\u021bin costisitoare, f\u0103r\u0103 a efectua repara\u021bii suplimentare. Scopul este de a proteja starea cl\u0103dirii \u0219i de a preveni degradarea. Pentru fiecare obiectiv \u00een parte sunt \u00eentocmite liste de verificare adaptate realit\u0103\u021bii din teren. M\u0103suri tipice din cadrul programului de [&hellip;]<\/p>\n","protected":false},"author":2,"featured_media":0,"parent":1860,"menu_order":0,"comment_status":"closed","ping_status":"closed","template":"","meta":{"_acf_changed":false,"footnotes":""},"class_list":["post-17165","page","type-page","status-publish","czr-hentry"],"acf":[],"_links":{"self":[{"href":"https:\/\/kirchenburgen.org\/ro\/wp-json\/wp\/v2\/pages\/17165","targetHints":{"allow":["GET"]}}],"collection":[{"href":"https:\/\/kirchenburgen.org\/ro\/wp-json\/wp\/v2\/pages"}],"about":[{"href":"https:\/\/kirchenburgen.org\/ro\/wp-json\/wp\/v2\/types\/page"}],"author":[{"embeddable":true,"href":"https:\/\/kirchenburgen.org\/ro\/wp-json\/wp\/v2\/users\/2"}],"replies":[{"embeddable":true,"href":"https:\/\/kirchenburgen.org\/ro\/wp-json\/wp\/v2\/comments?post=17165"}],"version-history":[{"count":8,"href":"https:\/\/kirchenburgen.org\/ro\/wp-json\/wp\/v2\/pages\/17165\/revisions"}],"predecessor-version":[{"id":20228,"href":"https:\/\/kirchenburgen.org\/ro\/wp-json\/wp\/v2\/pages\/17165\/revisions\/20228"}],"up":[{"embeddable":true,"href":"https:\/\/kirchenburgen.org\/ro\/wp-json\/wp\/v2\/pages\/1860"}],"wp:attachment":[{"href":"https:\/\/kirchenburgen.org\/ro\/wp-json\/wp\/v2\/media?parent=17165"}],"curies":[{"name":"wp","href":"https:\/\/api.w.org\/{rel}","templated":true}]}}