{"id":17185,"date":"2023-03-01T10:57:24","date_gmt":"2023-03-01T10:57:24","guid":{"rendered":"https:\/\/kirchenburgen.org\/?page_id=17185"},"modified":"2023-03-09T10:10:23","modified_gmt":"2023-03-09T10:10:23","slug":"expertize-tehnice","status":"publish","type":"page","link":"https:\/\/kirchenburgen.org\/ro\/activitati\/conservare-si-restaurare\/expertize-tehnice\/","title":{"rendered":"Expertize tehnice"},"content":{"rendered":"<figure style=\"width: 1024px\" class=\"wp-caption alignnone\"><a href=\"http:\/\/kirchenburgen.org\/wp-content\/uploads\/2018\/01\/Kirchenburgenkarte_Harta-20-Final.pdf\" target=\"_blank\" rel=\"noopener\"><img loading=\"lazy\" decoding=\"async\" title=\"Zum Download auf die Karte klicken\" src=\"https:\/\/kirchenburgen.org\/wp-content\/uploads\/2017\/08\/Kirchenburgenkarte_Harta-1024x612.png\" alt=\"Kirchenburgenkarte_Harta\" width=\"1024\" height=\"612\" \/><\/a><figcaption class=\"wp-caption-text\">Face\u021bi clic pe hart\u0103 pentru a o desc\u0103rca.<\/figcaption><\/figure>\n<h4><\/h4>\n<h4>Program de cooperare pentru identificarea bisericilor fortificate aflate \u00een stare avansat\u0103 de degradare<\/h4>\n<p><span style=\"font-weight: 400;\">Peisajul bisericilor fortificate s\u0103se\u0219ti din Transilvania este una dintre cele mai importante m\u0103rturii ale istoriei a\u0219ez\u0103rilor germane din sud-estul Europei. Peisajul bisericilor fortificate cuprinde peste 160 de biserici fortificate a c\u0103ror p\u0103strare cade \u00een sarcina Bisericii Evanghelice A.C. din Rom\u00e2nia (BECAR) \u00een calitate de proprietar. Bisericile fortificate sunt supuse unor grade diferite de degradare, iar \u00een unele cazuri gravitatea degrad\u0103rii nu a fost, \u00eenc\u0103, expertizat\u0103. Pr\u0103bu\u0219iri precum cele de la Roade\u0219 \u0219i Rotbav din 2016 stau m\u0103rturie vulnerabilit\u0103\u021bii acestor obiective.<\/span><\/p>\n<p><span style=\"font-weight: 400;\">\u00cen acest context, Funda\u021bia Biserici Fortificate a dezvoltat un program de pentru interven\u021bii de urgen\u021b\u0103, rom\u00e2no-german, \u00eempreun\u0103 cu Universitatea European\u0103 Viadrina (Frankfurt\/Oder), Consiliul Cultural Transilv\u0103nean-Saxon \u0219i Consistoriul superior al BECAR. Scopul este ca bisericile (fortificate) aflate \u00een stare avansat\u0103 de degradare, s\u0103 fie studiate din punct de vedere structural \u0219i, unde este necesar, s\u0103 se propun\u0103 m\u0103suri pentru securizarea acestora. Selec\u021bia obiectivelor care urmeaz\u0103 s\u0103 fie incluse \u00een program a fost realizat\u0103 de exper\u021bi ai Funda\u021biei Biserici Fortificate, \u00een colaborare cu Consistoriul superior al BECAR \u0219i cu cele cinci consistorii districtuale. Evaluarea cl\u0103dirilor din punct de vedere structural este realizat\u0103 de echipe de exper\u021bi formate din ingineri structuri\u0219ti, geologi \u0219i al\u021bi speciali\u0219ti. Aceste examin\u0103ri urm\u0103resc scopul de a propune interven\u021bii asupra obiectelor \u0219i componentelor structurale deosebit de periclitate din punct de vedere structural, sub forma unor interven\u021bii de urgen\u021b\u0103. \u00cen acest sens, sunt \u00eentocmite expertize, rapoarte \u0219i recomand\u0103ri de interven\u021bie.<\/span><\/p>\n<p><span style=\"font-weight: 400;\"><img loading=\"lazy\" decoding=\"async\" class=\"alignright size-medium wp-image-17089\" src=\"https:\/\/kirchenburgen.org\/wp-content\/uploads\/2023\/02\/Gemein2-300x288.jpg\" alt=\"\" width=\"300\" height=\"288\" srcset=\"https:\/\/kirchenburgen.org\/wp-content\/uploads\/2023\/02\/Gemein2-300x288.jpg 300w, https:\/\/kirchenburgen.org\/wp-content\/uploads\/2023\/02\/Gemein2.jpg 700w\" sizes=\"auto, (max-width: 300px) 100vw, 300px\" \/>Studiile s-au derulat \u00een perioada 2017-2019 cu finan\u021bare din partea Comisariatului federal german pentru cultur\u0103 \u0219i mass-media, Fondului de urgen\u021b\u0103 al BECAR \u0219i Ministerului Culturii din Rom\u00e2nia. Coordonarea proiectului apar\u021bine Catedrei pentru monumente istorice din cadrul Universit\u0103\u021bii Viadrina, de mul\u021bi ani un partener important, \u0219i prin intermediul programului de masterat pentru protec\u021bia patrimoniului cultural European. Coordonarea proiectului la nivel local este asigurat\u0103 de Funda\u021bia Biserici Fortificate. <\/span><\/p>\n<p><a href=\"http:\/\/kirchenburgen.org\/wp-content\/uploads\/2017\/08\/Kirchenburgenkarte_Harta-20-Final.pdf\" target=\"_blank\" rel=\"noopener\"><span style=\"font-weight: 400;\">Hart\u0103: Studiile geo-tehnice pentru cele 20 de biserici fortificate cuprinse \u00een program au fost finan\u021bate de Comisariatul federal german pentru cultur\u0103 \u0219i mass-media.<\/span><\/a><\/p>\n<p><strong>Sponsorizat de:<\/strong><\/p>\n<p><a href=\"https:\/\/www.bundesregierung.de\/breg-de\/bundesregierung\/staatsministerin-fuer-kultur-und-medien\" target=\"_blank\" rel=\"noopener\"><img loading=\"lazy\" decoding=\"async\" class=\"alignleft wp-image-5550 size-medium\" src=\"https:\/\/kirchenburgen.org\/wp-content\/uploads\/2017\/08\/Logo-BKM_de-300x122.png\" alt=\"Logo BKM_de\" width=\"300\" height=\"122\" srcset=\"https:\/\/kirchenburgen.org\/wp-content\/uploads\/2017\/08\/Logo-BKM_de-300x122.png 300w, https:\/\/kirchenburgen.org\/wp-content\/uploads\/2017\/08\/Logo-BKM_de-1024x418.png 1024w, https:\/\/kirchenburgen.org\/wp-content\/uploads\/2017\/08\/Logo-BKM_de.png 1960w\" sizes=\"auto, (max-width: 300px) 100vw, 300px\" \/><\/a><\/p>\n<p><strong>Parteneri de proiect implica\u021bi:<\/strong><\/p>\n<p><a href=\"http:\/\/siebenbuergen-institut.de\" target=\"_blank\" rel=\"noopener\"><img decoding=\"async\" class=\"size-full wp-image-5538 alignleft\" src=\"https:\/\/kirchenburgen.org\/wp-content\/uploads\/2017\/08\/brandnew_logo.png\" alt=\"brandnew_logo\" width=\"100\" \/>\u00a0<\/a> <img decoding=\"async\" class=\"size-full wp-image-5544\" src=\"https:\/\/kirchenburgen.org\/wp-content\/uploads\/2017\/08\/logo.png\" alt=\"logo\" width=\"110\" \/><a href=\"https:\/\/www.europa-uni.de\/de\/index.html\" target=\"_blank\" rel=\"noopener\"><img loading=\"lazy\" decoding=\"async\" class=\"alignleft wp-image-5547 size-medium\" src=\"https:\/\/kirchenburgen.org\/wp-content\/uploads\/2017\/08\/viadrina_logo21.png\" alt=\"viadrina_logo\" width=\"200\" height=\"102\" \/><\/a><a href=\"http:\/\/evang.ro\/\" target=\"_blank\" rel=\"noopener\"><img decoding=\"async\" class=\"alignleft size-full wp-image-5202\" src=\"https:\/\/kirchenburgen.org\/wp-content\/uploads\/2017\/06\/evang-ro.png\" alt=\"evang-ro\" width=\"230\" srcset=\"https:\/\/kirchenburgen.org\/wp-content\/uploads\/2017\/06\/evang-ro.png 360w, https:\/\/kirchenburgen.org\/wp-content\/uploads\/2017\/06\/evang-ro-300x100.png 300w\" sizes=\"(max-width: 360px) 100vw, 360px\" \/><\/a><\/p>\n","protected":false},"excerpt":{"rendered":"<p>Program de cooperare pentru identificarea bisericilor fortificate aflate \u00een stare avansat\u0103 de degradare Peisajul bisericilor fortificate s\u0103se\u0219ti din Transilvania este una dintre cele mai importante m\u0103rturii ale istoriei a\u0219ez\u0103rilor germane din sud-estul Europei. Peisajul bisericilor fortificate cuprinde peste 160 de biserici fortificate a c\u0103ror p\u0103strare cade \u00een sarcina Bisericii Evanghelice A.C. din Rom\u00e2nia (BECAR) \u00een [&hellip;]<\/p>\n","protected":false},"author":2,"featured_media":0,"parent":1860,"menu_order":0,"comment_status":"closed","ping_status":"closed","template":"","meta":{"_acf_changed":false,"footnotes":""},"class_list":["post-17185","page","type-page","status-publish","czr-hentry"],"acf":[],"_links":{"self":[{"href":"https:\/\/kirchenburgen.org\/ro\/wp-json\/wp\/v2\/pages\/17185","targetHints":{"allow":["GET"]}}],"collection":[{"href":"https:\/\/kirchenburgen.org\/ro\/wp-json\/wp\/v2\/pages"}],"about":[{"href":"https:\/\/kirchenburgen.org\/ro\/wp-json\/wp\/v2\/types\/page"}],"author":[{"embeddable":true,"href":"https:\/\/kirchenburgen.org\/ro\/wp-json\/wp\/v2\/users\/2"}],"replies":[{"embeddable":true,"href":"https:\/\/kirchenburgen.org\/ro\/wp-json\/wp\/v2\/comments?post=17185"}],"version-history":[{"count":5,"href":"https:\/\/kirchenburgen.org\/ro\/wp-json\/wp\/v2\/pages\/17185\/revisions"}],"predecessor-version":[{"id":17443,"href":"https:\/\/kirchenburgen.org\/ro\/wp-json\/wp\/v2\/pages\/17185\/revisions\/17443"}],"up":[{"embeddable":true,"href":"https:\/\/kirchenburgen.org\/ro\/wp-json\/wp\/v2\/pages\/1860"}],"wp:attachment":[{"href":"https:\/\/kirchenburgen.org\/ro\/wp-json\/wp\/v2\/media?parent=17185"}],"curies":[{"name":"wp","href":"https:\/\/api.w.org\/{rel}","templated":true}]}}