{"id":17410,"date":"2023-03-07T17:05:48","date_gmt":"2023-03-07T17:05:48","guid":{"rendered":"https:\/\/kirchenburgen.org\/?page_id=17410"},"modified":"2023-03-10T08:20:19","modified_gmt":"2023-03-10T08:20:19","slug":"proiecte-de-conservare","status":"publish","type":"page","link":"https:\/\/kirchenburgen.org\/ro\/activitati\/conservare-si-restaurare\/proiecte-de-conservare\/","title":{"rendered":"Proiecte de Conservare"},"content":{"rendered":"\n<div class=\"wp-block-columns is-layout-flex wp-container-core-columns-is-layout-9d6595d7 wp-block-columns-is-layout-flex\">\n<div class=\"wp-block-column is-layout-flow wp-block-column-is-layout-flow\" style=\"flex-basis:66.66%\">\n<p>Activitatea noastr\u0103 de conservare \u0219i restaurare a bisericilor fortificate se desf\u0103\u0219oar\u0103 pe mai multe planuri. Proiectele sunt fie parte din programe mai ample, fie se deruleaz\u0103 individual, pornind de la nevoile locale. \u00cen ambele cazuri, obiectivul const\u0103 \u00een conservarea substan\u021bei istorice pentru genera\u021biile viitoare.<\/p>\n\n\n\n<p>Interven\u021biile pot fi la scar\u0103 mic\u0103 sau mare, se pot limita la repara\u021bii sau pot include \u0219i cercetarea \u0219i documentarea cl\u0103dirilor. De regul\u0103, bisericile fortificate reprezint\u0103 punctul central al activit\u0103\u021bii noastre &#8211; mai exact bisericile \u0219i fortifica\u021biile din jurul lor. Cu toate acestea, \u00een cazuri excep\u021bionale, intervenim \u0219i dincolo de acest aspect.<\/p>\n\n\n\n<p>Proiecte derulate \u00een ultimii ani.<\/p>\n<\/div>\n\n\n\n<div class=\"wp-block-column is-layout-flow wp-block-column-is-layout-flow\" style=\"flex-basis:33.33%\"><div class=\"wp-block-image\">\n<figure class=\"aligncenter size-large is-resized\"><img loading=\"lazy\" decoding=\"async\" src=\"https:\/\/kirchenburgen.org\/wp-content\/uploads\/2023\/02\/Gemein1A-1024x873.jpg\" alt=\"\" class=\"wp-image-17078\" width=\"385\" height=\"318\"\/><\/figure><\/div><\/div>\n<\/div>\n\n\n\n<div style=\"height:20px\" aria-hidden=\"true\" class=\"wp-block-spacer\"><\/div>\n\n\n\n<figure class=\"wp-block-gallery has-nested-images columns-default is-cropped wp-block-gallery-1 is-layout-flex wp-block-gallery-is-layout-flex\">\n<figure class=\"wp-block-image size-full\"><a href=\"https:\/\/kirchenburgen.org\/ro\/location\/schaas-saes\/\"><img loading=\"lazy\" decoding=\"async\" width=\"1024\" height=\"685\" data-id=\"16987\" src=\"https:\/\/kirchenburgen.org\/wp-content\/uploads\/2023\/02\/FriedhofSchaas-1-1024x685-1.jpg\" alt=\"\" class=\"wp-image-16987\" srcset=\"https:\/\/kirchenburgen.org\/wp-content\/uploads\/2023\/02\/FriedhofSchaas-1-1024x685-1.jpg 1024w, https:\/\/kirchenburgen.org\/wp-content\/uploads\/2023\/02\/FriedhofSchaas-1-1024x685-1-300x201.jpg 300w\" sizes=\"auto, (max-width: 1024px) 100vw, 1024px\" \/><\/a><figcaption class=\"wp-element-caption\"><a href=\"https:\/\/kirchenburgen.org\/ro\/location\/schaas-saes\/\">\u0218ae\u0219 \/ Schaas<\/a><\/figcaption><\/figure>\n\n\n\n<figure class=\"wp-block-image size-large\"><a href=\"https:\/\/kirchenburgen.org\/ro\/location\/hundertbuecheln-movile\/\"><img loading=\"lazy\" decoding=\"async\" width=\"1024\" height=\"685\" data-id=\"6910\" src=\"https:\/\/kirchenburgen.org\/wp-content\/uploads\/2018\/05\/Hundertb\u00fccheln_Speckturm-nachher-1024x685.jpg\" alt=\"\" class=\"wp-image-6910\" srcset=\"https:\/\/kirchenburgen.org\/wp-content\/uploads\/2018\/05\/Hundertb\u00fccheln_Speckturm-nachher-1024x685.jpg 1024w, https:\/\/kirchenburgen.org\/wp-content\/uploads\/2018\/05\/Hundertb\u00fccheln_Speckturm-nachher-300x201.jpg 300w\" sizes=\"auto, (max-width: 1024px) 100vw, 1024px\" \/><\/a><figcaption class=\"wp-element-caption\"><a href=\"https:\/\/kirchenburgen.org\/ro\/location\/hundertbuecheln-movile\/\">Movile \/ Hundertb\u00fccheln<\/a><\/figcaption><\/figure>\n\n\n\n<figure class=\"wp-block-image size-full\"><a href=\"https:\/\/kirchenburgen.org\/ro\/location\/mardisch-moardas\/\"><img loading=\"lazy\" decoding=\"async\" width=\"700\" height=\"497\" data-id=\"17043\" src=\"https:\/\/kirchenburgen.org\/wp-content\/uploads\/2023\/02\/IMG_7876.jpg\" alt=\"\" class=\"wp-image-17043\" srcset=\"https:\/\/kirchenburgen.org\/wp-content\/uploads\/2023\/02\/IMG_7876.jpg 700w, https:\/\/kirchenburgen.org\/wp-content\/uploads\/2023\/02\/IMG_7876-300x213.jpg 300w\" sizes=\"auto, (max-width: 700px) 100vw, 700px\" \/><\/a><figcaption class=\"wp-element-caption\"><a href=\"https:\/\/kirchenburgen.org\/ro\/location\/mardisch-moardas\/\">Moard\u0103\u0219 \/ Mardisch<\/a><\/figcaption><\/figure>\n<\/figure>\n","protected":false},"excerpt":{"rendered":"<p>Activitatea noastr\u0103 de conservare \u0219i restaurare a bisericilor fortificate se desf\u0103\u0219oar\u0103 pe mai multe planuri. Proiectele sunt fie parte din programe mai ample, fie se deruleaz\u0103 individual, pornind de la nevoile locale. \u00cen ambele cazuri, obiectivul const\u0103 \u00een conservarea substan\u021bei istorice pentru genera\u021biile viitoare. Interven\u021biile pot fi la scar\u0103 mic\u0103 sau mare, se pot limita [&hellip;]<\/p>\n","protected":false},"author":2,"featured_media":0,"parent":1860,"menu_order":0,"comment_status":"closed","ping_status":"closed","template":"","meta":{"_acf_changed":false,"footnotes":""},"class_list":["post-17410","page","type-page","status-publish","czr-hentry"],"acf":[],"_links":{"self":[{"href":"https:\/\/kirchenburgen.org\/ro\/wp-json\/wp\/v2\/pages\/17410","targetHints":{"allow":["GET"]}}],"collection":[{"href":"https:\/\/kirchenburgen.org\/ro\/wp-json\/wp\/v2\/pages"}],"about":[{"href":"https:\/\/kirchenburgen.org\/ro\/wp-json\/wp\/v2\/types\/page"}],"author":[{"embeddable":true,"href":"https:\/\/kirchenburgen.org\/ro\/wp-json\/wp\/v2\/users\/2"}],"replies":[{"embeddable":true,"href":"https:\/\/kirchenburgen.org\/ro\/wp-json\/wp\/v2\/comments?post=17410"}],"version-history":[{"count":5,"href":"https:\/\/kirchenburgen.org\/ro\/wp-json\/wp\/v2\/pages\/17410\/revisions"}],"predecessor-version":[{"id":17490,"href":"https:\/\/kirchenburgen.org\/ro\/wp-json\/wp\/v2\/pages\/17410\/revisions\/17490"}],"up":[{"embeddable":true,"href":"https:\/\/kirchenburgen.org\/ro\/wp-json\/wp\/v2\/pages\/1860"}],"wp:attachment":[{"href":"https:\/\/kirchenburgen.org\/ro\/wp-json\/wp\/v2\/media?parent=17410"}],"curies":[{"name":"wp","href":"https:\/\/api.w.org\/{rel}","templated":true}]}}