{"id":1850,"date":"2016-06-20T10:37:46","date_gmt":"2016-06-20T10:37:46","guid":{"rendered":"http:\/\/kirchenburgen.org\/ro\/?page_id=1850"},"modified":"2016-06-23T11:01:48","modified_gmt":"2016-06-23T11:01:48","slug":"asociatia","status":"publish","type":"page","link":"https:\/\/kirchenburgen.org\/ro\/fundatia\/asociatia\/","title":{"rendered":"Asocia\u021bia"},"content":{"rendered":"<h3><img loading=\"lazy\" decoding=\"async\" class=\"wp-image-1959 alignright\" src=\"https:\/\/kirchenburgen.org\/wp-content\/uploads\/2016\/02\/3_F\u00f6rderverein-Treffen-Januar-2016-1024x576.jpg\" alt=\"F\u00f6rderverein Treffen Januar 2016\" width=\"439\" height=\"247\" srcset=\"https:\/\/kirchenburgen.org\/wp-content\/uploads\/2016\/02\/3_F\u00f6rderverein-Treffen-Januar-2016-1024x576.jpg 1024w, https:\/\/kirchenburgen.org\/wp-content\/uploads\/2016\/02\/3_F\u00f6rderverein-Treffen-Januar-2016-300x169.jpg 300w, https:\/\/kirchenburgen.org\/wp-content\/uploads\/2016\/02\/3_F\u00f6rderverein-Treffen-Januar-2016-768x432.jpg 768w, https:\/\/kirchenburgen.org\/wp-content\/uploads\/2016\/02\/3_F\u00f6rderverein-Treffen-Januar-2016.jpg 1200w\" sizes=\"auto, (max-width: 439px) 100vw, 439px\" \/><\/h3>\n<h3>Asocia\u021bia non-profit<\/h3>\n<p><span style=\"font-weight: 400;\">Funda\u021bia Biserici fortificate este sprijinit\u0103 de o asocia\u021bie non-profit \u00eenfiin\u021bat\u0103 \u00een Germania \u00een prim\u0103vara anului 2015. Aceasta a fost \u00eenregistrat\u0103 \u00een registrul organiza\u021biilor non-profit din Berlin.<\/span><\/p>\n<p><span style=\"font-weight: 400;\">Scopul asocia\u021biei este, pe de-o parte, de a sus\u021bine financiar activitatea Funda\u021biei Biserici Fortificate \u0219i, pe de alt\u0103 parte, de a implementa \u00een Germania proiecte complementare independente, \u00een scopul promov\u0103rii domeniilor de interes ale Funda\u021biei.<\/span><\/p>\n<p><strong>Asocia\u021bia este condus\u0103 de un consiliu director format din urm\u0103torii trei membri:<\/strong><\/p>\n<ul>\n<li style=\"font-weight: 400;\"><span style=\"font-weight: 400;\">Pre\u0219edinte: Restaurator Sarah Hanini<\/span><\/li>\n<li style=\"font-weight: 400;\"><span style=\"font-weight: 400;\">Vicepre\u0219edinte: Philipp Harfmann<\/span><\/li>\n<li style=\"font-weight: 400;\"><span style=\"font-weight: 400;\">Trezorier: Arhitect Annemarie Rothe<\/span><\/li>\n<\/ul>\n<p><span style=\"font-weight: 400;\">Asocia\u021bia are acum \u00een construc\u021bie propria pagin\u0103 de internet.<\/span><\/p>\n<p><span style=\"font-weight: 400;\">Conducerea acesteia poate fi contactat\u0103 la adresa: <a href=\"mailto:info@foerderverein.kirchenburgen.org\">info@foerderverein.kirchenburgen.org<\/a> <\/span><\/p>\n<p><strong>Contul \u00een care se pot face dona\u021bii c\u0103tre aceast\u0103 asocia\u021bie este: <\/strong><\/p>\n<p><span style=\"font-weight: 400;\">Titularul contului: F\u00f6rderverein Kirchenburgen e.V.<\/span><\/p>\n<p><span style=\"font-weight: 400;\">IBAN: DE 37 3506 0190 1566 3690 16 <\/span><\/p>\n<p><span style=\"font-weight: 400;\">BIC: GENO DED1 DKD <\/span><\/p>\n<p><span style=\"font-weight: 400;\">Banca: KD-Bank \u2013 Bank f\u00fcr Kirche und Diakonie<\/span><\/p>\n<p><span style=\"font-weight: 400;\">Este posibil\u0103 eliberarea unei chitan\u021be pentru atestarea dona\u021biei. \u00cen acest scop, v\u0103 rug\u0103m s\u0103 trimite\u021bi datele dvs. de contact la urm\u0103toarea adres\u0103 de e-mail: <a href=\"mailto:info@foerderverein.kirchenburgen.org\">info@foerderverein.kirchenburgen.org<\/a> <\/span><\/p>\n","protected":false},"excerpt":{"rendered":"<p>Asocia\u021bia non-profit Funda\u021bia Biserici fortificate este sprijinit\u0103 de o asocia\u021bie non-profit \u00eenfiin\u021bat\u0103 \u00een Germania \u00een prim\u0103vara anului 2015. Aceasta a fost \u00eenregistrat\u0103 \u00een registrul organiza\u021biilor non-profit din Berlin. Scopul asocia\u021biei este, pe de-o parte, de a sus\u021bine financiar activitatea Funda\u021biei Biserici Fortificate \u0219i, pe de alt\u0103 parte, de a implementa \u00een Germania proiecte complementare independente, [&hellip;]<\/p>\n","protected":false},"author":2,"featured_media":0,"parent":1395,"menu_order":3,"comment_status":"closed","ping_status":"closed","template":"","meta":{"_acf_changed":false,"footnotes":""},"class_list":["post-1850","page","type-page","status-publish","czr-hentry"],"acf":[],"_links":{"self":[{"href":"https:\/\/kirchenburgen.org\/ro\/wp-json\/wp\/v2\/pages\/1850","targetHints":{"allow":["GET"]}}],"collection":[{"href":"https:\/\/kirchenburgen.org\/ro\/wp-json\/wp\/v2\/pages"}],"about":[{"href":"https:\/\/kirchenburgen.org\/ro\/wp-json\/wp\/v2\/types\/page"}],"author":[{"embeddable":true,"href":"https:\/\/kirchenburgen.org\/ro\/wp-json\/wp\/v2\/users\/2"}],"replies":[{"embeddable":true,"href":"https:\/\/kirchenburgen.org\/ro\/wp-json\/wp\/v2\/comments?post=1850"}],"version-history":[{"count":5,"href":"https:\/\/kirchenburgen.org\/ro\/wp-json\/wp\/v2\/pages\/1850\/revisions"}],"predecessor-version":[{"id":2832,"href":"https:\/\/kirchenburgen.org\/ro\/wp-json\/wp\/v2\/pages\/1850\/revisions\/2832"}],"up":[{"embeddable":true,"href":"https:\/\/kirchenburgen.org\/ro\/wp-json\/wp\/v2\/pages\/1395"}],"wp:attachment":[{"href":"https:\/\/kirchenburgen.org\/ro\/wp-json\/wp\/v2\/media?parent=1850"}],"curies":[{"name":"wp","href":"https:\/\/api.w.org\/{rel}","templated":true}]}}