{"id":1860,"date":"2016-06-20T11:08:01","date_gmt":"2016-06-20T11:08:01","guid":{"rendered":"http:\/\/kirchenburgen.org\/ro\/?page_id=1860"},"modified":"2026-03-02T08:06:50","modified_gmt":"2026-03-02T08:06:50","slug":"conservare-si-restaurare","status":"publish","type":"page","link":"https:\/\/kirchenburgen.org\/ro\/activitati\/conservare-si-restaurare\/","title":{"rendered":"Proiecte si consultan\u021b\u0103 \u00een Conservare \u0219i restaurare"},"content":{"rendered":"\n<div style=\"height:20px\" aria-hidden=\"true\" class=\"wp-block-spacer\"><\/div>\n\n\n\n<figure class=\"wp-block-gallery has-nested-images columns-default is-cropped wp-block-gallery-1 is-layout-flex wp-block-gallery-is-layout-flex\">\n<figure class=\"wp-block-image size-large\"><img loading=\"lazy\" decoding=\"async\" width=\"600\" height=\"400\" data-id=\"16513\" src=\"https:\/\/kirchenburgen.org\/wp-content\/uploads\/2023\/01\/Daecherprogramm.jpg\" alt=\"\" class=\"wp-image-16513\" srcset=\"https:\/\/kirchenburgen.org\/wp-content\/uploads\/2023\/01\/Daecherprogramm.jpg 600w, https:\/\/kirchenburgen.org\/wp-content\/uploads\/2023\/01\/Daecherprogramm-300x200.jpg 300w\" sizes=\"auto, (max-width: 600px) 100vw, 600px\" \/><figcaption class=\"wp-element-caption\"><a href=\"https:\/\/kirchenburgen.org\/wp-content\/uploads\/2024\/11\/DP_RO.pdf\" data-type=\"attachment\" data-id=\"19953\">Program acoperi\u0219uri<\/a><\/figcaption><\/figure>\n\n\n\n<figure class=\"wp-block-image size-large\"><img loading=\"lazy\" decoding=\"async\" width=\"600\" height=\"400\" data-id=\"16521\" src=\"https:\/\/kirchenburgen.org\/wp-content\/uploads\/2023\/01\/Notprogramm.jpg\" alt=\"\" class=\"wp-image-16521\" srcset=\"https:\/\/kirchenburgen.org\/wp-content\/uploads\/2023\/01\/Notprogramm.jpg 600w, https:\/\/kirchenburgen.org\/wp-content\/uploads\/2023\/01\/Notprogramm-300x200.jpg 300w\" sizes=\"auto, (max-width: 600px) 100vw, 600px\" \/><figcaption class=\"wp-element-caption\"><a href=\"https:\/\/kirchenburgen.org\/wp-content\/uploads\/2024\/11\/NP_RO.pdf\" data-type=\"attachment\" data-id=\"19956\">Fondul de urgen\u021b\u0103<\/a><\/figcaption><\/figure>\n\n\n\n<figure class=\"wp-block-image size-large\"><img loading=\"lazy\" decoding=\"async\" width=\"600\" height=\"402\" data-id=\"16520\" src=\"https:\/\/kirchenburgen.org\/wp-content\/uploads\/2023\/01\/Pflegeprogramm.jpg\" alt=\"\" class=\"wp-image-16520\" srcset=\"https:\/\/kirchenburgen.org\/wp-content\/uploads\/2023\/01\/Pflegeprogramm.jpg 600w, https:\/\/kirchenburgen.org\/wp-content\/uploads\/2023\/01\/Pflegeprogramm-300x201.jpg 300w\" sizes=\"auto, (max-width: 600px) 100vw, 600px\" \/><figcaption class=\"wp-element-caption\"><a href=\"https:\/\/kirchenburgen.org\/wp-content\/uploads\/2024\/11\/PP_RO.pdf\" data-type=\"attachment\" data-id=\"19950\">Programul de mentenan\u021b\u0103<\/a><\/figcaption><\/figure>\n<\/figure>\n\n\n\n<div style=\"height:20px\" aria-hidden=\"true\" class=\"wp-block-spacer\"><\/div>\n\n\n\n<p>Sarcina noastr\u0103 const\u0103 \u00een salvarea bisericilor (fortificate) aflate \u00een pericol. Aceasta include, de asemenea, inventarul, mobilierul artistic \u0219i cl\u0103dirile care apar\u021bin ansamblurilor, cum ar fi casele parohiale, \u0219colile \u0219i c\u0103minele culturale.<\/p>\n\n\n\n<p>Interven\u021biile noastre pornesc de la situa\u021bia din teren, specific\u0103 fiec\u0103rui obiectiv \u0219i sunt discutate cu consistoriile districtuale ale BECAR \u0219i cu reprezentan\u021bii parohiilor evanghelice. \u00cempreun\u0103 ne punem de acord asupra ac\u021biunilor necesare \u0219i posibile \u0219i evalu\u0103m oportunitatea interven\u021biilor.&nbsp; Activit\u0103\u021bile noastre variaz\u0103 de la punerea \u00een siguran\u021b\u0103 \u00een regim de urgen\u021b\u0103 a monumentelor, la lucr\u0103ri de \u00eentre\u021binere \u0219i repara\u021bii, p\u00e2n\u0103 la repara\u021bii complete. Toate lucr\u0103rile sunt precedate de documenta\u021bii de specialitate \u0219i cercet\u0103ri suplimentare.<\/p>\n\n\n\n<p>\u00cen toate activit\u0103\u021bile noastre, ne ghid\u0103m dup\u0103 standardele interna\u021bionale de conservare a monumentelor istorice.<\/p>\n\n\n\n<p><\/p>\n\n\n\n<div style=\"height:30px\" aria-hidden=\"true\" class=\"wp-block-spacer\"><\/div>\n\n\n\n<div class=\"wp-block-cover alignfull is-light has-parallax\" id=\"bauprojekte\"><div class=\"wp-block-cover__image-background wp-image-16524 size-full has-parallax\" style=\"background-position:50% 50%;background-image:url(https:\/\/kirchenburgen.org\/wp-content\/uploads\/2023\/01\/Notprogramm.jpg)\"><\/div><span aria-hidden=\"true\" class=\"wp-block-cover__background has-black-background-color has-background-dim-20 has-background-dim\"><\/span><div class=\"wp-block-cover__inner-container is-layout-flow wp-block-cover-is-layout-flow\">\n<p class=\"has-text-align-center has-white-color has-text-color has-large-font-size\">Abordarea generala<\/p>\n<\/div><\/div>\n\n\n\n<div style=\"height:30px\" aria-hidden=\"true\" class=\"wp-block-spacer\"><\/div>\n\n\n\n<h2 class=\"wp-block-heading\">OFERT\u0102 DE COOPERARE \u0218I ETAPELE COLABOR\u0102RII CU PARTENERII<\/h2>\n\n\n\n<p>Funda\u021bia Biserici Fortificate ofer\u0103 un model structurat de cooperare at\u00e2t pentru parohiile evanghelice, asocia\u021biile de parohii \u0219i protopopiate, c\u00e2t \u0219i pentru diver\u0219i parteneri precum comunit\u0103\u021bile de origine (HOG), organiza\u021biile neguvernamentale (ONG) \u0219i persoanele private.<\/p>\n\n\n\n<h3 class=\"wp-block-heading\">Abordarea noastr\u0103:<\/h3>\n\n\n\n<h3 class=\"wp-block-heading\">1. INFORMA\u021aII INI\u021aIALE \u0218I PACHET DE START<\/h3>\n\n\n\n<p>Solicit\u0103rile sunt primite cu pl\u0103cere \u0219i, dup\u0103 o verificare intern\u0103, primesc un prim pachet informativ. \u00cen plus, \u00eempreun\u0103 cu partenerul se stabilesc obiectivele \u0219i fezabilitatea financiar\u0103 a proiectului de construc\u021bie.<\/p>\n\n\n\n<p>M\u0103surile de interven\u021bie planificate sunt integrate \u00een programele noastre existente, \u00een func\u021bie de posibilit\u0103\u021bile de finan\u021bare \u0219i de obiective, sunt descrise succint \u0219i sunt explicate inclusiv din perspectiva valorific\u0103rii turistice.<\/p>\n\n\n\n<ul class=\"wp-block-list\">\n<li><strong>Program de urgen\u021b\u0103<\/strong> \u2013 de la 2.500 EUR<\/li>\n\n\n\n<li><strong>Program pentru acoperi\u0219uri<\/strong> \u2013 de la 15.000 EUR<\/li>\n\n\n\n<li><strong>Program de restaurare<\/strong> \u2013 \u00een func\u021bie de necesit\u0103\u021bi<\/li>\n<\/ul>\n\n\n\n<p>Aceste prime discu\u021bii de consultan\u021b\u0103 sunt suportate de Funda\u021bia Biserici Fortificate \u0219i sunt gratuite pentru viitorul partener.<\/p>\n\n\n\n<p>Dup\u0103 ce partenerul decide s\u0103 colaboreze cu noi, oferim diverse servicii \u00een domeniul protej\u0103rii monumentelor:<\/p>\n\n\n\n<ul class=\"wp-block-list\">\n<li>Consultan\u021b\u0103 \u00een conservarea monumentelor<\/li>\n\n\n\n<li>Planificare \u0219i management de \u0219antier \u00een domeniul protec\u021biei patrimoniului<\/li>\n\n\n\n<li>Execu\u021bia lucr\u0103rilor (\u00een m\u0103sur\u0103 limitat\u0103)<\/li>\n<\/ul>\n\n\n\n<hr class=\"wp-block-separator has-alpha-channel-opacity\"\/>\n\n\n\n<h3 class=\"wp-block-heading\">2. OFERT\u0102 DETALIAT\u0102<\/h3>\n\n\n\n<p>\u00cen func\u021bie de tipul serviciului, elabor\u0103m un concept tehnic \u0219i turistic. Acesta include descrieri ale degrad\u0103rilor \u0219i m\u0103surilor necesare, pa\u0219ii necesari pentru planificare, autorizare \u0219i execu\u021bie (eventual \u00een colaborare cu un arhitect \u0219i speciali\u0219ti), precum \u0219i un buget.<\/p>\n\n\n\n<h3 class=\"wp-block-heading\">Serviciile noastre:<\/h3>\n\n\n\n<ul class=\"wp-block-list\">\n<li>Roadmap-uri detaliate cu informa\u021bii privind lucr\u0103rile necesare, autoriza\u021biile oficiale, conceptele de utilizare \u0219i promovarea turistic\u0103<\/li>\n\n\n\n<li>Consultan\u021b\u0103 pentru optimizarea costurilor proiectului, economisirea timpului \u0219i cre\u0219terea vizibilit\u0103\u021bii proiectului<\/li>\n\n\n\n<li>Identificarea \u0219i atragerea birourilor de arhitectur\u0103, firmelor de construc\u021bii \u0219i restauratorilor<\/li>\n\n\n\n<li>Administrarea dona\u021biilor (contabilitate \u0219i management de proiect)<\/li>\n\n\n\n<li>Sprijin \u00een promovarea proiectului prin intermediul Funda\u021biei, inclusiv post\u0103ri s\u0103pt\u0103m\u00e2nale pe re\u021belele sociale<\/li>\n<\/ul>\n\n\n\n<p>Pentru serviciile noastre percepem un onorariu forfetar \u00een valoare de 10% din bugetul de proiect stabilit anterior.<\/p>\n\n\n\n<hr class=\"wp-block-separator has-alpha-channel-opacity\"\/>\n\n\n\n<h3 class=\"wp-block-heading\">3. \u00ceNCHEIEREA CONTRACTULUI<\/h3>\n\n\n\n<p>\u00cenainte de \u00eenceperea oric\u0103ror lucr\u0103ri, se \u00eencheie un contract cu obliga\u021bii clar definite pentru ambele p\u0103r\u021bi.<\/p>\n\n\n\n<p>Pentru informa\u021bii suplimentare sau consultan\u021b\u0103 individual\u0103, v\u0103 rug\u0103m s\u0103 ne contacta\u021bi la: <strong><a>office@kirchenburgen.org<\/a><\/strong><\/p>\n\n\n\n<p><\/p>\n\n\n\n<p><\/p>\n\n\n\n<div class=\"wp-block-cover alignfull is-light has-parallax\" id=\"bauprojekte\"><div class=\"wp-block-cover__image-background wp-image-16853 has-parallax\" style=\"background-position:50% 50%;background-image:url(https:\/\/kirchenburgen.org\/wp-content\/uploads\/2023\/02\/valeaviilor05.jpg)\"><\/div><span aria-hidden=\"true\" class=\"wp-block-cover__background has-black-background-color has-background-dim-20 has-background-dim\"><\/span><div class=\"wp-block-cover__inner-container is-layout-flow wp-block-cover-is-layout-flow\">\n<p class=\"has-text-align-center has-white-color has-text-color has-large-font-size\">V\u0103 invit\u0103m s\u0103 dona\u021bi pentru peisajul bisericilor fortificate din Transilvania<\/p>\n<\/div><\/div>\n\n\n\n<div class=\"wp-block-columns is-layout-flex wp-container-core-columns-is-layout-9d6595d7 wp-block-columns-is-layout-flex\">\n<div class=\"wp-block-column is-layout-flow wp-block-column-is-layout-flow\" style=\"flex-basis:66.66%\">\n<p><strong>Pentru dona\u021bii, v\u0103 invit\u0103m s\u0103 utiliza\u021bi urm\u0103torul cont:<\/strong><\/p>\n\n\n\n<p><strong>Romania: cont in Lei<br><\/strong>Titular cont: Fundatia Biserici Fortificate<br>IBAN: IBAN: RO02 BTRL RONC RT03 1735 8401<br>BIC: BTRL RO22<\/p>\n\n\n\n<p>Puteti sustine activitatea Fundatiei Biserici Fortificate si prin redirectionarea a 3.5% din impozitul pe venit.<\/p>\n\n\n\n<p>Completeaz\u0103, semneaz\u0103 \u0219i depune<strong><a rel=\"noreferrer noopener\" href=\"https:\/\/formular230.ro\/fundatia-biserici-fortificate\" target=\"_blank\">&nbsp;formularul 230 online<\/a><\/strong>, \u00eentr-un minut, f\u0103r\u0103 drumuri la ANAF. Trimite-l pe e-mail c\u0103tre adresa&nbsp;<a href=\"mailto:office@kirchenburgen.org\">office@kirchenburgen.org<\/a>. Echipa organiza\u021biei se va ocupa s\u0103 trimit\u0103 formularul la ANAF.<\/p>\n\n\n\n<p>\u00cen cazul \u00een care dori\u021bi s\u0103 trimite\u021bi o dona\u021bie, v\u0103 rug\u0103m s\u0103 indica\u021bi un program din cele de mai sus, un proiect, sau s\u0103 men\u021biona\u021bi \u201eFunda\u021bia Biserici Fortificate\u201c, dac\u0103 suma donat\u0103 poate fi folosit\u0103 pentru derularea activit\u0103\u021bilor Funda\u021biei.<\/p>\n\n\n\n<p>Fiecare donator poate primi o chitan\u021b\u0103 recunoscut\u0103 at\u00e2t de autorit\u0103\u021bile financiare din Germania c\u00e2t \u0219i din Rom\u00e2nia. \u00cen acest scop, v\u0103 rug\u0103m s\u0103 indica\u021bi datele dvs. de contact fie \u00een formularul de transfer bancar, fie pe e-mail la adresa&nbsp;<a href=\"mailto:office@kirchenburgen.org\">office@kirchenburgen.org<\/a>.<\/p>\n<\/div>\n<\/div>\n\n\n\n<p><\/p>\n\n\n\n<div style=\"height:20px\" aria-hidden=\"true\" class=\"wp-block-spacer\"><\/div>\n\n\n\n<div class=\"wp-block-cover alignfull has-parallax\" id=\"bauprojekte\"><div class=\"wp-block-cover__image-background wp-image-16855 size-large has-parallax\" style=\"background-position:50% 50%;background-image:url(https:\/\/kirchenburgen.org\/wp-content\/uploads\/2023\/02\/valeaviilor05-1024x682.jpg)\"><\/div><span aria-hidden=\"true\" class=\"wp-block-cover__background has-black-background-color has-background-dim-20 has-background-dim\"><\/span><div class=\"wp-block-cover__inner-container is-layout-flow wp-block-cover-is-layout-flow\">\n<p class=\"has-text-align-center has-white-color has-text-color has-large-font-size\">Dona\u021bii \u00een scopul major\u0103rii de capital social<\/p>\n<\/div><\/div>\n\n\n\n<div class=\"wp-block-columns is-layout-flex wp-container-core-columns-is-layout-9d6595d7 wp-block-columns-is-layout-flex\">\n<div class=\"wp-block-column is-layout-flow wp-block-column-is-layout-flow\" style=\"flex-basis:66.66%\">\n<h2 class=\"wp-block-heading\">Dona\u021bii \u00een scopul cre\u0219terii capitalului social<\/h2>\n\n\n\n<h4 class=\"wp-block-heading\"><\/h4>\n\n\n\n<p>Dac\u0103 dori\u021bi s\u0103 sprijini\u021bi activitatea Funda\u021biei Biserici Fortificate pe termen lung, v\u0103 rug\u0103m s\u0103 ne ajuta\u021bi f\u0103c\u00e2nd o dona\u021bie \u00een scopul major\u0103rii de capital social. Aceasta intr\u0103 \u00een capitalul nostru social \u0219i astfel cre\u0219te activele funda\u021biei. Cu c\u00e2t aceste active sunt mai mari, cu at\u00e2t mai multe venituri putem genera din ele, pentru a ne finan\u021ba activitatea.<\/p>\n\n\n\n<p><strong>Romania: Dona\u021bii \u00een LEI<br><\/strong>Titular cont: Fundatia Biserici Fortificate<br>IBAN: IBAN: RO02 BTRL RONC RT03 1735 8401<br>BIC: BTRL RO22<\/p>\n\n\n\n<div style=\"height:50px\" aria-hidden=\"true\" class=\"wp-block-spacer\"><\/div>\n<\/div>\n\n\n\n<div class=\"wp-block-column is-layout-flow wp-block-column-is-layout-flow\" style=\"flex-basis:33.33%\">\n<div style=\"height:20px\" aria-hidden=\"true\" class=\"wp-block-spacer\"><\/div>\n\n\n<div class=\"wp-block-image\">\n<figure class=\"aligncenter size-full is-resized\"><img loading=\"lazy\" decoding=\"async\" width=\"700\" height=\"599\" src=\"https:\/\/kirchenburgen.org\/wp-content\/uploads\/2023\/02\/Notfond.jpg\" alt=\"\" class=\"wp-image-17124\" style=\"width:350px;height:300px\" srcset=\"https:\/\/kirchenburgen.org\/wp-content\/uploads\/2023\/02\/Notfond.jpg 700w, https:\/\/kirchenburgen.org\/wp-content\/uploads\/2023\/02\/Notfond-300x257.jpg 300w\" sizes=\"auto, (max-width: 700px) 100vw, 700px\" \/><\/figure><\/div><\/div>\n<\/div>\n\n\n\n<div style=\"height:30px\" aria-hidden=\"true\" class=\"wp-block-spacer\"><\/div>\n","protected":false},"excerpt":{"rendered":"<p>Sarcina noastr\u0103 const\u0103 \u00een salvarea bisericilor (fortificate) aflate \u00een pericol. Aceasta include, de asemenea, inventarul, mobilierul artistic \u0219i cl\u0103dirile care apar\u021bin ansamblurilor, cum ar fi casele parohiale, \u0219colile \u0219i c\u0103minele culturale. Interven\u021biile noastre pornesc de la situa\u021bia din teren, specific\u0103 fiec\u0103rui obiectiv \u0219i sunt discutate cu consistoriile districtuale ale BECAR \u0219i cu reprezentan\u021bii parohiilor evanghelice. [&hellip;]<\/p>\n","protected":false},"author":2,"featured_media":0,"parent":1388,"menu_order":1,"comment_status":"closed","ping_status":"closed","template":"","meta":{"_acf_changed":false,"footnotes":""},"class_list":["post-1860","page","type-page","status-publish","czr-hentry"],"acf":[],"_links":{"self":[{"href":"https:\/\/kirchenburgen.org\/ro\/wp-json\/wp\/v2\/pages\/1860","targetHints":{"allow":["GET"]}}],"collection":[{"href":"https:\/\/kirchenburgen.org\/ro\/wp-json\/wp\/v2\/pages"}],"about":[{"href":"https:\/\/kirchenburgen.org\/ro\/wp-json\/wp\/v2\/types\/page"}],"author":[{"embeddable":true,"href":"https:\/\/kirchenburgen.org\/ro\/wp-json\/wp\/v2\/users\/2"}],"replies":[{"embeddable":true,"href":"https:\/\/kirchenburgen.org\/ro\/wp-json\/wp\/v2\/comments?post=1860"}],"version-history":[{"count":53,"href":"https:\/\/kirchenburgen.org\/ro\/wp-json\/wp\/v2\/pages\/1860\/revisions"}],"predecessor-version":[{"id":22327,"href":"https:\/\/kirchenburgen.org\/ro\/wp-json\/wp\/v2\/pages\/1860\/revisions\/22327"}],"up":[{"embeddable":true,"href":"https:\/\/kirchenburgen.org\/ro\/wp-json\/wp\/v2\/pages\/1388"}],"wp:attachment":[{"href":"https:\/\/kirchenburgen.org\/ro\/wp-json\/wp\/v2\/media?parent=1860"}],"curies":[{"name":"wp","href":"https:\/\/api.w.org\/{rel}","templated":true}]}}