{"id":1862,"date":"2016-06-20T11:08:34","date_gmt":"2016-06-20T11:08:34","guid":{"rendered":"http:\/\/kirchenburgen.org\/ro\/?page_id=1862"},"modified":"2026-04-14T10:17:24","modified_gmt":"2026-04-14T10:17:24","slug":"turism","status":"publish","type":"page","link":"https:\/\/kirchenburgen.org\/ro\/activitati\/turism\/","title":{"rendered":"Turism"},"content":{"rendered":"\n<h4 class=\"wp-block-heading\"><span style=\"color: #333333;\">Funda\u021bia Biserici Fortificate v\u0103 invit\u0103 cu drag \u00een Transilvania!<\/span><\/h4>\n\n\n\n<p>Anul 2026 aduce un program variat \u00een jurul bisericilor fortificate, cu evenimente speciale. Sunt planificate <strong>brunch-uri delicioase, t\u00e2rguri pentru produc\u0103torii locali, precum \u0219i curse de alergare  \u00eentre cet\u0103\u021bi<\/strong>.<\/p>\n\n\n\n<p>Fiecare eveniment are un scop caritabil. Dona\u021biile vor sprijini \u00een mod activ comunit\u0103\u021bile locale \u0219i contribuie la conservarea patrimoniului cultural.<\/p>\n\n\n\n<p>Un an plin de experien\u021be unice \u00een sate istorice \u2013 \u00eenconjurate de peisaje impresionante \u0219i oameni dedica\u021bi.<\/p>\n\n\n\n<div style=\"height:30px\" aria-hidden=\"true\" class=\"wp-block-spacer\"><\/div>\n\n\n\n<div class=\"wp-block-columns alignfull has-background is-layout-flex wp-container-core-columns-is-layout-9d6595d7 wp-block-columns-is-layout-flex\" style=\"background-color:#ebebeb\">\n<div class=\"wp-block-column is-layout-flow wp-block-column-is-layout-flow\">\n<div class=\"wp-block-columns is-layout-flex wp-container-core-columns-is-layout-9d6595d7 wp-block-columns-is-layout-flex\">\n<div class=\"wp-block-column is-layout-flow wp-block-column-is-layout-flow\">\n<figure class=\"wp-block-image size-full\"><img loading=\"lazy\" decoding=\"async\" width=\"720\" height=\"1040\" src=\"https:\/\/kirchenburgen.org\/wp-content\/uploads\/2026\/04\/Afis_Brunches-2026-2.jpeg\" alt=\"\" class=\"wp-image-22534\" srcset=\"https:\/\/kirchenburgen.org\/wp-content\/uploads\/2026\/04\/Afis_Brunches-2026-2.jpeg 720w, https:\/\/kirchenburgen.org\/wp-content\/uploads\/2026\/04\/Afis_Brunches-2026-2-208x300.jpeg 208w, https:\/\/kirchenburgen.org\/wp-content\/uploads\/2026\/04\/Afis_Brunches-2026-2-709x1024.jpeg 709w\" sizes=\"auto, (max-width: 720px) 100vw, 720px\" \/><\/figure>\n<\/div>\n\n\n\n<div class=\"wp-block-column is-layout-flow wp-block-column-is-layout-flow\">\n<h3 class=\"wp-block-heading\">Transylvanian Brunch 2026<\/h3>\n\n\n\n<p>V\u0103 invit\u0103m s\u0103 descoperi\u021bi farmecul satelor noastre pitore\u0219ti, unde bisericile fortificate ascund pove\u0219ti fascinante, iar ini\u021biativele locale au nevoie de sprijinul vostru. Bucura\u021bi-v\u0103 de momente autentice al\u0103turi de noi \u0219i de o mas\u0103 delicioas\u0103 \u00eempreun\u0103!<\/p>\n\n\n\n<p>Transilvanian Brunch este un eveniment caritabil care are scopul de a sus\u021bine eforturile Funda\u021biei Biserici Fortificate pentru p\u0103strarea \u0219i restaurarea monumentelor istorice.<\/p>\n\n\n\n<p>Participarea se poate rezerva cu o lun\u0103 \u00eenainte pe <a href=\"https:\/\/booking.mytransylvania.ro\/?fbclid=IwZXh0bgNhZW0CMTAAAR0t-mEP-f8qqxL-BD9C2DUsQ8BXDXjSl38vblfGiP_KhE7tUxuyWQaKzUs_aem_YkiMeH6LrVouN_dxUUX_1w\" target=\"_blank\" rel=\"noreferrer noopener\">booking.mytransylvania.ro<\/a> unde vor fi publicate cu toate detaliile necesare.<\/p>\n\n\n\n<p><\/p>\n<\/div>\n<\/div>\n<\/div>\n\n\n\n<div class=\"wp-block-column is-layout-flow wp-block-column-is-layout-flow\">\n<div class=\"wp-block-columns is-layout-flex wp-container-core-columns-is-layout-9d6595d7 wp-block-columns-is-layout-flex\">\n<div class=\"wp-block-column is-layout-flow wp-block-column-is-layout-flow\">\n<figure class=\"wp-block-image size-full is-resized\"><img loading=\"lazy\" decoding=\"async\" width=\"720\" height=\"1040\" src=\"https:\/\/kirchenburgen.org\/wp-content\/uploads\/2026\/04\/Afis_Heritage-Run-2026.jpg-1.jpeg\" alt=\"\" class=\"wp-image-22537\" style=\"width:714px;height:auto\" srcset=\"https:\/\/kirchenburgen.org\/wp-content\/uploads\/2026\/04\/Afis_Heritage-Run-2026.jpg-1.jpeg 720w, https:\/\/kirchenburgen.org\/wp-content\/uploads\/2026\/04\/Afis_Heritage-Run-2026.jpg-1-208x300.jpeg 208w, https:\/\/kirchenburgen.org\/wp-content\/uploads\/2026\/04\/Afis_Heritage-Run-2026.jpg-1-709x1024.jpeg 709w\" sizes=\"auto, (max-width: 720px) 100vw, 720px\" \/><\/figure>\n<\/div>\n\n\n\n<div class=\"wp-block-column is-layout-flow wp-block-column-is-layout-flow\">\n<h3 class=\"wp-block-heading\">Concurs de alergare 12.09.2026<\/h3>\n\n\n\n<p>Copsa Mare &#8211; Dupus &#8211; Richis<\/p>\n\n\n\n<p><strong>Inscrieri direct pe <a href=\"https:\/\/www.racehub.ro\" target=\"_blank\" rel=\"noreferrer noopener\">www.racehub.ro<\/a><\/strong><\/p>\n<\/div>\n<\/div>\n<\/div>\n<\/div>\n\n\n\n<div class=\"wp-block-columns alignfull has-background is-layout-flex wp-container-core-columns-is-layout-9d6595d7 wp-block-columns-is-layout-flex\" style=\"background-color:#ebebeb\"><\/div>\n\n\n\n<div style=\"height:30px\" aria-hidden=\"true\" class=\"wp-block-spacer\"><\/div>\n\n\n\n<h4 class=\"wp-block-heading\">Excursii organizate \/ tururi profesionale<\/h4>\n\n\n\n<div style=\"height:10px\" aria-hidden=\"true\" class=\"wp-block-spacer\"><\/div>\n\n\n\n<h3 class=\"wp-block-heading\">2019<\/h3>\n\n\n\n<figure class=\"wp-block-gallery has-nested-images columns-3 is-cropped wp-block-gallery-1 is-layout-flex wp-block-gallery-is-layout-flex\">\n<figure class=\"wp-block-image size-large\"><a href=\"https:\/\/kirchenburgen.org\/wp-content\/uploads\/2016\/02\/DSC_3862_klein.jpg\"><img loading=\"lazy\" decoding=\"async\" width=\"399\" height=\"299\" data-id=\"11303\" src=\"https:\/\/kirchenburgen.org\/wp-content\/uploads\/2016\/02\/DSC_3862_klein.jpg\" alt=\"\" class=\"wp-image-11303\" srcset=\"https:\/\/kirchenburgen.org\/wp-content\/uploads\/2016\/02\/DSC_3862_klein.jpg 399w, https:\/\/kirchenburgen.org\/wp-content\/uploads\/2016\/02\/DSC_3862_klein-300x225.jpg 300w\" sizes=\"auto, (max-width: 399px) 100vw, 399px\" \/><\/a><figcaption class=\"wp-element-caption\">Europa-Uni Viadrina<\/figcaption><\/figure>\n\n\n\n<figure class=\"wp-block-image size-large\"><a href=\"https:\/\/kirchenburgen.org\/wp-content\/uploads\/2022\/03\/IMG-20190621-WA0007-1024x768.jpg\"><img loading=\"lazy\" decoding=\"async\" width=\"1024\" height=\"768\" data-id=\"13543\" src=\"https:\/\/kirchenburgen.org\/wp-content\/uploads\/2022\/03\/IMG-20190621-WA0007-1024x768.jpg\" alt=\"\" class=\"wp-image-13543\" srcset=\"https:\/\/kirchenburgen.org\/wp-content\/uploads\/2022\/03\/IMG-20190621-WA0007-1024x768.jpg 1024w, https:\/\/kirchenburgen.org\/wp-content\/uploads\/2022\/03\/IMG-20190621-WA0007-300x225.jpg 300w, https:\/\/kirchenburgen.org\/wp-content\/uploads\/2022\/03\/IMG-20190621-WA0007-1536x1152.jpg 1536w, https:\/\/kirchenburgen.org\/wp-content\/uploads\/2022\/03\/IMG-20190621-WA0007.jpg 1600w\" sizes=\"auto, (max-width: 1024px) 100vw, 1024px\" \/><\/a><figcaption class=\"wp-element-caption\">HS Coburg + Uni Bamberg<\/figcaption><\/figure>\n\n\n\n<figure class=\"wp-block-image size-large\"><a href=\"https:\/\/kirchenburgen.org\/wp-content\/uploads\/2019\/07\/IMG-20190701-WA0009-1024x768.jpg\"><img loading=\"lazy\" decoding=\"async\" width=\"1024\" height=\"768\" data-id=\"10390\" src=\"https:\/\/kirchenburgen.org\/wp-content\/uploads\/2019\/07\/IMG-20190701-WA0009-1024x768.jpg\" alt=\"\" class=\"wp-image-10390\" srcset=\"https:\/\/kirchenburgen.org\/wp-content\/uploads\/2019\/07\/IMG-20190701-WA0009-1024x768.jpg 1024w, https:\/\/kirchenburgen.org\/wp-content\/uploads\/2019\/07\/IMG-20190701-WA0009-300x225.jpg 300w, https:\/\/kirchenburgen.org\/wp-content\/uploads\/2019\/07\/IMG-20190701-WA0009.jpg 1920w\" sizes=\"auto, (max-width: 1024px) 100vw, 1024px\" \/><\/a><figcaption class=\"wp-element-caption\">HFT Luzern<\/figcaption><\/figure>\n<\/figure>\n\n\n\n<div style=\"height:10px\" aria-hidden=\"true\" class=\"wp-block-spacer\"><\/div>\n\n\n\n<h3 class=\"wp-block-heading\">2018<\/h3>\n\n\n\n<figure class=\"wp-block-gallery has-nested-images columns-3 is-cropped wp-block-gallery-2 is-layout-flex wp-block-gallery-is-layout-flex\">\n<figure class=\"wp-block-image size-large\"><a href=\"https:\/\/kirchenburgen.org\/wp-content\/uploads\/2016\/02\/37382640_10155800676608412_3171790209444478976_n-e1535542545577.jpg\"><img loading=\"lazy\" decoding=\"async\" width=\"1024\" height=\"576\" data-id=\"8195\" src=\"https:\/\/kirchenburgen.org\/wp-content\/uploads\/2016\/02\/37382640_10155800676608412_3171790209444478976_n-e1535542545577-1024x576.jpg\" alt=\"\" class=\"wp-image-8195\" srcset=\"https:\/\/kirchenburgen.org\/wp-content\/uploads\/2016\/02\/37382640_10155800676608412_3171790209444478976_n-e1535542545577-1024x576.jpg 1024w, https:\/\/kirchenburgen.org\/wp-content\/uploads\/2016\/02\/37382640_10155800676608412_3171790209444478976_n-e1535542545577-300x169.jpg 300w, https:\/\/kirchenburgen.org\/wp-content\/uploads\/2016\/02\/37382640_10155800676608412_3171790209444478976_n-e1535542545577.jpg 1600w\" sizes=\"auto, (max-width: 1024px) 100vw, 1024px\" \/><\/a><figcaption class=\"wp-element-caption\">HFT Luzern<\/figcaption><\/figure>\n\n\n\n<figure class=\"wp-block-image size-large\"><a href=\"https:\/\/kirchenburgen.org\/wp-content\/uploads\/2016\/02\/20180516_091403-e1532527156848.jpg\"><img loading=\"lazy\" decoding=\"async\" width=\"1024\" height=\"576\" data-id=\"8183\" src=\"https:\/\/kirchenburgen.org\/wp-content\/uploads\/2016\/02\/20180516_091403-1024x576.jpg\" alt=\"\" class=\"wp-image-8183\"\/><\/a><figcaption class=\"wp-element-caption\">FH Potsdam<\/figcaption><\/figure>\n\n\n\n<figure class=\"wp-block-image size-large\"><a href=\"https:\/\/kirchenburgen.org\/wp-content\/uploads\/2016\/02\/Fachtouristen-in-Trappold.jpg\"><img loading=\"lazy\" decoding=\"async\" width=\"1024\" height=\"576\" data-id=\"8180\" src=\"https:\/\/kirchenburgen.org\/wp-content\/uploads\/2016\/02\/Fachtouristen-in-Trappold-1024x576.jpg\" alt=\"\" class=\"wp-image-8180\" srcset=\"https:\/\/kirchenburgen.org\/wp-content\/uploads\/2016\/02\/Fachtouristen-in-Trappold-1024x576.jpg 1024w, https:\/\/kirchenburgen.org\/wp-content\/uploads\/2016\/02\/Fachtouristen-in-Trappold-300x169.jpg 300w\" sizes=\"auto, (max-width: 1024px) 100vw, 1024px\" \/><\/a><figcaption class=\"wp-element-caption\">Europa-Uni Viadrina<\/figcaption><\/figure>\n\n\n\n<figure class=\"wp-block-image size-large\"><a href=\"https:\/\/kirchenburgen.org\/wp-content\/uploads\/2018\/09\/20180903_133118-e1537782526238.jpg\"><img loading=\"lazy\" decoding=\"async\" width=\"1024\" height=\"576\" data-id=\"8680\" src=\"https:\/\/kirchenburgen.org\/wp-content\/uploads\/2018\/09\/20180903_133118-1024x576.jpg\" alt=\"\" class=\"wp-image-8680\"\/><\/a><figcaption class=\"wp-element-caption\">FH Bern<\/figcaption><\/figure>\n\n\n\n<figure class=\"wp-block-image size-large\"><a href=\"https:\/\/kirchenburgen.org\/wp-content\/uploads\/2018\/10\/20181010_110257-e1539950755143.jpg\"><img loading=\"lazy\" decoding=\"async\" width=\"1024\" height=\"576\" data-id=\"8760\" src=\"https:\/\/kirchenburgen.org\/wp-content\/uploads\/2018\/10\/20181010_110257-1024x576.jpg\" alt=\"\" class=\"wp-image-8760\"\/><\/a><figcaption class=\"wp-element-caption\">Freundeskreis Restauratoren<\/figcaption><\/figure>\n<\/figure>\n\n\n\n<div style=\"height:10px\" aria-hidden=\"true\" class=\"wp-block-spacer\"><\/div>\n\n\n\n<h3 class=\"wp-block-heading\">2017<\/h3>\n\n\n\n<figure class=\"wp-block-gallery has-nested-images columns-3 is-cropped wp-block-gallery-3 is-layout-flex wp-block-gallery-is-layout-flex\">\n<figure class=\"wp-block-image size-full\"><a href=\"https:\/\/kirchenburgen.org\/wp-content\/uploads\/2023\/03\/2017_04_01-c-Alzen-hs-46-e1491890824332.jpg\"><img loading=\"lazy\" decoding=\"async\" width=\"600\" height=\"401\" data-id=\"17211\" src=\"https:\/\/kirchenburgen.org\/wp-content\/uploads\/2023\/03\/2017_04_01-c-Alzen-hs-46-e1491890824332.jpg\" alt=\"\" class=\"wp-image-17211\" srcset=\"https:\/\/kirchenburgen.org\/wp-content\/uploads\/2023\/03\/2017_04_01-c-Alzen-hs-46-e1491890824332.jpg 600w, https:\/\/kirchenburgen.org\/wp-content\/uploads\/2023\/03\/2017_04_01-c-Alzen-hs-46-e1491890824332-300x201.jpg 300w\" sizes=\"auto, (max-width: 600px) 100vw, 600px\" \/><\/a><figcaption class=\"wp-element-caption\">Europa-Uni Viadrina<\/figcaption><\/figure>\n\n\n\n<figure class=\"wp-block-image size-full\"><a href=\"https:\/\/kirchenburgen.org\/wp-content\/uploads\/2023\/03\/20170405_123521-e1492064532444.jpg\"><img loading=\"lazy\" decoding=\"async\" width=\"600\" height=\"399\" data-id=\"17222\" src=\"https:\/\/kirchenburgen.org\/wp-content\/uploads\/2023\/03\/20170405_123521-e1492064532444.jpg\" alt=\"\" class=\"wp-image-17222\" srcset=\"https:\/\/kirchenburgen.org\/wp-content\/uploads\/2023\/03\/20170405_123521-e1492064532444.jpg 600w, https:\/\/kirchenburgen.org\/wp-content\/uploads\/2023\/03\/20170405_123521-e1492064532444-300x200.jpg 300w\" sizes=\"auto, (max-width: 600px) 100vw, 600px\" \/><\/a><figcaption class=\"wp-element-caption\">Bayerische Staatskanzlei<\/figcaption><\/figure>\n\n\n\n<figure class=\"wp-block-image size-large\"><a href=\"https:\/\/kirchenburgen.org\/wp-content\/uploads\/2023\/03\/IMG_20170307_142400-e1535542679580-1024x576.jpg\"><img loading=\"lazy\" decoding=\"async\" width=\"1024\" height=\"576\" data-id=\"17235\" src=\"https:\/\/kirchenburgen.org\/wp-content\/uploads\/2023\/03\/IMG_20170307_142400-e1535542679580-1024x576.jpg\" alt=\"\" class=\"wp-image-17235\" srcset=\"https:\/\/kirchenburgen.org\/wp-content\/uploads\/2023\/03\/IMG_20170307_142400-e1535542679580-1024x576.jpg 1024w, https:\/\/kirchenburgen.org\/wp-content\/uploads\/2023\/03\/IMG_20170307_142400-e1535542679580-300x169.jpg 300w, https:\/\/kirchenburgen.org\/wp-content\/uploads\/2023\/03\/IMG_20170307_142400-e1535542679580-1110x624.jpg 1110w, https:\/\/kirchenburgen.org\/wp-content\/uploads\/2023\/03\/IMG_20170307_142400-e1535542679580-528x297.jpg 528w, https:\/\/kirchenburgen.org\/wp-content\/uploads\/2023\/03\/IMG_20170307_142400-e1535542679580.jpg 1200w\" sizes=\"auto, (max-width: 1024px) 100vw, 1024px\" \/><\/a><figcaption class=\"wp-element-caption\">ELCA<\/figcaption><\/figure>\n<\/figure>\n\n\n\n<div style=\"height:10px\" aria-hidden=\"true\" class=\"wp-block-spacer\"><\/div>\n\n\n\n<h3 class=\"wp-block-heading\">2016<\/h3>\n\n\n\n<figure class=\"wp-block-gallery has-nested-images columns-3 is-cropped wp-block-gallery-4 is-layout-flex wp-block-gallery-is-layout-flex\">\n<figure class=\"wp-block-image size-large\"><a href=\"https:\/\/kirchenburgen.org\/wp-content\/uploads\/2016\/11\/2016_04_SEK2016-e1535542927269.jpg\"><img loading=\"lazy\" decoding=\"async\" width=\"1024\" height=\"356\" data-id=\"3886\" src=\"https:\/\/kirchenburgen.org\/wp-content\/uploads\/2016\/11\/2016_04_SEK2016-1024x356.jpg\" alt=\"\" class=\"wp-image-3886\"\/><\/a><figcaption class=\"wp-element-caption\">Europa-Uni Viadrina<\/figcaption><\/figure>\n\n\n\n<figure class=\"wp-block-image size-large\"><a href=\"https:\/\/kirchenburgen.org\/wp-content\/uploads\/2018\/05\/IMG_0528A-e1535542977312.jpg\"><img loading=\"lazy\" decoding=\"async\" width=\"1024\" height=\"571\" data-id=\"6926\" src=\"https:\/\/kirchenburgen.org\/wp-content\/uploads\/2018\/05\/IMG_0528A-e1535542977312-1024x571.jpg\" alt=\"\" class=\"wp-image-6926\" srcset=\"https:\/\/kirchenburgen.org\/wp-content\/uploads\/2018\/05\/IMG_0528A-e1535542977312-1024x571.jpg 1024w, https:\/\/kirchenburgen.org\/wp-content\/uploads\/2018\/05\/IMG_0528A-e1535542977312-300x167.jpg 300w\" sizes=\"auto, (max-width: 1024px) 100vw, 1024px\" \/><\/a><figcaption class=\"wp-element-caption\">HAWK Hildesheim<\/figcaption><\/figure>\n\n\n\n<figure class=\"wp-block-image size-large\"><a href=\"https:\/\/kirchenburgen.org\/wp-content\/uploads\/2016\/08\/IMG_9700-e1535543018111.jpg\"><img decoding=\"async\" data-id=\"3382\" src=\"https:\/\/kirchenburgen.org\/wp-content\/uploads\/2016\/08\/IMG_9700-1024x683.jpg\" alt=\"\" class=\"wp-image-3382\"\/><\/a><figcaption class=\"wp-element-caption\">Casa Paleologu, Bukarest<\/figcaption><\/figure>\n\n\n\n<figure class=\"wp-block-image size-large\"><a href=\"https:\/\/kirchenburgen.org\/wp-content\/uploads\/2016\/10\/Reichesdorf-e1535543046199.jpg\"><img decoding=\"async\" data-id=\"3530\" src=\"https:\/\/kirchenburgen.org\/wp-content\/uploads\/2016\/10\/Reichesdorf-1024x576.jpg\" alt=\"\" class=\"wp-image-3530\"\/><\/a><figcaption class=\"wp-element-caption\">EKM (Evang. Kirche Mitteldeutschland)<\/figcaption><\/figure>\n\n\n\n<figure class=\"wp-block-image size-large\"><a href=\"https:\/\/kirchenburgen.org\/wp-content\/uploads\/2016\/11\/2016_11_Exkursion_IonMincu-1-e1535543074852.jpg\"><img decoding=\"async\" data-id=\"3858\" src=\"https:\/\/kirchenburgen.org\/wp-content\/uploads\/2016\/11\/2016_11_Exkursion_IonMincu-1-1024x683.jpg\" alt=\"\" class=\"wp-image-3858\"\/><\/a><figcaption class=\"wp-element-caption\">Ion-Mincu-Universit\u00e4t Hermannstadt<\/figcaption><\/figure>\n<\/figure>\n\n\n\n<div style=\"height:30px\" aria-hidden=\"true\" class=\"wp-block-spacer\"><\/div>\n\n\n\n<h3 class=\"wp-block-heading\">Excursii de studiu<\/h3>\n\n\n\n<p>De c\u00e2\u021biva ani, oferim prelegeri pentru grupuri de turi\u0219ti \u00een Transilvania, \u00een incinta Palatului Episcopal din Pia\u021ba Mare din Sibiu, precum \u0219i \u00een alte loca\u021bii alese de ace\u0219tia.<\/p>\n\n\n\n<p>Adaptam con\u021binutul la dorin\u021bele grupului de turi\u0219ti, oferim informa\u021bii despre activitatea Funda\u021biei Biserici Fortificate, o privire de ansamblu asupra situa\u021biei actuale \u00een domeniul conserv\u0103rii monumentelor, precum \u0219i o viziune de ansamblu asupra oportunit\u0103\u021bilor \u0219i provoc\u0103rilor legate de conservarea patrimoniului cultural.<\/p>\n\n\n\n<p>Oferta se adreseaz\u0103, \u00een special, operatorilor de turism care doresc s\u0103 includ\u0103 o vizit\u0103 la Funda\u021bia Biserici Fortificate \u00een programul lor.Personalul biroului funda\u021biei va fi bucuros s\u0103 ofere informa\u021bii \u0219i asisten\u021b\u0103 \u00een orice moment. <a href=\"mailto:office@kirchenburgen.org\">office@kirchenburgen.org<\/a>.<\/p>\n","protected":false},"excerpt":{"rendered":"<p>Funda\u021bia Biserici Fortificate v\u0103 invit\u0103 cu drag \u00een Transilvania! Anul 2026 aduce un program variat \u00een jurul bisericilor fortificate, cu evenimente speciale. Sunt planificate brunch-uri delicioase, t\u00e2rguri pentru produc\u0103torii locali, precum \u0219i curse de alergare \u00eentre cet\u0103\u021bi. Fiecare eveniment are un scop caritabil. Dona\u021biile vor sprijini \u00een mod activ comunit\u0103\u021bile locale \u0219i contribuie la conservarea [&hellip;]<\/p>\n","protected":false},"author":2,"featured_media":0,"parent":1388,"menu_order":0,"comment_status":"closed","ping_status":"closed","template":"","meta":{"_acf_changed":false,"footnotes":""},"class_list":["post-1862","page","type-page","status-publish","czr-hentry"],"acf":[],"_links":{"self":[{"href":"https:\/\/kirchenburgen.org\/ro\/wp-json\/wp\/v2\/pages\/1862","targetHints":{"allow":["GET"]}}],"collection":[{"href":"https:\/\/kirchenburgen.org\/ro\/wp-json\/wp\/v2\/pages"}],"about":[{"href":"https:\/\/kirchenburgen.org\/ro\/wp-json\/wp\/v2\/types\/page"}],"author":[{"embeddable":true,"href":"https:\/\/kirchenburgen.org\/ro\/wp-json\/wp\/v2\/users\/2"}],"replies":[{"embeddable":true,"href":"https:\/\/kirchenburgen.org\/ro\/wp-json\/wp\/v2\/comments?post=1862"}],"version-history":[{"count":63,"href":"https:\/\/kirchenburgen.org\/ro\/wp-json\/wp\/v2\/pages\/1862\/revisions"}],"predecessor-version":[{"id":22567,"href":"https:\/\/kirchenburgen.org\/ro\/wp-json\/wp\/v2\/pages\/1862\/revisions\/22567"}],"up":[{"embeddable":true,"href":"https:\/\/kirchenburgen.org\/ro\/wp-json\/wp\/v2\/pages\/1388"}],"wp:attachment":[{"href":"https:\/\/kirchenburgen.org\/ro\/wp-json\/wp\/v2\/media?parent=1862"}],"curies":[{"name":"wp","href":"https:\/\/api.w.org\/{rel}","templated":true}]}}