{"id":1881,"date":"2016-06-20T12:05:06","date_gmt":"2016-06-20T12:05:06","guid":{"rendered":"http:\/\/kirchenburgen.org\/ro\/?page_id=1881"},"modified":"2023-03-09T13:17:34","modified_gmt":"2023-03-09T13:17:34","slug":"locuri-de-munca","status":"publish","type":"page","link":"https:\/\/kirchenburgen.org\/ro\/implicare\/locuri-de-munca\/","title":{"rendered":"Locuri de munc\u0103"},"content":{"rendered":"\n<div class=\"wp-block-columns is-layout-flex wp-container-core-columns-is-layout-9d6595d7 wp-block-columns-is-layout-flex\">\n<div class=\"wp-block-column is-layout-flow wp-block-column-is-layout-flow\" style=\"flex-basis:100%\">\n<div class=\"wp-block-columns is-layout-flex wp-container-core-columns-is-layout-9d6595d7 wp-block-columns-is-layout-flex\">\n<div class=\"wp-block-column is-layout-flow wp-block-column-is-layout-flow\" style=\"flex-basis:100%\">\n<div class=\"wp-block-columns is-layout-flex wp-container-core-columns-is-layout-9d6595d7 wp-block-columns-is-layout-flex\">\n<div class=\"wp-block-column is-layout-flow wp-block-column-is-layout-flow\" style=\"flex-basis:66.66%\">\n<h4 class=\"wp-block-heading\">Profesioni\u0219ti \u0219i laici<\/h4>\n\n\n\n<p>C\u0103ut\u0103m exper\u021bi \u0219i persoane interesate care doresc s\u0103 ne sprijine \u00een diverse domenii prin munc\u0103 voluntar\u0103. Ave\u021bi o idee concret\u0103 sau o sugestie despre cum a\u021bi dori s\u0103 contribui\u021bi sau s\u0103 ajuta\u021bi \u00een Transilvania sau de la distan\u021b\u0103? <\/p>\n\n\n\n<p><strong>Daca da, a\u0219tept\u0103m cu ner\u0103bdare o <a rel=\"noreferrer noopener\" href=\"mailto:office@kirchenburgen.org\" target=\"_blank\">scrisoare de inten\u021bie<\/a>.&nbsp;<\/strong><\/p>\n\n\n\n<p><\/p>\n\n\n\n<div style=\"height:15px\" aria-hidden=\"true\" class=\"wp-block-spacer\"><\/div>\n\n\n\n<h4 class=\"wp-block-heading\">Stagiari \u0219i voluntari<\/h4>\n\n\n\n<p>Oferim stagiarilor \u0219i voluntarilor posibilitatea de a contribui la conservarea patrimoniului cultural transilv\u0103nean. Cerin\u021ba de baz\u0103 este disponibilitatea de a lucra pentru o perioad\u0103 de cel pu\u021bin \u0219ase s\u0103pt\u0103m\u00e2ni.<\/p>\n\n\n\n<p><strong>Dac\u0103 sunte\u021bi interesat, v\u0103 rug\u0103m s\u0103 contacta\u021bi <a href=\"mailto:office@kirchenburgen.org\">biroul Funda\u021biei<\/a>.<\/strong><\/p>\n\n\n\n<p><\/p>\n\n\n\n<div style=\"height:15px\" aria-hidden=\"true\" class=\"wp-block-spacer\"><\/div>\n\n\n\n<p><\/p>\n\n\n\n<p>&#8222;Pot recomanda Funda\u021bia Biserici Fortificat ca loc de stagiu tuturor celor care sunt interesa\u021bi de activitatea unei organiza\u021bii neguvernamentale \u00eentr-un context multina\u021bional cu un puternic accent regional \u0219i care doresc s\u0103 experimenteze \u00een practic\u0103 diploma\u021bia cultural\u0103 \u00eentr-un mod foarte concret.&#8221;<\/p>\n\n\n\n<p class=\"has-text-align-left\">Muriel Wagner, student\u0103 (Budapesta)<\/p>\n<\/div>\n\n\n\n<div class=\"wp-block-column is-layout-flow wp-block-column-is-layout-flow\" style=\"flex-basis:33.33%\">\n<figure class=\"wp-block-image size-large\"><img loading=\"lazy\" decoding=\"async\" width=\"418\" height=\"626\" src=\"https:\/\/kirchenburgen.org\/wp-content\/uploads\/2022\/03\/Volunteering-993.jpg\" alt=\"\" class=\"wp-image-13820\" srcset=\"https:\/\/kirchenburgen.org\/wp-content\/uploads\/2022\/03\/Volunteering-993.jpg 418w, https:\/\/kirchenburgen.org\/wp-content\/uploads\/2022\/03\/Volunteering-993-200x300.jpg 200w\" sizes=\"auto, (max-width: 418px) 100vw, 418px\" \/><\/figure>\n<\/div>\n<\/div>\n\n\n\n<div style=\"height:35px\" aria-hidden=\"true\" class=\"wp-block-spacer\"><\/div>\n\n\n\n<div class=\"wp-block-columns is-layout-flex wp-container-core-columns-is-layout-9d6595d7 wp-block-columns-is-layout-flex\">\n<div class=\"wp-block-column is-layout-flow wp-block-column-is-layout-flow\"><\/div>\n<\/div>\n<\/div>\n<\/div>\n<\/div>\n<\/div>\n\n\n\n<p><\/p>\n\n\n\n<div style=\"height:1px\" aria-hidden=\"true\" class=\"wp-block-spacer\"><\/div>\n\n\n\n<p><\/p>\n","protected":false},"excerpt":{"rendered":"<p>Profesioni\u0219ti \u0219i laici C\u0103ut\u0103m exper\u021bi \u0219i persoane interesate care doresc s\u0103 ne sprijine \u00een diverse domenii prin munc\u0103 voluntar\u0103. Ave\u021bi o idee concret\u0103 sau o sugestie despre cum a\u021bi dori s\u0103 contribui\u021bi sau s\u0103 ajuta\u021bi \u00een Transilvania sau de la distan\u021b\u0103? Daca da, a\u0219tept\u0103m cu ner\u0103bdare o scrisoare de inten\u021bie.&nbsp; Stagiari \u0219i voluntari Oferim stagiarilor [&hellip;]<\/p>\n","protected":false},"author":2,"featured_media":0,"parent":1402,"menu_order":0,"comment_status":"closed","ping_status":"closed","template":"","meta":{"_acf_changed":false,"footnotes":""},"class_list":["post-1881","page","type-page","status-publish","czr-hentry"],"acf":[],"_links":{"self":[{"href":"https:\/\/kirchenburgen.org\/ro\/wp-json\/wp\/v2\/pages\/1881","targetHints":{"allow":["GET"]}}],"collection":[{"href":"https:\/\/kirchenburgen.org\/ro\/wp-json\/wp\/v2\/pages"}],"about":[{"href":"https:\/\/kirchenburgen.org\/ro\/wp-json\/wp\/v2\/types\/page"}],"author":[{"embeddable":true,"href":"https:\/\/kirchenburgen.org\/ro\/wp-json\/wp\/v2\/users\/2"}],"replies":[{"embeddable":true,"href":"https:\/\/kirchenburgen.org\/ro\/wp-json\/wp\/v2\/comments?post=1881"}],"version-history":[{"count":14,"href":"https:\/\/kirchenburgen.org\/ro\/wp-json\/wp\/v2\/pages\/1881\/revisions"}],"predecessor-version":[{"id":17481,"href":"https:\/\/kirchenburgen.org\/ro\/wp-json\/wp\/v2\/pages\/1881\/revisions\/17481"}],"up":[{"embeddable":true,"href":"https:\/\/kirchenburgen.org\/ro\/wp-json\/wp\/v2\/pages\/1402"}],"wp:attachment":[{"href":"https:\/\/kirchenburgen.org\/ro\/wp-json\/wp\/v2\/media?parent=1881"}],"curies":[{"name":"wp","href":"https:\/\/api.w.org\/{rel}","templated":true}]}}