{"id":20200,"date":"2025-01-21T08:40:08","date_gmt":"2025-01-21T08:40:08","guid":{"rendered":"https:\/\/kirchenburgen.org\/?page_id=20200"},"modified":"2025-01-21T08:40:08","modified_gmt":"2025-01-21T08:40:08","slug":"bisericile-fortificate-in-sala-de-clasa","status":"publish","type":"page","link":"https:\/\/kirchenburgen.org\/ro\/activitati\/educaie\/bisericile-fortificate-in-sala-de-clasa\/","title":{"rendered":"Bisericile fortificate \u00een sala de clas\u0103"},"content":{"rendered":"<p><b>O zi plin\u0103 de descoperiri \u0219i \u00eenv\u0103\u021bare prin joc: Bisericile fortificate \u00een sala de clas\u0103<\/b><\/p>\n<p><span style=\"font-weight: 400;\">\u00cen diminea\u021ba zilei de 21 februarie 2024, programul nostru extraordinar a \u00eenceput cu o primire c\u0103lduroas\u0103 din partea profesoarei Dana Cri\u0219an \u0219i a echipei sale entuziaste de elevi. Sala de clas\u0103 a fost transformat\u0103 rapid \u00eentr-un cerc de \u00eenv\u0103\u021bare dinamic, cu \u0219ase sta\u021bii interactive. \u00cen grupuri mici de c\u00e2te doi sau trei, elevii au explorat tema bisericilor fortificate \u00eentr-un mod ludic \u0219i captivant.<\/span><\/p>\n<p><span style=\"font-weight: 400;\">Fiecare sta\u021bie a oferit o activitate unic\u0103: de la jocuri de c\u0103r\u021bi precum Quartet \u0219i Memory, la asocierea bisericilor fortificate cu loca\u021biile lor pe hart\u0103, la potrivirea planurilor cu bisericile corespunz\u0103toare \u0219i la sortarea termenilor arhitecturali. Varietatea sarcinilor a asigurat entuziasm \u0219i diversitate. Cu 10-15 minute alocate fiec\u0103rei sta\u021bii, a fost suficient timp pentru a lucra concentrat, f\u0103r\u0103 grab\u0103. Elevii p\u0103reau foarte mul\u021bumi\u021bi de acest ritm.<\/span><\/p>\n<p><span style=\"font-weight: 400;\">Ceea ce a impresionat cel mai mult a fost motiva\u021bia \u0219i curiozitatea cu care fiecare copil \u0219i-a abordat sarcinile. \u00cen timpul compar\u0103rii rezultatelor, participan\u021bii au tr\u0103it deseori momente de \u201eaha\u201d, urmate de r\u00e2sete legate de gre\u0219elile lor. \u00cen loc de frustrare, atmosfera a fost relaxat\u0103 \u0219i vesel\u0103, caracterizat\u0103 de spirit de echip\u0103 \u0219i entuziasm.<\/span><\/p>\n<p><span style=\"font-weight: 400;\">Ajutoarele preg\u0103tite pentru vocabular au f\u0103cut ca termenii tehnici s\u0103 fie accesibili, iar elevii nu au ezitat s\u0103 pun\u0103 \u00eentreb\u0103ri suplimentare atunci c\u00e2nd era necesar. Schimbul de idei a fost animat, dar niciodat\u0103 deranjant \u2013 reflect\u00e2nd un interes sincer pentru subiect. Chiar \u0219i dincolo de jocuri, elevii au pus \u00eentreb\u0103ri tematice, care au fost abordate cu entuziasm.<\/span><\/p>\n<p><span style=\"font-weight: 400;\">Profesoara Dana Cri\u0219an \u0219i-a exprimat \u00eenc\u00e2ntarea: \u201eEste minunat s\u0103-mi v\u0103d elevii at\u00e2t de implica\u021bi \u0219i motiva\u021bi. Cu siguran\u021b\u0103 voi include aceste jocuri \u00een lec\u021biile mele \u00een fiecare an.\u201d Elevii, de asemenea, au oferit feedback pozitiv despre activit\u0103\u021bi \u0219i au ar\u0103tat un interes deosebit pentru temele abordate.<\/span><\/p>\n<p><span style=\"font-weight: 400;\">Aceast\u0103 zi special\u0103 a demonstrat c\u00e2t de eficient\u0103 poate fi \u00eenv\u0103\u021barea prin joc \u2013 \u0219i c\u00e2t\u0103 bucurie aduce descoperirea unor lucruri noi \u00eempreun\u0103.<\/span><\/p>\n<p><span style=\"font-weight: 400;\">Acelasi program a fost oferit altor 3 \u0219coli din Sibiu \u0219i Sebe\u0219.<\/span><\/p>\n<p>&nbsp;<\/p>\n<div id='gallery-1' class='czr-gallery row flex-row czr-gallery-style gallery galleryid-20200 gallery-columns-3 gallery-size-large'><figure class='gallery-item col col-auto'>\r\n                        <div class='gallery-icon landscape czr-gallery-icon'>\r\n                              <a data-lb-type=\"grouped-gallery\" href=https:\/\/kirchenburgen.org\/wp-content\/uploads\/2025\/01\/Curciu.jpeg class=\"bg-link\"><\/a><img loading=\"lazy\" decoding=\"async\" width=\"1024\" height=\"768\" src=\"https:\/\/kirchenburgen.org\/wp-content\/uploads\/2025\/01\/Curciu-1024x768.jpeg\" class=\"attachment-large size-large\" alt=\"\" sizes=\"auto, (min-width: 1200px) 255px, (min-width: 992px) 210px, (min-width: 576px) 150px, calc( 50vw - 30px )\" srcset=\"https:\/\/kirchenburgen.org\/wp-content\/uploads\/2025\/01\/Curciu-1024x768.jpeg 1024w, https:\/\/kirchenburgen.org\/wp-content\/uploads\/2025\/01\/Curciu-300x225.jpeg 300w, https:\/\/kirchenburgen.org\/wp-content\/uploads\/2025\/01\/Curciu-1536x1152.jpeg 1536w, https:\/\/kirchenburgen.org\/wp-content\/uploads\/2025\/01\/Curciu.jpeg 1600w\" \/>\r\n                        <\/div><\/figure><figure class='gallery-item col col-auto'>\r\n                        <div class='gallery-icon landscape czr-gallery-icon'>\r\n                              <a data-lb-type=\"grouped-gallery\" href=https:\/\/kirchenburgen.org\/wp-content\/uploads\/2025\/01\/Schulprojekt-1.jpg class=\"bg-link\"><\/a><img loading=\"lazy\" decoding=\"async\" width=\"1024\" height=\"768\" src=\"https:\/\/kirchenburgen.org\/wp-content\/uploads\/2025\/01\/Schulprojekt-1-1024x768.jpg\" class=\"attachment-large size-large\" alt=\"\" sizes=\"auto, (min-width: 1200px) 255px, (min-width: 992px) 210px, (min-width: 576px) 150px, calc( 50vw - 30px )\" srcset=\"https:\/\/kirchenburgen.org\/wp-content\/uploads\/2025\/01\/Schulprojekt-1-1024x768.jpg 1024w, https:\/\/kirchenburgen.org\/wp-content\/uploads\/2025\/01\/Schulprojekt-1-300x225.jpg 300w, https:\/\/kirchenburgen.org\/wp-content\/uploads\/2025\/01\/Schulprojekt-1-1536x1152.jpg 1536w, https:\/\/kirchenburgen.org\/wp-content\/uploads\/2025\/01\/Schulprojekt-1.jpg 1600w\" \/>\r\n                        <\/div><\/figure><figure class='gallery-item col col-auto'>\r\n                        <div class='gallery-icon landscape czr-gallery-icon'>\r\n                              <a data-lb-type=\"grouped-gallery\" href=https:\/\/kirchenburgen.org\/wp-content\/uploads\/2025\/01\/Schulprojekt-2.jpg class=\"bg-link\"><\/a><img loading=\"lazy\" decoding=\"async\" width=\"1024\" height=\"768\" src=\"https:\/\/kirchenburgen.org\/wp-content\/uploads\/2025\/01\/Schulprojekt-2-1024x768.jpg\" class=\"attachment-large size-large\" alt=\"\" sizes=\"auto, (min-width: 1200px) 255px, (min-width: 992px) 210px, (min-width: 576px) 150px, calc( 50vw - 30px )\" srcset=\"https:\/\/kirchenburgen.org\/wp-content\/uploads\/2025\/01\/Schulprojekt-2-1024x768.jpg 1024w, https:\/\/kirchenburgen.org\/wp-content\/uploads\/2025\/01\/Schulprojekt-2-300x225.jpg 300w, https:\/\/kirchenburgen.org\/wp-content\/uploads\/2025\/01\/Schulprojekt-2-1536x1152.jpg 1536w, https:\/\/kirchenburgen.org\/wp-content\/uploads\/2025\/01\/Schulprojekt-2.jpg 1600w\" \/>\r\n                        <\/div><\/figure><figure class='gallery-item col col-auto'>\r\n                        <div class='gallery-icon portrait czr-gallery-icon'>\r\n                              <a data-lb-type=\"grouped-gallery\" href=https:\/\/kirchenburgen.org\/wp-content\/uploads\/2025\/01\/Schulprojekt-1.jpeg class=\"bg-link\"><\/a><img loading=\"lazy\" decoding=\"async\" width=\"768\" height=\"1024\" src=\"https:\/\/kirchenburgen.org\/wp-content\/uploads\/2025\/01\/Schulprojekt-1-768x1024.jpeg\" class=\"attachment-large size-large\" alt=\"\" sizes=\"auto, (min-width: 1200px) 255px, (min-width: 992px) 210px, (min-width: 576px) 150px, calc( 50vw - 30px )\" srcset=\"https:\/\/kirchenburgen.org\/wp-content\/uploads\/2025\/01\/Schulprojekt-1-768x1024.jpeg 768w, https:\/\/kirchenburgen.org\/wp-content\/uploads\/2025\/01\/Schulprojekt-1-225x300.jpeg 225w, https:\/\/kirchenburgen.org\/wp-content\/uploads\/2025\/01\/Schulprojekt-1-1152x1536.jpeg 1152w, https:\/\/kirchenburgen.org\/wp-content\/uploads\/2025\/01\/Schulprojekt-1.jpeg 1200w\" \/>\r\n                        <\/div><\/figure><figure class='gallery-item col col-auto'>\r\n                        <div class='gallery-icon portrait czr-gallery-icon'>\r\n                              <a data-lb-type=\"grouped-gallery\" href=https:\/\/kirchenburgen.org\/wp-content\/uploads\/2025\/01\/featured-image.jpg class=\"bg-link\"><\/a><img loading=\"lazy\" decoding=\"async\" width=\"768\" height=\"1024\" src=\"https:\/\/kirchenburgen.org\/wp-content\/uploads\/2025\/01\/featured-image-768x1024.jpg\" class=\"attachment-large size-large\" alt=\"\" sizes=\"auto, (min-width: 1200px) 255px, (min-width: 992px) 210px, (min-width: 576px) 150px, calc( 50vw - 30px )\" srcset=\"https:\/\/kirchenburgen.org\/wp-content\/uploads\/2025\/01\/featured-image-768x1024.jpg 768w, https:\/\/kirchenburgen.org\/wp-content\/uploads\/2025\/01\/featured-image-225x300.jpg 225w, https:\/\/kirchenburgen.org\/wp-content\/uploads\/2025\/01\/featured-image-1152x1536.jpg 1152w, https:\/\/kirchenburgen.org\/wp-content\/uploads\/2025\/01\/featured-image.jpg 1200w\" \/>\r\n                        <\/div><\/figure><figure class='gallery-item col col-auto'>\r\n                        <div class='gallery-icon portrait czr-gallery-icon'>\r\n                              <a data-lb-type=\"grouped-gallery\" href=https:\/\/kirchenburgen.org\/wp-content\/uploads\/2025\/01\/Schulprojekt-2.jpeg class=\"bg-link\"><\/a><img loading=\"lazy\" decoding=\"async\" width=\"768\" height=\"1024\" src=\"https:\/\/kirchenburgen.org\/wp-content\/uploads\/2025\/01\/Schulprojekt-2-768x1024.jpeg\" class=\"attachment-large size-large\" alt=\"\" sizes=\"auto, (min-width: 1200px) 255px, (min-width: 992px) 210px, (min-width: 576px) 150px, calc( 50vw - 30px )\" srcset=\"https:\/\/kirchenburgen.org\/wp-content\/uploads\/2025\/01\/Schulprojekt-2-768x1024.jpeg 768w, https:\/\/kirchenburgen.org\/wp-content\/uploads\/2025\/01\/Schulprojekt-2-225x300.jpeg 225w, https:\/\/kirchenburgen.org\/wp-content\/uploads\/2025\/01\/Schulprojekt-2-1152x1536.jpeg 1152w, https:\/\/kirchenburgen.org\/wp-content\/uploads\/2025\/01\/Schulprojekt-2.jpeg 1200w\" \/>\r\n                        <\/div><\/figure>\r\n                  <\/div>\n\n","protected":false},"excerpt":{"rendered":"<p>O zi plin\u0103 de descoperiri \u0219i \u00eenv\u0103\u021bare prin joc: Bisericile fortificate \u00een sala de clas\u0103 \u00cen diminea\u021ba zilei de 21 februarie 2024, programul nostru extraordinar a \u00eenceput cu o primire c\u0103lduroas\u0103 din partea profesoarei Dana Cri\u0219an \u0219i a echipei sale entuziaste de elevi. Sala de clas\u0103 a fost transformat\u0103 rapid \u00eentr-un cerc de \u00eenv\u0103\u021bare dinamic, [&hellip;]<\/p>\n","protected":false},"author":2,"featured_media":0,"parent":1426,"menu_order":0,"comment_status":"closed","ping_status":"closed","template":"","meta":{"_acf_changed":false,"footnotes":""},"class_list":["post-20200","page","type-page","status-publish","czr-hentry"],"acf":[],"_links":{"self":[{"href":"https:\/\/kirchenburgen.org\/ro\/wp-json\/wp\/v2\/pages\/20200","targetHints":{"allow":["GET"]}}],"collection":[{"href":"https:\/\/kirchenburgen.org\/ro\/wp-json\/wp\/v2\/pages"}],"about":[{"href":"https:\/\/kirchenburgen.org\/ro\/wp-json\/wp\/v2\/types\/page"}],"author":[{"embeddable":true,"href":"https:\/\/kirchenburgen.org\/ro\/wp-json\/wp\/v2\/users\/2"}],"replies":[{"embeddable":true,"href":"https:\/\/kirchenburgen.org\/ro\/wp-json\/wp\/v2\/comments?post=20200"}],"version-history":[{"count":1,"href":"https:\/\/kirchenburgen.org\/ro\/wp-json\/wp\/v2\/pages\/20200\/revisions"}],"predecessor-version":[{"id":20201,"href":"https:\/\/kirchenburgen.org\/ro\/wp-json\/wp\/v2\/pages\/20200\/revisions\/20201"}],"up":[{"embeddable":true,"href":"https:\/\/kirchenburgen.org\/ro\/wp-json\/wp\/v2\/pages\/1426"}],"wp:attachment":[{"href":"https:\/\/kirchenburgen.org\/ro\/wp-json\/wp\/v2\/media?parent=20200"}],"curies":[{"name":"wp","href":"https:\/\/api.w.org\/{rel}","templated":true}]}}