{"id":3446,"date":"2016-08-19T08:06:34","date_gmt":"2016-08-19T08:06:34","guid":{"rendered":"http:\/\/kirchenburgen.org\/ro\/?page_id=3446"},"modified":"2016-08-19T08:06:34","modified_gmt":"2016-08-19T08:06:34","slug":"imprima","status":"publish","type":"page","link":"https:\/\/kirchenburgen.org\/ro\/imprima\/","title":{"rendered":"Imprima"},"content":{"rendered":"<h3>Adresse:<\/h3>\n<p>Stiftung Kirchenburgen<br \/>\nStr. General Magheru 4 (im Bischofspalais der EKR)<br \/>\nRO-550185 Hermannstadt\/Sibiu<\/p>\n<p>Telefon: 0040 269 221 010<br \/>\nEmail: <a href=\"mailto:office@kirchenburgen.org\" target=\"_blank\">office@kirchenburgen.org<\/a><\/p>\n<p>Vorstand: Friedrich Gunesch<\/p>\n<p>Fotos: Stiftung Kirchenburgen, Stefan Bichler und Stefan Jammer<\/p>\n<p>Webdesign und Administration: <a title=\"Pluspole Kommunikationsagentur Sibiu\" href=\"http:\/\/pluspole.com\/\">www.pluspole.com<\/a><\/p>\n<h3>Hinweise zum Datenschutz<\/h3>\n<p>Ihr Vertrauen ist uns wichtig. Deshalb respektieren wir den Datenschutz und informieren Sie \u00fcber die erhobenen und gespeicherten Daten und Ihre Rechte auf Auskunft, Berichtigung, Sperrung und L\u00f6schung.<\/p>\n<p><b>Datenerhebung und -speicherung<\/b><br \/>\nWenn eine Webseite besucht wird, sendet der Browser grunds\u00e4tzlich Informationen \u00fcber Browsertyp und Browserversion, das verwandte Betriebssystem, die Referrer-URL, die IP-Adresse, den Dateinamen, den Zugriffsstatus, die \u00fcbertragene Datenmenge, das Datum und die Uhrzeit der Serveranfrage. Diese Daten sind weder einer Person noch anderen Datenquellen zuzuordnen und werden zun\u00e4chst gespeichert und nach einer statistischen Auswertung gel\u00f6scht.<\/p>\n<p><b>Cookies<\/b><br \/>\nIhr Browser speichert zudem so genannte Cookies. Dabei handelt es sich um Dateien, die ein Surfen im Internet benutzerfreundlicher gestalten sollen. Das speichern von Cookies kann in den Einstellungen Ihres Browsers ausgeschaltet werden.<\/p>\n<p><b>Auskunft, Berichtigung, Sperrung und L\u00f6schung<\/b><br \/>\nPersonenbezogene Daten werden nur mit Ihrer Einwilligung zur Beantwortung von Anfragen, Abwicklung von Vertr\u00e4gen und der technischen Administration erhoben und f\u00fcr Dritte unzug\u00e4nglich gespeichert. Eine Weitergabe der Daten an Dritte erfolgt nur zum Zweck der Vertragsabwicklung bzw. bei Ihrer Einwilligung, welche jederzeit widerrufen werden kann. Eine Weitergabe oder ein Verkauf der personenbezogenen Daten findet nicht statt.<br \/>\nJederzeit kann von Ihnen Auskunft \u00fcber die gespeicherten Daten, den Zweck der Speicherung und deren Herkunft verlangt werden. Zus\u00e4tzlich besteht nach Ma\u00dfgabe der gesetzlichen Bestimmungen ein Recht auf Berichtigung, Sperrung und L\u00f6schung der personenbezogenen Daten. Eine entsprechende Anfrage bzw. ein Begehren nach Berichtigung, Sperrung oder L\u00f6schung der personenbezogenen Daten ist \u00fcber die auf der Webseite genannten Kontaktdaten m\u00f6glich.<\/p>\n<p><strong>Google Analytics<\/strong><\/p>\n<p>Diese Website benutzt Google Analytics, einen Webanalysedienst der Google Inc. (\u201cGoogle\u201d). Google Analytics verwendet sog. \u201cCookies\u201d, Textdateien, die auf Ihrem Computer gespeichert werden und die eine Analyse der Benutzung der Website durch Sie erm\u00f6glichen.<\/p>\n<p>Die durch den Cookie erzeugten Informationen \u00fcber Ihre Benutzung dieser Website werden in der Regel an einen Server von Google in den USA \u00fcbertragen und dort gespeichert. Im Falle der Aktivierung der IP-Anonymisierung auf dieser Webseite, wird Ihre IP-Adresse von Google jedoch innerhalb von Mitgliedstaaten der Europ\u00e4ischen Union oder in anderen Vertragsstaaten des Abkommens \u00fcber den Europ\u00e4ischen Wirtschaftsraum zuvor gek\u00fcrzt. Nur in Ausnahmef\u00e4llen wird die volle IP-Adresse an einen Server von Google in den USA \u00fcbertragen und dort gek\u00fcrzt.<\/p>\n<p>Im Auftrag des Betreibers dieser Website wird Google diese Informationen benutzen, um Ihre Nutzung der Website auszuwerten, um Reports \u00fcber die Websiteaktivit\u00e4ten zusammenzustellen und um weitere mit der Websitenutzung und der Internetnutzung verbundene Dienstleistungen gegen\u00fcber dem Websitebetreiber zu erbringen. Die im Rahmen von Google Analytics von Ihrem Browser \u00fcbermittelte IP-Adresse wird nicht mit anderen Daten von Google zusammengef\u00fchrt.<\/p>\n<p>Sie k\u00f6nnen die Speicherung der Cookies durch eine entsprechende Einstellung Ihrer Browser-Software verhindern; wir weisen Sie jedoch darauf hin, dass Sie in diesem Fall gegebenenfalls nicht s\u00e4mtliche Funktionen dieser Website vollumf\u00e4nglich werden nutzen k\u00f6nnen. Sie k\u00f6nnen dar\u00fcber hinaus die Erfassung der durch das Cookie erzeugten und auf Ihre Nutzung der Website bezogenen Daten (inkl. Ihrer IP-Adresse) an Google sowie die Verarbeitung dieser Daten durch Google verhindern, indem sie das unter dem folgenden Link verf\u00fcgbare <a href=\"https:\/\/tools.google.com\/dlpage\/gaoptout?hl=de\" target=\"_blank\">Browser-Plugin<\/a> herunterladen und installieren.<\/p>\n<p>&nbsp;<\/p>\n","protected":false},"excerpt":{"rendered":"<p>Adresse: Stiftung Kirchenburgen Str. General Magheru 4 (im Bischofspalais der EKR) RO-550185 Hermannstadt\/Sibiu Telefon: 0040 269 221 010 Email: office@kirchenburgen.org Vorstand: Friedrich Gunesch Fotos: Stiftung Kirchenburgen, Stefan Bichler und Stefan Jammer Webdesign und Administration: www.pluspole.com Hinweise zum Datenschutz Ihr Vertrauen ist uns wichtig. Deshalb respektieren wir den Datenschutz und informieren Sie \u00fcber die erhobenen und [&hellip;]<\/p>\n","protected":false},"author":2,"featured_media":0,"parent":0,"menu_order":0,"comment_status":"closed","ping_status":"closed","template":"","meta":{"_acf_changed":false,"footnotes":""},"class_list":["post-3446","page","type-page","status-publish","czr-hentry"],"acf":[],"_links":{"self":[{"href":"https:\/\/kirchenburgen.org\/ro\/wp-json\/wp\/v2\/pages\/3446","targetHints":{"allow":["GET"]}}],"collection":[{"href":"https:\/\/kirchenburgen.org\/ro\/wp-json\/wp\/v2\/pages"}],"about":[{"href":"https:\/\/kirchenburgen.org\/ro\/wp-json\/wp\/v2\/types\/page"}],"author":[{"embeddable":true,"href":"https:\/\/kirchenburgen.org\/ro\/wp-json\/wp\/v2\/users\/2"}],"replies":[{"embeddable":true,"href":"https:\/\/kirchenburgen.org\/ro\/wp-json\/wp\/v2\/comments?post=3446"}],"version-history":[{"count":2,"href":"https:\/\/kirchenburgen.org\/ro\/wp-json\/wp\/v2\/pages\/3446\/revisions"}],"predecessor-version":[{"id":3448,"href":"https:\/\/kirchenburgen.org\/ro\/wp-json\/wp\/v2\/pages\/3446\/revisions\/3448"}],"wp:attachment":[{"href":"https:\/\/kirchenburgen.org\/ro\/wp-json\/wp\/v2\/media?parent=3446"}],"curies":[{"name":"wp","href":"https:\/\/api.w.org\/{rel}","templated":true}]}}