{"id":4318,"date":"2017-01-17T18:53:19","date_gmt":"2017-01-17T18:53:19","guid":{"rendered":"http:\/\/kirchenburgen.org\/ro\/?page_id=4318"},"modified":"2026-03-04T14:13:44","modified_gmt":"2026-03-04T14:13:44","slug":"program-acoperisuri","status":"publish","type":"page","link":"https:\/\/kirchenburgen.org\/ro\/activitati\/conservare-si-restaurare\/program-acoperisuri\/","title":{"rendered":"Program acoperi\u0219uri"},"content":{"rendered":"\n<div class=\"wp-block-columns is-layout-flex wp-container-core-columns-is-layout-9d6595d7 wp-block-columns-is-layout-flex\">\n<div class=\"wp-block-column is-layout-flow wp-block-column-is-layout-flow\" style=\"flex-basis:66.66%\">\n<p>Programul Acoperi\u0219uri a fost dezvoltat pentru a opri deteriorarea bisericilor fortificate prin intermediul unor m\u0103suri de siguran\u021b\u0103 structural\u0103 relativ simple. Accentul se pune, \u00een principal, pe repararea exteriorului cl\u0103dirii &#8211; adic\u0103 acoperi\u0219urile \u0219i drenajul acoperi\u0219ului, ferestrele \u0219i u\u0219ile, precum \u0219i scurgerea apelor pluviale. \u00cen plus, se iau m\u0103suri \u2013 dac\u0103 este necesar \u0219i posibil &#8211; pentru a combate umiditatea din zid\u0103rie. \u00cen special \u00een cazul acoperi\u0219urilor, daunele minore sunt cele care pot duce la probleme de structur\u0103 la nivelul \u00eentregii cl\u0103diri.<\/p>\n<\/div>\n\n\n\n<div class=\"wp-block-column is-layout-flow wp-block-column-is-layout-flow\" style=\"flex-basis:33.33%\"><div class=\"wp-block-image\">\n<figure class=\"aligncenter size-full is-resized\"><img loading=\"lazy\" decoding=\"async\" width=\"800\" height=\"745\" src=\"https:\/\/kirchenburgen.org\/wp-content\/uploads\/2023\/02\/Dach1A-1.jpg\" alt=\"\" class=\"wp-image-17111\" style=\"width:209px;height:194px\" srcset=\"https:\/\/kirchenburgen.org\/wp-content\/uploads\/2023\/02\/Dach1A-1.jpg 800w, https:\/\/kirchenburgen.org\/wp-content\/uploads\/2023\/02\/Dach1A-1-300x279.jpg 300w, https:\/\/kirchenburgen.org\/wp-content\/uploads\/2023\/02\/Dach1A-1-270x250.jpg 270w\" sizes=\"auto, (max-width: 800px) 100vw, 800px\" \/><\/figure><\/div><\/div>\n<\/div>\n\n\n\n<p>Repara\u021biile sunt menite s\u0103 deschid\u0103 o fereastr\u0103 de zece p\u00e2n\u0103 la cincisprezece ani \u00een care pot fi dezvoltate proiecte de mai mare anvergur\u0103 pentru conservarea bisericilor fortificate \u0219i poate fi atras\u0103 finan\u021barea necesar\u0103.<\/p>\n\n\n\n<p>Funda\u021bia Biserici Fortificate a lucrat \u00een ultimii ani la urm\u0103toarele biserici fortificate, parte din Programul Acoperi\u0219uri:<\/p>\n\n\n\n<p><\/p>\n\n\n\n<div class=\"wp-block-group\"><div class=\"wp-block-group__inner-container is-layout-flow wp-block-group-is-layout-flow\">\n<div style=\"height:20px\" aria-hidden=\"true\" class=\"wp-block-spacer\"><\/div>\n\n\n\n<figure class=\"wp-block-gallery has-nested-images columns-4 is-cropped wp-block-gallery-1 is-layout-flex wp-block-gallery-is-layout-flex\">\n<figure class=\"wp-block-image size-large\"><a href=\"https:\/\/kirchenburgen.org\/ro\/location\/hundertbuecheln-movile\/\"><img loading=\"lazy\" decoding=\"async\" width=\"1024\" height=\"683\" data-id=\"552\" src=\"https:\/\/kirchenburgen.org\/wp-content\/uploads\/2016\/03\/Movile_S.Jammer046-1024x683.jpg\" alt=\"\" class=\"wp-image-552\" srcset=\"https:\/\/kirchenburgen.org\/wp-content\/uploads\/2016\/03\/Movile_S.Jammer046-1024x683.jpg 1024w, https:\/\/kirchenburgen.org\/wp-content\/uploads\/2016\/03\/Movile_S.Jammer046-300x200.jpg 300w, https:\/\/kirchenburgen.org\/wp-content\/uploads\/2016\/03\/Movile_S.Jammer046-768x512.jpg 768w, https:\/\/kirchenburgen.org\/wp-content\/uploads\/2016\/03\/Movile_S.Jammer046.jpg 1200w\" sizes=\"auto, (max-width: 1024px) 100vw, 1024px\" \/><\/a><figcaption class=\"wp-element-caption\"><a href=\"https:\/\/kirchenburgen.org\/ro\/location\/hundertbuecheln-movile\/\">Movile \/ Hundertb\u00fccheln<\/a><\/figcaption><\/figure>\n\n\n\n<figure class=\"wp-block-image size-full\"><a href=\"https:\/\/kirchenburgen.org\/ro\/location\/marienburg-hetiur\/\"><img loading=\"lazy\" decoding=\"async\" width=\"773\" height=\"580\" data-id=\"16623\" src=\"https:\/\/kirchenburgen.org\/wp-content\/uploads\/2023\/01\/marienburg_b_s1_aussen2.jpg\" alt=\"\" class=\"wp-image-16623\" srcset=\"https:\/\/kirchenburgen.org\/wp-content\/uploads\/2023\/01\/marienburg_b_s1_aussen2.jpg 773w, https:\/\/kirchenburgen.org\/wp-content\/uploads\/2023\/01\/marienburg_b_s1_aussen2-300x225.jpg 300w\" sizes=\"auto, (max-width: 773px) 100vw, 773px\" \/><\/a><figcaption class=\"wp-element-caption\"> <a href=\"https:\/\/kirchenburgen.org\/ro\/location\/marienburg-hetiur\/\">Hetiur \/ Marienburg b. Sb.<\/a><\/figcaption><\/figure>\n\n\n\n<figure class=\"wp-block-image size-large\"><a href=\"https:\/\/kirchenburgen.org\/ro\/location\/irmesch-ormenis\/\"><img loading=\"lazy\" decoding=\"async\" width=\"1024\" height=\"768\" data-id=\"16614\" src=\"https:\/\/kirchenburgen.org\/wp-content\/uploads\/2023\/01\/Irmesch_Aussenansicht-1024x768.jpg\" alt=\"\" class=\"wp-image-16614\" srcset=\"https:\/\/kirchenburgen.org\/wp-content\/uploads\/2023\/01\/Irmesch_Aussenansicht-1024x768.jpg 1024w, https:\/\/kirchenburgen.org\/wp-content\/uploads\/2023\/01\/Irmesch_Aussenansicht-300x225.jpg 300w, https:\/\/kirchenburgen.org\/wp-content\/uploads\/2023\/01\/Irmesch_Aussenansicht.jpg 1440w\" sizes=\"auto, (max-width: 1024px) 100vw, 1024px\" \/><\/a><figcaption class=\"wp-element-caption\"><a href=\"https:\/\/kirchenburgen.org\/ro\/location\/irmesch-ormenis\/\">Oremni\u0219 \/ Irmesch<\/a><\/figcaption><\/figure>\n\n\n\n<figure class=\"wp-block-image size-full\"><a href=\"https:\/\/kirchenburgen.org\/ro\/location\/vingard-weingartskirchen-vingard\/\"><img loading=\"lazy\" decoding=\"async\" width=\"581\" height=\"436\" data-id=\"16620\" src=\"https:\/\/kirchenburgen.org\/wp-content\/uploads\/2023\/01\/weingartskirchen0_aussen1_klein.jpg\" alt=\"\" class=\"wp-image-16620\" srcset=\"https:\/\/kirchenburgen.org\/wp-content\/uploads\/2023\/01\/weingartskirchen0_aussen1_klein.jpg 581w, https:\/\/kirchenburgen.org\/wp-content\/uploads\/2023\/01\/weingartskirchen0_aussen1_klein-300x225.jpg 300w\" sizes=\"auto, (max-width: 581px) 100vw, 581px\" \/><\/a><figcaption class=\"wp-element-caption\"><a href=\"https:\/\/kirchenburgen.org\/ro\/location\/vingard-weingartskirchen-vingard\/\">Vingard \/ Weingartskirchen<\/a><\/figcaption><\/figure>\n\n\n\n<figure class=\"wp-block-image size-medium\"><a href=\"https:\/\/kirchenburgen.org\/ro\/location\/braller-bruiu\/\"><img loading=\"lazy\" decoding=\"async\" width=\"300\" height=\"200\" data-id=\"1376\" src=\"https:\/\/kirchenburgen.org\/wp-content\/uploads\/2016\/05\/Bruiu_S.Jammer010-300x200.jpg\" alt=\"\" class=\"wp-image-1376\" srcset=\"https:\/\/kirchenburgen.org\/wp-content\/uploads\/2016\/05\/Bruiu_S.Jammer010-300x200.jpg 300w, https:\/\/kirchenburgen.org\/wp-content\/uploads\/2016\/05\/Bruiu_S.Jammer010.jpg 770w\" sizes=\"auto, (max-width: 300px) 100vw, 300px\" \/><\/a><figcaption class=\"wp-element-caption\"><a href=\"https:\/\/kirchenburgen.org\/ro\/location\/braller-bruiu\/\">Bruiu \/ Bralle<\/a>r<\/figcaption><\/figure>\n\n\n\n<figure class=\"wp-block-image size-medium\"><a href=\"https:\/\/kirchenburgen.org\/ro\/location\/bussd-ei-muehlbach-buzd\/\"><img loading=\"lazy\" decoding=\"async\" width=\"300\" height=\"200\" data-id=\"1296\" src=\"https:\/\/kirchenburgen.org\/wp-content\/uploads\/2016\/05\/busd-300x200.jpg\" alt=\"\" class=\"wp-image-1296\" srcset=\"https:\/\/kirchenburgen.org\/wp-content\/uploads\/2016\/05\/busd-300x200.jpg 300w, https:\/\/kirchenburgen.org\/wp-content\/uploads\/2016\/05\/busd.jpg 770w\" sizes=\"auto, (max-width: 300px) 100vw, 300px\" \/><\/a><figcaption class=\"wp-element-caption\"><a href=\"https:\/\/kirchenburgen.org\/ro\/location\/bussd-ei-muehlbach-buzd\/\">Boz \/ Bu\u00dfd b. Mb.<\/a><\/figcaption><\/figure>\n\n\n\n<figure class=\"wp-block-image size-medium\"><a href=\"https:\/\/kirchenburgen.org\/ro\/location\/valea-lunga-langenthal-hosszuaszo\/\"><img loading=\"lazy\" decoding=\"async\" width=\"300\" height=\"200\" data-id=\"12908\" src=\"https:\/\/kirchenburgen.org\/wp-content\/uploads\/2022\/01\/langenthal6_innen1_klein-300x200.jpg\" alt=\"\" class=\"wp-image-12908\" srcset=\"https:\/\/kirchenburgen.org\/wp-content\/uploads\/2022\/01\/langenthal6_innen1_klein-300x200.jpg 300w, https:\/\/kirchenburgen.org\/wp-content\/uploads\/2022\/01\/langenthal6_innen1_klein-1024x683.jpg 1024w, https:\/\/kirchenburgen.org\/wp-content\/uploads\/2022\/01\/langenthal6_innen1_klein.jpg 1342w\" sizes=\"auto, (max-width: 300px) 100vw, 300px\" \/><\/a><figcaption class=\"wp-element-caption\"><a href=\"https:\/\/kirchenburgen.org\/ro\/location\/valea-lunga-langenthal-hosszuaszo\/\">Valea Lung\u0103 \/ Langenthal<\/a><\/figcaption><\/figure>\n\n\n\n<figure class=\"wp-block-image size-medium\"><a href=\"https:\/\/kirchenburgen.org\/ro\/location\/martinsdorf-metis\/\"><img loading=\"lazy\" decoding=\"async\" width=\"300\" height=\"200\" data-id=\"9277\" src=\"https:\/\/kirchenburgen.org\/wp-content\/uploads\/2018\/12\/Martinsdorf-300x200.jpeg\" alt=\"\" class=\"wp-image-9277\" srcset=\"https:\/\/kirchenburgen.org\/wp-content\/uploads\/2018\/12\/Martinsdorf-300x200.jpeg 300w, https:\/\/kirchenburgen.org\/wp-content\/uploads\/2018\/12\/Martinsdorf.jpeg 448w\" sizes=\"auto, (max-width: 300px) 100vw, 300px\" \/><\/a><figcaption class=\"wp-element-caption\"><a href=\"https:\/\/kirchenburgen.org\/ro\/location\/martinsdorf-metis\/\">Meti\u0219 \/ Martinsdorf<\/a><\/figcaption><\/figure>\n<\/figure>\n\n\n\n<div style=\"height:20px\" aria-hidden=\"true\" class=\"wp-block-spacer\"><\/div>\n<\/div><\/div>\n\n\n\n<p>Comisariatul federal german pentru cultur\u0103 \u0219i mass-media a finan\u021bat implementarea a 13 proiecte \u00een perioada 2019-2023.<\/p>\n\n\n\n<p>Programul Acoperi\u0219uri fost ini\u021biat \u00een anul 2006, de c\u0103tre &#8222;Leitstelle Kirchenburgen&#8221;. Dup\u0103 implementarea cu succes a unui proiect-pilot la biserica fortificat\u0103 din Vurp\u0103r, p\u00e2n\u0103 \u00een 2015 au fost efectuate lucr\u0103ri la 25 de biserici fortificate. \u00cen multe cazuri, aceste repara\u021bii au oferit impulsul pentru dezvoltarea altor proiecte de restaurare \u0219i i-au motivat pe colaboratori s\u0103 se implice personal \u00een conservarea bisericilor fortificate.<\/p>\n\n\n\n<p>Mai multe informa\u021bii despre derularea programului, reg\u0103si\u021bi <a href=\"https:\/\/kirchenburgen.org\/ro\/implicare\/donatii\/\" data-type=\"link\" data-id=\"https:\/\/kirchenburgen.org\/ro\/implicare\/donatii\/\">aici<\/a>.<\/p>\n\n\n<div class=\"wp-block-image\">\n<figure class=\"alignleft size-large is-resized\"><img loading=\"lazy\" decoding=\"async\" width=\"800\" height=\"402\" src=\"https:\/\/kirchenburgen.org\/wp-content\/uploads\/2022\/05\/Logo-BKM_de-copy-1.png\" alt=\"\" class=\"wp-image-15289\" style=\"width:400px;height:201px\" srcset=\"https:\/\/kirchenburgen.org\/wp-content\/uploads\/2022\/05\/Logo-BKM_de-copy-1.png 800w, https:\/\/kirchenburgen.org\/wp-content\/uploads\/2022\/05\/Logo-BKM_de-copy-1-300x151.png 300w\" sizes=\"auto, (max-width: 800px) 100vw, 800px\" \/><\/figure><\/div>","protected":false},"excerpt":{"rendered":"<p>Programul Acoperi\u0219uri a fost dezvoltat pentru a opri deteriorarea bisericilor fortificate prin intermediul unor m\u0103suri de siguran\u021b\u0103 structural\u0103 relativ simple. Accentul se pune, \u00een principal, pe repararea exteriorului cl\u0103dirii &#8211; adic\u0103 acoperi\u0219urile \u0219i drenajul acoperi\u0219ului, ferestrele \u0219i u\u0219ile, precum \u0219i scurgerea apelor pluviale. \u00cen plus, se iau m\u0103suri \u2013 dac\u0103 este necesar \u0219i posibil &#8211; [&hellip;]<\/p>\n","protected":false},"author":2,"featured_media":0,"parent":1860,"menu_order":0,"comment_status":"closed","ping_status":"closed","template":"","meta":{"_acf_changed":false,"footnotes":""},"class_list":["post-4318","page","type-page","status-publish","czr-hentry"],"acf":[],"_links":{"self":[{"href":"https:\/\/kirchenburgen.org\/ro\/wp-json\/wp\/v2\/pages\/4318","targetHints":{"allow":["GET"]}}],"collection":[{"href":"https:\/\/kirchenburgen.org\/ro\/wp-json\/wp\/v2\/pages"}],"about":[{"href":"https:\/\/kirchenburgen.org\/ro\/wp-json\/wp\/v2\/types\/page"}],"author":[{"embeddable":true,"href":"https:\/\/kirchenburgen.org\/ro\/wp-json\/wp\/v2\/users\/2"}],"replies":[{"embeddable":true,"href":"https:\/\/kirchenburgen.org\/ro\/wp-json\/wp\/v2\/comments?post=4318"}],"version-history":[{"count":32,"href":"https:\/\/kirchenburgen.org\/ro\/wp-json\/wp\/v2\/pages\/4318\/revisions"}],"predecessor-version":[{"id":22371,"href":"https:\/\/kirchenburgen.org\/ro\/wp-json\/wp\/v2\/pages\/4318\/revisions\/22371"}],"up":[{"embeddable":true,"href":"https:\/\/kirchenburgen.org\/ro\/wp-json\/wp\/v2\/pages\/1860"}],"wp:attachment":[{"href":"https:\/\/kirchenburgen.org\/ro\/wp-json\/wp\/v2\/media?parent=4318"}],"curies":[{"name":"wp","href":"https:\/\/api.w.org\/{rel}","templated":true}]}}